{"id":10146,"date":"2021-10-18T11:35:52","date_gmt":"2021-10-18T11:35:52","guid":{"rendered":"https:\/\/probarranquilla.org\/?page_id=10146"},"modified":"2021-10-28T15:24:35","modified_gmt":"2021-10-28T15:24:35","slug":"proximamente","status":"publish","type":"page","link":"https:\/\/probarranquilla.org\/en\/proximamente\/","title":{"rendered":"Proximamente"},"content":{"rendered":"<section class=\"wpb-content-wrapper\"><div data-vc-full-width=\"true\" data-vc-full-width-init=\"false\" class=\"vc_row wpb_row vc_row-fluid vc_custom_1634559158799 vc_row-has-fill vc_row-o-full-height vc_row-o-columns-stretch vc_row-o-equal-height vc_row-bg-position-top vc_row-o-content-bottom vc_row-flex\"><div class=\"wpb_column vc_column_container vc_col-sm-12\"><div class=\"vc_column-inner\"><div class=\"wpb_wrapper\"><header class=\"kd-section-title col-lg-12 text-center  subtitle-below-title\" ><h2 class=\"separator_off\" style=\"color: #f2ab2c;\">BARRANQUILLA, CIUDAD INNOVADORA<\/h2><h6 class=\"subtitle\" style=\"color: #000000;\">Son ba\u00f1adas por el Caribe Colombiano. Encontrar\u00e1s varias opciones para relajarte, divertirte y pasar un muy buen rato. Por ejemplo, en el municipio de Puerto Colombia encontramos Sabanilla, Salgar, Solinilla y Pradomar, entre las mas conCurridas. En el municipio de lubara estan Puerto velero, Playa Mendoza, Palmarito y Cano Dulce; en Juan de Acosta estan las playas de santa veronica, Salinas del Rey y Bocatocino.<\/h6><\/header><\/div><\/div><\/div><\/div><div class=\"vc_row-full-width vc_clearfix\"><\/div><div data-vc-full-width=\"true\" data-vc-full-width-init=\"false\" data-vc-stretch-content=\"true\" class=\"vc_row wpb_row vc_row-fluid vc_custom_1635433931780 vc_row-has-padding-left vc_row-has-padding-right vc_column-gap-30 vc_row-o-equal-height vc_row-bg-position-top vc_row-flex\"><div class=\"wpb_column vc_column_container vc_col-sm-4 vc_col-has-fill\"><div class=\"vc_column-inner vc_custom_1635434359977\"><div class=\"wpb_wrapper\"><h5 style=\"color: #f2ab2c;text-align: left\" class=\"vc_custom_heading\" >Caribe Aventura<\/h5>\n\t<div class=\"wpb_text_column wpb_content_element  vc_custom_1635434083690\" >\n\t\t<div class=\"wpb_wrapper\">\n\t\t\t<p style=\"color: white;\">El parque Caribe Aventura es el primer Parque tem\u00e1tico que se construye en la Costa Caribe y su llegada ser\u00eda un motivo m\u00e1s para visitar la ciudad ya que se convertir\u00eda en otro atractivo para el turismo. Est\u00e1 inspirado en los lugares m\u00e1s emblem\u00e1ticos de ta Costa Caribe colombiana<\/p>\n<p><a style=\"color: white; font-size: 17px; text-decoration: underline;\" href=\"#\">Learn more<\/a><\/p>\n\n\t\t<\/div>\n\t<\/div>\n<\/div><\/div><\/div><div class=\"wpb_column vc_column_container vc_col-sm-4 vc_col-has-fill\"><div class=\"vc_column-inner vc_custom_1635434347184\"><div class=\"wpb_wrapper\"><h5 style=\"color: #f2ab2c;text-align: left\" class=\"vc_custom_heading\" >Ci\u00e9naga de Mayorqu\u00edn<\/h5>\n\t<div class=\"wpb_text_column wpb_content_element  vc_custom_1635434233374\" >\n\t\t<div class=\"wpb_wrapper\">\n\t\t\t<p style=\"color: white;\">La ci\u00e9naga de Mallorqu\u00edn es una laguna costera y ecosistema lagunero ubicado en el extremo norte del distrito de Barranquilla, sobre la margen izquierda de la desembocadura del rio Magdalena (Bocas de Ceniza) en el Mar Caribe.<\/p>\n<p><a style=\"color: white; font-size: 17px; text-decoration: underline;\" href=\"#\">Learn more<\/a><\/p>\n\n\t\t<\/div>\n\t<\/div>\n<\/div><\/div><\/div><div class=\"wpb_column vc_column_container vc_col-sm-4 vc_col-has-fill\"><div class=\"vc_column-inner vc_custom_1635434353278\"><div class=\"wpb_wrapper\"><h5 style=\"color: #f2ab2c;text-align: left\" class=\"vc_custom_heading\" >Malec\u00f3n Del Mar (Puerto Colombia)<\/h5>\n\t<div class=\"wpb_text_column wpb_content_element  vc_custom_1635434320392\" >\n\t\t<div class=\"wpb_wrapper\">\n\t\t\t<p style=\"color: white;\">Con el Malec\u00f3n del Mar en Puerto Colombia, la zona costera del Atl\u00e1ntico se convertir\u00e1 en una parada obligatoria entre Cartagena y Santa Marta, con lo que se reactivar\u00e1 la econom\u00eda y se generar\u00e1n 6.600 empleos directos y otros<\/p>\n<p><a style=\"color: white; font-size: 17px; text-decoration: underline;\" href=\"#\">Learn more<\/a><\/p>\n\n\t\t<\/div>\n\t<\/div>\n<\/div><\/div><\/div><\/div><div class=\"vc_row-full-width vc_clearfix\"><\/div><div data-vc-full-width=\"true\" data-vc-full-width-init=\"false\" data-vc-stretch-content=\"true\" class=\"vc_row wpb_row vc_row-fluid vc_custom_1635433931780 vc_row-has-padding-left vc_row-has-padding-right vc_column-gap-30 vc_row-o-equal-height vc_row-bg-position-top vc_row-flex\"><div class=\"wpb_column vc_column_container vc_col-sm-6 vc_col-has-fill\"><div class=\"vc_column-inner vc_custom_1635434611347\"><div class=\"wpb_wrapper\"><h5 style=\"color: #f2ab2c;text-align: left\" class=\"vc_custom_heading\" >Arena del R\u00edo<\/h5>\n\t<div class=\"wpb_text_column wpb_content_element  vc_custom_1635434494561\" >\n\t\t<div class=\"wpb_wrapper\">\n\t\t\t<p style=\"color: white;\">Es la primera estructura integrada para eventos y espect\u00e1culos considerado el primero de su tipo en Am\u00e9rica Latina. Ser\u00e1 un estadio multifuncional y tendr\u00e1 una inversi\u00f3n de 407 millones de d\u00f3lares,. siendo el resultado de la uni\u00f3n de diversos empresarios que est\u00e1n encabezados por Umusic, una alianza entre Universal Music Group y Dakia U Ventures y Two Way Stadiums. Es de 31 hect\u00e1reas y contar\u00e1<\/p>\n<p><a style=\"color: white; font-size: 17px; text-decoration: underline;\" href=\"#\">Learn more<\/a><\/p>\n\n\t\t<\/div>\n\t<\/div>\n<\/div><\/div><\/div><div class=\"wpb_column vc_column_container vc_col-sm-6 vc_col-has-fill\"><div class=\"vc_column-inner vc_custom_1635434666558\"><div class=\"wpb_wrapper\"><h5 style=\"color: #f2ab2c;text-align: left\" class=\"vc_custom_heading\" >Centro deportes n\u00e1uticos<\/h5>\n\t<div class=\"wpb_text_column wpb_content_element  vc_custom_1635434564515\" >\n\t\t<div class=\"wpb_wrapper\">\n\t\t\t<p style=\"color: white;\">El lugar tiene una ubicaci\u00f3n estrat\u00e9gica que conecta al Caribe colombiano para desarrollar la oferta de servicios deportivos, recreativos y tur\u00edsticos. Este ser\u00e1 un centro de alto rendimiento para los deportes n\u00e1uticos, que tendr\u00e1 una reglamentaci\u00f3n como todos los escenarios deportivos. El proyecto cuenta con un total de 2.213 metros cuadrados que incluyen gimnasio,<\/p>\n<p><a style=\"color: white; font-size: 17px; text-decoration: underline;\" href=\"#\">Learn more<\/a><\/p>\n\n\t\t<\/div>\n\t<\/div>\n<\/div><\/div><\/div><\/div><div class=\"vc_row-full-width vc_clearfix\"><\/div><\/section>","protected":false},"excerpt":{"rendered":"BARRANQUILLA, CIUDAD INNOVADORASon ba\u00f1adas por el Caribe Colombiano. Encontrar\u00e1s varias opciones para relajarte, divertirte y pasar un muy buen rato. Por ejemplo, en el municipio de Puerto Colombia encontramos Sabanilla, Salgar, Solinilla y Pradomar, entre las mas conCurridas. En el [...]","protected":false},"author":1,"featured_media":0,"parent":0,"menu_order":0,"comment_status":"closed","ping_status":"closed","template":"","meta":{"_tec_requires_first_save":true,"_EventAllDay":false,"_EventTimezone":"","_EventStartDate":"","_EventEndDate":"","_EventStartDateUTC":"","_EventEndDateUTC":"","_EventShowMap":false,"_EventShowMapLink":false,"_EventURL":"","_EventCost":"","_EventCostDescription":"","_EventCurrencySymbol":"","_EventCurrencyCode":"","_EventCurrencyPosition":"","_EventDateTimeSeparator":"","_EventTimeRangeSeparator":"","_EventOrganizerID":[],"_EventVenueID":[],"_OrganizerEmail":"","_OrganizerPhone":"","_OrganizerWebsite":"","_VenueAddress":"","_VenueCity":"","_VenueCountry":"","_VenueProvince":"","_VenueState":"","_VenueZip":"","_VenuePhone":"","_VenueURL":"","_VenueStateProvince":"","_VenueLat":"","_VenueLng":"","_VenueShowMap":false,"_VenueShowMapLink":false,"_tribe_blocks_recurrence_rules":"","_tribe_blocks_recurrence_description":"","_tribe_blocks_recurrence_exclusions":"","footnotes":""},"class_list":["post-10146","page","type-page","status-publish","hentry"],"acf":[],"yoast_head":"<!-- This site is optimized with the Yoast SEO plugin v27.4 - https:\/\/yoast.com\/product\/yoast-seo-wordpress\/ -->\n<title>Proximamente | ProBarranquilla<\/title>\n<meta name=\"robots\" content=\"index, follow, max-snippet:-1, max-image-preview:large, max-video-preview:-1\" \/>\n<link rel=\"canonical\" href=\"https:\/\/probarranquilla.org\/en\/proximamente\/\" \/>\n<meta property=\"og:locale\" content=\"en_US\" \/>\n<meta property=\"og:type\" content=\"article\" \/>\n<meta property=\"og:title\" content=\"Proximamente | ProBarranquilla\" \/>\n<meta property=\"og:url\" content=\"https:\/\/probarranquilla.org\/en\/proximamente\/\" \/>\n<meta property=\"og:site_name\" content=\"ProBarranquilla\" \/>\n<meta property=\"article:publisher\" content=\"https:\/\/www.facebook.com\/ProBarranquilla\/\" \/>\n<meta property=\"article:modified_time\" content=\"2021-10-28T15:24:35+00:00\" \/>\n<meta property=\"og:image\" content=\"https:\/\/probarranquilla.org\/wp-content\/uploads\/2022\/08\/redes-sociales-probaq-1.png\" \/>\n\t<meta property=\"og:image:width\" content=\"500\" \/>\n\t<meta property=\"og:image:height\" content=\"250\" \/>\n\t<meta property=\"og:image:type\" content=\"image\/png\" \/>\n<meta name=\"twitter:card\" content=\"summary_large_image\" \/>\n<meta name=\"twitter:site\" content=\"@ProBaq\" \/>\n<meta name=\"twitter:label1\" content=\"Est. reading time\" \/>\n\t<meta name=\"twitter:data1\" content=\"4 minutes\" \/>\n<script type=\"application\/ld+json\" class=\"yoast-schema-graph\">{\"@context\":\"https:\\\/\\\/schema.org\",\"@graph\":[{\"@type\":\"WebPage\",\"@id\":\"https:\\\/\\\/probarranquilla.org\\\/proximamente\\\/\",\"url\":\"https:\\\/\\\/probarranquilla.org\\\/proximamente\\\/\",\"name\":\"Proximamente | ProBarranquilla\",\"isPartOf\":{\"@id\":\"https:\\\/\\\/probarranquilla.org\\\/#website\"},\"datePublished\":\"2021-10-18T11:35:52+00:00\",\"dateModified\":\"2021-10-28T15:24:35+00:00\",\"breadcrumb\":{\"@id\":\"https:\\\/\\\/probarranquilla.org\\\/proximamente\\\/#breadcrumb\"},\"inLanguage\":\"en-US\",\"potentialAction\":[{\"@type\":\"ReadAction\",\"target\":[\"https:\\\/\\\/probarranquilla.org\\\/proximamente\\\/\"]}]},{\"@type\":\"BreadcrumbList\",\"@id\":\"https:\\\/\\\/probarranquilla.org\\\/proximamente\\\/#breadcrumb\",\"itemListElement\":[{\"@type\":\"ListItem\",\"position\":1,\"name\":\"Inicio\",\"item\":\"https:\\\/\\\/probarranquilla.org\\\/\"},{\"@type\":\"ListItem\",\"position\":2,\"name\":\"Proximamente\"}]},{\"@type\":\"WebSite\",\"@id\":\"https:\\\/\\\/probarranquilla.org\\\/#website\",\"url\":\"https:\\\/\\\/probarranquilla.org\\\/\",\"name\":\"ProBarranquilla\",\"description\":\"ProBarranquilla\",\"publisher\":{\"@id\":\"https:\\\/\\\/probarranquilla.org\\\/#organization\"},\"potentialAction\":[{\"@type\":\"SearchAction\",\"target\":{\"@type\":\"EntryPoint\",\"urlTemplate\":\"https:\\\/\\\/probarranquilla.org\\\/?s={search_term_string}\"},\"query-input\":{\"@type\":\"PropertyValueSpecification\",\"valueRequired\":true,\"valueName\":\"search_term_string\"}}],\"inLanguage\":\"en-US\"},{\"@type\":\"Organization\",\"@id\":\"https:\\\/\\\/probarranquilla.org\\\/#organization\",\"name\":\"ProBarranquilla\",\"url\":\"https:\\\/\\\/probarranquilla.org\\\/\",\"logo\":{\"@type\":\"ImageObject\",\"inLanguage\":\"en-US\",\"@id\":\"https:\\\/\\\/probarranquilla.org\\\/#\\\/schema\\\/logo\\\/image\\\/\",\"url\":\"https:\\\/\\\/9pcc8a.p3cdn1.secureserver.net\\\/wp-content\\\/uploads\\\/2022\\\/08\\\/redes-sociales-probaq-1.png?time=1669419395\",\"contentUrl\":\"https:\\\/\\\/9pcc8a.p3cdn1.secureserver.net\\\/wp-content\\\/uploads\\\/2022\\\/08\\\/redes-sociales-probaq-1.png?time=1669419395\",\"width\":500,\"height\":250,\"caption\":\"ProBarranquilla\"},\"image\":{\"@id\":\"https:\\\/\\\/probarranquilla.org\\\/#\\\/schema\\\/logo\\\/image\\\/\"},\"sameAs\":[\"https:\\\/\\\/www.facebook.com\\\/ProBarranquilla\\\/\",\"https:\\\/\\\/x.com\\\/ProBaq\"]}]}<\/script>\n<!-- \/ Yoast SEO plugin. -->","yoast_head_json":{"title":"Proximamente | ProBarranquilla","robots":{"index":"index","follow":"follow","max-snippet":"max-snippet:-1","max-image-preview":"max-image-preview:large","max-video-preview":"max-video-preview:-1"},"canonical":"https:\/\/probarranquilla.org\/en\/proximamente\/","og_locale":"en_US","og_type":"article","og_title":"Proximamente | ProBarranquilla","og_url":"https:\/\/probarranquilla.org\/en\/proximamente\/","og_site_name":"ProBarranquilla","article_publisher":"https:\/\/www.facebook.com\/ProBarranquilla\/","article_modified_time":"2021-10-28T15:24:35+00:00","og_image":[{"width":500,"height":250,"url":"https:\/\/probarranquilla.org\/wp-content\/uploads\/2022\/08\/redes-sociales-probaq-1.png","type":"image\/png"}],"twitter_card":"summary_large_image","twitter_site":"@ProBaq","twitter_misc":{"Est. reading time":"4 minutes"},"schema":{"@context":"https:\/\/schema.org","@graph":[{"@type":"WebPage","@id":"https:\/\/probarranquilla.org\/proximamente\/","url":"https:\/\/probarranquilla.org\/proximamente\/","name":"Proximamente | ProBarranquilla","isPartOf":{"@id":"https:\/\/probarranquilla.org\/#website"},"datePublished":"2021-10-18T11:35:52+00:00","dateModified":"2021-10-28T15:24:35+00:00","breadcrumb":{"@id":"https:\/\/probarranquilla.org\/proximamente\/#breadcrumb"},"inLanguage":"en-US","potentialAction":[{"@type":"ReadAction","target":["https:\/\/probarranquilla.org\/proximamente\/"]}]},{"@type":"BreadcrumbList","@id":"https:\/\/probarranquilla.org\/proximamente\/#breadcrumb","itemListElement":[{"@type":"ListItem","position":1,"name":"Inicio","item":"https:\/\/probarranquilla.org\/"},{"@type":"ListItem","position":2,"name":"Proximamente"}]},{"@type":"WebSite","@id":"https:\/\/probarranquilla.org\/#website","url":"https:\/\/probarranquilla.org\/","name":"ProBarranquilla","description":"ProBarranquilla","publisher":{"@id":"https:\/\/probarranquilla.org\/#organization"},"potentialAction":[{"@type":"SearchAction","target":{"@type":"EntryPoint","urlTemplate":"https:\/\/probarranquilla.org\/?s={search_term_string}"},"query-input":{"@type":"PropertyValueSpecification","valueRequired":true,"valueName":"search_term_string"}}],"inLanguage":"en-US"},{"@type":"Organization","@id":"https:\/\/probarranquilla.org\/#organization","name":"ProBarranquilla","url":"https:\/\/probarranquilla.org\/","logo":{"@type":"ImageObject","inLanguage":"en-US","@id":"https:\/\/probarranquilla.org\/#\/schema\/logo\/image\/","url":"https:\/\/9pcc8a.p3cdn1.secureserver.net\/wp-content\/uploads\/2022\/08\/redes-sociales-probaq-1.png?time=1669419395","contentUrl":"https:\/\/9pcc8a.p3cdn1.secureserver.net\/wp-content\/uploads\/2022\/08\/redes-sociales-probaq-1.png?time=1669419395","width":500,"height":250,"caption":"ProBarranquilla"},"image":{"@id":"https:\/\/probarranquilla.org\/#\/schema\/logo\/image\/"},"sameAs":["https:\/\/www.facebook.com\/ProBarranquilla\/","https:\/\/x.com\/ProBaq"]}]}},"_links":{"self":[{"href":"https:\/\/probarranquilla.org\/en\/wp-json\/wp\/v2\/pages\/10146","targetHints":{"allow":["GET"]}}],"collection":[{"href":"https:\/\/probarranquilla.org\/en\/wp-json\/wp\/v2\/pages"}],"about":[{"href":"https:\/\/probarranquilla.org\/en\/wp-json\/wp\/v2\/types\/page"}],"author":[{"embeddable":true,"href":"https:\/\/probarranquilla.org\/en\/wp-json\/wp\/v2\/users\/1"}],"replies":[{"embeddable":true,"href":"https:\/\/probarranquilla.org\/en\/wp-json\/wp\/v2\/comments?post=10146"}],"version-history":[{"count":0,"href":"https:\/\/probarranquilla.org\/en\/wp-json\/wp\/v2\/pages\/10146\/revisions"}],"wp:attachment":[{"href":"https:\/\/probarranquilla.org\/en\/wp-json\/wp\/v2\/media?parent=10146"}],"curies":[{"name":"wp","href":"https:\/\/api.w.org\/{rel}","templated":true}]}}