{"id":11045,"date":"2021-11-19T22:33:44","date_gmt":"2021-11-19T22:33:44","guid":{"rendered":"https:\/\/probarranquilla.org\/?page_id=11045"},"modified":"2021-11-24T21:34:02","modified_gmt":"2021-11-24T21:34:02","slug":"metalmecanico-2","status":"publish","type":"page","link":"https:\/\/probarranquilla.org\/en\/metalmecanico-2\/","title":{"rendered":"Metalmec\u00e1nico"},"content":{"rendered":"<section class=\"wpb-content-wrapper\"><div data-vc-full-width=\"true\" data-vc-full-width-init=\"false\" class=\"vc_row wpb_row vc_row-fluid vc_custom_1637789136719 vc_custom_1637789136721 vc_row-has-fill vc_row-has-padding-top vc_row-has-padding-bottom vc_row-fixed-bg vc_row-bg-position-center vc_row-waves-sep\"><div class=\"kd-overlay\"  style=\"background-color:rgba(3,15,39,0.35);\"><\/div><div class=\"wpb_column vc_column_container vc_col-sm-12\"><div class=\"vc_column-inner\"><div class=\"wpb_wrapper\"><div class=\"vc_row wpb_row vc_inner vc_row-fluid vc_row-bg-position-top\"><div class=\"wpb_column vc_column_container vc_col-sm-12\"><div class=\"vc_column-inner\"><div class=\"wpb_wrapper\"><h3 style=\"font-size: 58px;color: #ffffff;line-height: 58px;text-align: center;font-family:Mrs Saint Delafield;font-weight:400;font-style:normal\" class=\"vc_custom_heading wpb_animate_when_almost_visible wpb_fadeIn fadeIn vc_custom_1637788925040\" ><\/h3><header class=\"kd-section-title col-lg-12 text-center  subtitle-below-title kd-animated fadeIn   vc_custom_1637788814708\" data-animation-delay=\"200\"><h1 class=\"separator_off\" style=\"color: #ffffff;font-size: 60px;line-height: 70px;margin-bottom:35px;\">Metalmec\u00e1nico<\/h1><h6 class=\"subtitle\" style=\"color: #ffffff;font-size:18px;\">Barranquilla y el Atl\u00e1ntico, son el #1 en instalaciones portuarias para manejar acero en Colombia; El 66% del Acero importado en el pa\u00eds ingresa por la Zona Portuaria del Atl\u00e1ntico.<\/h6><\/header><\/div><\/div><\/div><\/div><\/div><\/div><\/div><div class=\"kd-row-separator kd-row-separator-bottom separator-height-large\"><svg class=\"separator-waves\" xmlns=\"http:\/\/www.w3.org\/2000\/svg\" xmlns:xlink=\"http:\/\/www.w3.org\/1999\/xlink\" viewbox=\"0 24 150 28\" preserveaspectratio=\"none\" shape-rendering=\"auto\">\n\t\t\t<defs>\n\t\t\t<path id=\"gentle-wave\" d=\"M-160 44c30 0 58-18 88-18s 58 18 88 18 58-18 88-18 58 18 88 18 v44h-352z\" \/>\n\t\t\t<\/defs>\n\t\t\t<g class=\"separator-waves-parallax\">\n\t\t\t<use xlink:href=\"#gentle-wave\" x=\"48\" y=\"0\" fill=\"#fff\" style=\"opacity:0.7;\" \/>\n\t\t\t<use xlink:href=\"#gentle-wave\" x=\"48\" y=\"3\" fill=\"#fff\" style=\"opacity:0.5;\" \/>\n\t\t\t<use xlink:href=\"#gentle-wave\" x=\"48\" y=\"5\" fill=\"#fff\" style=\"opacity:0.3;\" \/>\n\t\t\t<use xlink:href=\"#gentle-wave\" x=\"48\" y=\"7\" fill=\"#fff\" \/>\n\t\t\t<\/g>\n\t\t\t<\/svg><\/div><div class=\"kd-row-separator-clear\"><\/div><\/div><div class=\"vc_row-full-width vc_clearfix\"><\/div><div class=\"vc_row wpb_row vc_row-fluid vc_custom_1637789481007 vc_custom_1637789481008 vc_row-has-fill vc_row-shadow vc_row-bg-position-center\"><div class=\"wpb_column vc_column_container vc_col-sm-12 vc_col-has-fill\"><div class=\"vc_column-inner vc_custom_1618927449276\"><div class=\"wpb_wrapper\"><div class=\"vc_row wpb_row vc_inner vc_row-fluid vc_custom_1618927475190 vc_row-has-fill vc_row-bg-position-top vc_inner_row-contained\"><div class=\"container\"><div class=\"center-bg wpb_column vc_column_container vc_col-sm-12 vc_col-has-fill\"><div class=\"vc_column-inner vc_custom_1637361764093   vc_custom_1637361764095\"><div class=\"wpb_wrapper\"><div class=\"kd_counter icon-top kd-animated fadeInUp\" data-animation-delay=\"400\"><div class=\"kd_counter_content\"><h4 class=\"kd_counter_number\"><span class=\"kd_number_string\" style=\"color:#27388d;font-size:82px;font-weight:700;\" data-from=\"0\" data-to=\"125\" data-number-format=\"1\" data-refresh-interval=\"50\">0<\/span><span class=\"kd_counter_units\" style=\"color:#27388d;font-size:82px;font-weight:700;\">Kg<\/span><\/h4><div class=\"kd_counter_text\" >El consumo de acero en el territorio per c\u00e1pita.<\/div><\/div><\/div><\/div><\/div><\/div><\/div><\/div><\/div><\/div><\/div><\/div><div data-vc-full-width=\"true\" data-vc-full-width-init=\"false\" data-vc-stretch-content=\"true\" class=\"vc_row wpb_row vc_row-fluid vc_row-no-padding vc_row-bg-position-top\"><div class=\"wpb_column vc_column_container vc_col-sm-12\"><div class=\"vc_column-inner vc_custom_1597665991208\"><div class=\"wpb_wrapper\"><\/div><\/div><\/div><\/div><div class=\"vc_row-full-width vc_clearfix\"><\/div><div data-vc-full-width=\"true\" data-vc-full-width-init=\"false\" class=\"vc_row wpb_row vc_row-fluid vc_custom_1605545055677 vc_custom_1605545055679 vc_custom_1605545055680 vc_custom_1605545055681 vc_row-has-padding-top vc_row-has-padding-bottom vc_row-bg-position-top vc_row-o-content-middle vc_row-flex\"><div class=\"wpb_column vc_column_container vc_col-sm-12\"><div class=\"vc_column-inner\"><div class=\"wpb_wrapper\"><div class=\"vc_row wpb_row vc_inner vc_row-fluid vc_row-bg-position-top vc_row-o-content-middle vc_row-flex\"><div class=\"wpb_column vc_column_container vc_col-sm-12 vc_col-lg-offset-0 vc_col-lg-6 vc_col-md-offset-1 vc_col-sm-offset-1\"><div class=\"vc_column-inner vc_custom_1605176669902 vc_custom_1605176669903 vc_custom_1605176669903 vc_custom_1605176669904\"><div class=\"wpb_wrapper\"><header class=\"kd-section-title col-lg-12 text-left  subtitle-below-title kd-animated fadeIn   vc_custom_1637789632113\" data-animation-delay=\"200\"><h3 class=\"separator_off\" >Este territorio es el principal exportador de productos metalmec\u00e1nicos en el pa\u00eds con un 22,6%, con m\u00e1s de 600 empresas alrededor de esta industria. <br><\/p>\n<p>Despu\u00e9s de qu\u00edmicos, el acero es el <br> sector con m\u00e1s exportaciones en el territorio.<\/h3><\/header><\/div><\/div><\/div><div class=\"wpb_column vc_column_container vc_col-sm-12 vc_col-lg-6 vc_hidden-md vc_hidden-sm\"><div class=\"vc_column-inner vc_custom_1605545107647   vc_custom_1605545107650\"><div class=\"wpb_wrapper\">\n\t<div  class=\"wpb_single_image wpb_content_element vc_align_right  wpb_animate_when_almost_visible wpb_fadeIn fadeIn vc_custom_1637362465594\">\n\t\t\n\t\t<figure class=\"wpb_wrapper vc_figure\">\n\t\t\t<div class=\"vc_single_image-wrapper   vc_box_border_grey\"><img fetchpriority=\"high\" decoding=\"async\" width=\"768\" height=\"512\" src=\"https:\/\/probarranquilla.org\/wp-content\/uploads\/2021\/11\/FotosGober5.jpg\" class=\"vc_single_image-img attachment-large\" alt=\"\" title=\"FotosGober5\" srcset=\"https:\/\/probarranquilla.org\/wp-content\/uploads\/2021\/11\/FotosGober5.jpg 768w, https:\/\/probarranquilla.org\/wp-content\/uploads\/2021\/11\/FotosGober5-300x200.jpg 300w\" sizes=\"(max-width: 768px) 100vw, 768px\" \/><\/div>\n\t\t<\/figure>\n\t<\/div>\n<\/div><\/div><\/div><\/div><\/div><\/div><\/div><\/div><div class=\"vc_row-full-width vc_clearfix\"><\/div>\n<\/section>","protected":false},"excerpt":{"rendered":"Metalmec\u00e1nicoBarranquilla y el Atl\u00e1ntico, son el #1 en instalaciones portuarias para manejar acero en Colombia; El 66% del Acero importado en el pa\u00eds ingresa por la Zona Portuaria del Atl\u00e1ntico. 0KgEl consumo de acero en el territorio per c\u00e1pita.Este territorio [...]","protected":false},"author":1,"featured_media":0,"parent":0,"menu_order":0,"comment_status":"closed","ping_status":"closed","template":"","meta":{"_tec_requires_first_save":true,"_EventAllDay":false,"_EventTimezone":"","_EventStartDate":"","_EventEndDate":"","_EventStartDateUTC":"","_EventEndDateUTC":"","_EventShowMap":false,"_EventShowMapLink":false,"_EventURL":"","_EventCost":"","_EventCostDescription":"","_EventCurrencySymbol":"","_EventCurrencyCode":"","_EventCurrencyPosition":"","_EventDateTimeSeparator":"","_EventTimeRangeSeparator":"","_EventOrganizerID":[],"_EventVenueID":[],"_OrganizerEmail":"","_OrganizerPhone":"","_OrganizerWebsite":"","_VenueAddress":"","_VenueCity":"","_VenueCountry":"","_VenueProvince":"","_VenueState":"","_VenueZip":"","_VenuePhone":"","_VenueURL":"","_VenueStateProvince":"","_VenueLat":"","_VenueLng":"","_VenueShowMap":false,"_VenueShowMapLink":false,"_tribe_blocks_recurrence_rules":"","_tribe_blocks_recurrence_description":"","_tribe_blocks_recurrence_exclusions":"","footnotes":""},"class_list":["post-11045","page","type-page","status-publish","hentry"],"acf":[],"yoast_head":"<!-- This site is optimized with the Yoast SEO plugin v27.5 - https:\/\/yoast.com\/product\/yoast-seo-wordpress\/ -->\n<title>Metalmec\u00e1nico | ProBarranquilla<\/title>\n<meta name=\"robots\" content=\"index, follow, max-snippet:-1, max-image-preview:large, max-video-preview:-1\" \/>\n<link rel=\"canonical\" href=\"https:\/\/probarranquilla.org\/en\/metalmecanico-2\/\" \/>\n<meta property=\"og:locale\" content=\"en_US\" \/>\n<meta property=\"og:type\" content=\"article\" \/>\n<meta property=\"og:title\" content=\"Metalmec\u00e1nico | ProBarranquilla\" \/>\n<meta property=\"og:url\" content=\"https:\/\/probarranquilla.org\/en\/metalmecanico-2\/\" \/>\n<meta property=\"og:site_name\" content=\"ProBarranquilla\" \/>\n<meta property=\"article:publisher\" content=\"https:\/\/www.facebook.com\/ProBarranquilla\/\" \/>\n<meta property=\"article:modified_time\" content=\"2021-11-24T21:34:02+00:00\" \/>\n<meta property=\"og:image\" content=\"https:\/\/probarranquilla.org\/wp-content\/uploads\/2022\/08\/redes-sociales-probaq-1.png\" \/>\n\t<meta property=\"og:image:width\" content=\"500\" \/>\n\t<meta property=\"og:image:height\" content=\"250\" \/>\n\t<meta property=\"og:image:type\" content=\"image\/png\" \/>\n<meta name=\"twitter:card\" content=\"summary_large_image\" \/>\n<meta name=\"twitter:site\" content=\"@ProBaq\" \/>\n<meta name=\"twitter:label1\" content=\"Est. reading time\" \/>\n\t<meta name=\"twitter:data1\" content=\"4 minutes\" \/>\n<script type=\"application\/ld+json\" class=\"yoast-schema-graph\">{\"@context\":\"https:\\\/\\\/schema.org\",\"@graph\":[{\"@type\":\"WebPage\",\"@id\":\"https:\\\/\\\/probarranquilla.org\\\/metalmecanico-2\\\/\",\"url\":\"https:\\\/\\\/probarranquilla.org\\\/metalmecanico-2\\\/\",\"name\":\"Metalmec\u00e1nico | ProBarranquilla\",\"isPartOf\":{\"@id\":\"https:\\\/\\\/probarranquilla.org\\\/#website\"},\"datePublished\":\"2021-11-19T22:33:44+00:00\",\"dateModified\":\"2021-11-24T21:34:02+00:00\",\"breadcrumb\":{\"@id\":\"https:\\\/\\\/probarranquilla.org\\\/metalmecanico-2\\\/#breadcrumb\"},\"inLanguage\":\"en-US\",\"potentialAction\":[{\"@type\":\"ReadAction\",\"target\":[\"https:\\\/\\\/probarranquilla.org\\\/metalmecanico-2\\\/\"]}]},{\"@type\":\"BreadcrumbList\",\"@id\":\"https:\\\/\\\/probarranquilla.org\\\/metalmecanico-2\\\/#breadcrumb\",\"itemListElement\":[{\"@type\":\"ListItem\",\"position\":1,\"name\":\"Inicio\",\"item\":\"https:\\\/\\\/probarranquilla.org\\\/\"},{\"@type\":\"ListItem\",\"position\":2,\"name\":\"Metalmec\u00e1nico\"}]},{\"@type\":\"WebSite\",\"@id\":\"https:\\\/\\\/probarranquilla.org\\\/#website\",\"url\":\"https:\\\/\\\/probarranquilla.org\\\/\",\"name\":\"ProBarranquilla\",\"description\":\"ProBarranquilla\",\"publisher\":{\"@id\":\"https:\\\/\\\/probarranquilla.org\\\/#organization\"},\"potentialAction\":[{\"@type\":\"SearchAction\",\"target\":{\"@type\":\"EntryPoint\",\"urlTemplate\":\"https:\\\/\\\/probarranquilla.org\\\/?s={search_term_string}\"},\"query-input\":{\"@type\":\"PropertyValueSpecification\",\"valueRequired\":true,\"valueName\":\"search_term_string\"}}],\"inLanguage\":\"en-US\"},{\"@type\":\"Organization\",\"@id\":\"https:\\\/\\\/probarranquilla.org\\\/#organization\",\"name\":\"ProBarranquilla\",\"url\":\"https:\\\/\\\/probarranquilla.org\\\/\",\"logo\":{\"@type\":\"ImageObject\",\"inLanguage\":\"en-US\",\"@id\":\"https:\\\/\\\/probarranquilla.org\\\/#\\\/schema\\\/logo\\\/image\\\/\",\"url\":\"https:\\\/\\\/9pcc8a.p3cdn1.secureserver.net\\\/wp-content\\\/uploads\\\/2022\\\/08\\\/redes-sociales-probaq-1.png?time=1669419395\",\"contentUrl\":\"https:\\\/\\\/9pcc8a.p3cdn1.secureserver.net\\\/wp-content\\\/uploads\\\/2022\\\/08\\\/redes-sociales-probaq-1.png?time=1669419395\",\"width\":500,\"height\":250,\"caption\":\"ProBarranquilla\"},\"image\":{\"@id\":\"https:\\\/\\\/probarranquilla.org\\\/#\\\/schema\\\/logo\\\/image\\\/\"},\"sameAs\":[\"https:\\\/\\\/www.facebook.com\\\/ProBarranquilla\\\/\",\"https:\\\/\\\/x.com\\\/ProBaq\"]}]}<\/script>\n<!-- \/ Yoast SEO plugin. -->","yoast_head_json":{"title":"Metalmec\u00e1nico | ProBarranquilla","robots":{"index":"index","follow":"follow","max-snippet":"max-snippet:-1","max-image-preview":"max-image-preview:large","max-video-preview":"max-video-preview:-1"},"canonical":"https:\/\/probarranquilla.org\/en\/metalmecanico-2\/","og_locale":"en_US","og_type":"article","og_title":"Metalmec\u00e1nico | ProBarranquilla","og_url":"https:\/\/probarranquilla.org\/en\/metalmecanico-2\/","og_site_name":"ProBarranquilla","article_publisher":"https:\/\/www.facebook.com\/ProBarranquilla\/","article_modified_time":"2021-11-24T21:34:02+00:00","og_image":[{"width":500,"height":250,"url":"https:\/\/probarranquilla.org\/wp-content\/uploads\/2022\/08\/redes-sociales-probaq-1.png","type":"image\/png"}],"twitter_card":"summary_large_image","twitter_site":"@ProBaq","twitter_misc":{"Est. reading time":"4 minutes"},"schema":{"@context":"https:\/\/schema.org","@graph":[{"@type":"WebPage","@id":"https:\/\/probarranquilla.org\/metalmecanico-2\/","url":"https:\/\/probarranquilla.org\/metalmecanico-2\/","name":"Metalmec\u00e1nico | ProBarranquilla","isPartOf":{"@id":"https:\/\/probarranquilla.org\/#website"},"datePublished":"2021-11-19T22:33:44+00:00","dateModified":"2021-11-24T21:34:02+00:00","breadcrumb":{"@id":"https:\/\/probarranquilla.org\/metalmecanico-2\/#breadcrumb"},"inLanguage":"en-US","potentialAction":[{"@type":"ReadAction","target":["https:\/\/probarranquilla.org\/metalmecanico-2\/"]}]},{"@type":"BreadcrumbList","@id":"https:\/\/probarranquilla.org\/metalmecanico-2\/#breadcrumb","itemListElement":[{"@type":"ListItem","position":1,"name":"Inicio","item":"https:\/\/probarranquilla.org\/"},{"@type":"ListItem","position":2,"name":"Metalmec\u00e1nico"}]},{"@type":"WebSite","@id":"https:\/\/probarranquilla.org\/#website","url":"https:\/\/probarranquilla.org\/","name":"ProBarranquilla","description":"ProBarranquilla","publisher":{"@id":"https:\/\/probarranquilla.org\/#organization"},"potentialAction":[{"@type":"SearchAction","target":{"@type":"EntryPoint","urlTemplate":"https:\/\/probarranquilla.org\/?s={search_term_string}"},"query-input":{"@type":"PropertyValueSpecification","valueRequired":true,"valueName":"search_term_string"}}],"inLanguage":"en-US"},{"@type":"Organization","@id":"https:\/\/probarranquilla.org\/#organization","name":"ProBarranquilla","url":"https:\/\/probarranquilla.org\/","logo":{"@type":"ImageObject","inLanguage":"en-US","@id":"https:\/\/probarranquilla.org\/#\/schema\/logo\/image\/","url":"https:\/\/9pcc8a.p3cdn1.secureserver.net\/wp-content\/uploads\/2022\/08\/redes-sociales-probaq-1.png?time=1669419395","contentUrl":"https:\/\/9pcc8a.p3cdn1.secureserver.net\/wp-content\/uploads\/2022\/08\/redes-sociales-probaq-1.png?time=1669419395","width":500,"height":250,"caption":"ProBarranquilla"},"image":{"@id":"https:\/\/probarranquilla.org\/#\/schema\/logo\/image\/"},"sameAs":["https:\/\/www.facebook.com\/ProBarranquilla\/","https:\/\/x.com\/ProBaq"]}]}},"_links":{"self":[{"href":"https:\/\/probarranquilla.org\/en\/wp-json\/wp\/v2\/pages\/11045","targetHints":{"allow":["GET"]}}],"collection":[{"href":"https:\/\/probarranquilla.org\/en\/wp-json\/wp\/v2\/pages"}],"about":[{"href":"https:\/\/probarranquilla.org\/en\/wp-json\/wp\/v2\/types\/page"}],"author":[{"embeddable":true,"href":"https:\/\/probarranquilla.org\/en\/wp-json\/wp\/v2\/users\/1"}],"replies":[{"embeddable":true,"href":"https:\/\/probarranquilla.org\/en\/wp-json\/wp\/v2\/comments?post=11045"}],"version-history":[{"count":0,"href":"https:\/\/probarranquilla.org\/en\/wp-json\/wp\/v2\/pages\/11045\/revisions"}],"wp:attachment":[{"href":"https:\/\/probarranquilla.org\/en\/wp-json\/wp\/v2\/media?parent=11045"}],"curies":[{"name":"wp","href":"https:\/\/api.w.org\/{rel}","templated":true}]}}