{"id":11525,"date":"2021-11-26T23:08:04","date_gmt":"2021-11-26T23:08:04","guid":{"rendered":"https:\/\/probarranquilla.org\/?page_id=11525"},"modified":"2022-12-13T16:53:15","modified_gmt":"2022-12-13T21:53:15","slug":"revista-destino","status":"publish","type":"page","link":"https:\/\/probarranquilla.org\/en\/revista-destino\/","title":{"rendered":"Destino Magazine"},"content":{"rendered":"<section class=\"wpb-content-wrapper\"><div data-vc-full-width=\"true\" data-vc-full-width-init=\"false\" class=\"vc_row wpb_row vc_row-fluid vc_custom_1659987656486 vc_row-bg-position-top\"><div class=\"wpb_column vc_column_container vc_col-sm-12\"><div class=\"vc_column-inner\"><div class=\"wpb_wrapper\"><header class=\"kd-section-title vc_col-lg-6 vc_col-sm-8 text-center solid-line sep-border-width-2  subtitle-below-title kd-animated fadeIn   vc_custom_1659987635418\" data-animation-delay=\"200\"><div class=\"kd-separator below_title\" ><div class=\"kd-separator-line\" ><\/div><\/div><h6 class=\"subtitle\" >Una ventana informativa que resalta lo mejor de nuestro DESTINO,  nuestros atributos, ventajas competitivas, la gesti\u00f3n p\u00fablica y la inversi\u00f3n.<\/h6><\/header><\/div><\/div><\/div><\/div><div class=\"vc_row-full-width vc_clearfix\"><\/div><div data-vc-full-width=\"true\" data-vc-full-width-init=\"false\" class=\"vc_row wpb_row vc_row-fluid vc_custom_1659629065014 vc_row-has-padding-top vc_row-bg-position-top\"><div class=\"wpb_column vc_column_container vc_col-sm-12\"><div class=\"vc_column-inner vc_custom_1516008233239\"><div class=\"wpb_wrapper\"><div class=\"vc_row wpb_row vc_inner vc_row-fluid vc_custom_1659629107698 vc_custom_1659629107699 vc_row-bg-position-top\"><div class=\"wpb_column vc_column_container vc_col-sm-4\"><div class=\"vc_column-inner   vc_custom_1617894474157 vc_custom_1617894474157\"><div class=\"wpb_wrapper\"><div class=\"key-icon-box icon-default icon-top cont-left ib-hover-1    with-border   kd-animated fadeInUp\" style=\"background-color: #f7f7f7;border: 1px solid #e7e7e7;margin-bottom:30px;\" data-animation-delay=\"200\"><div class=\"fullwidth-image\"><div class=\"tt-iconbox-customimg\"><img fetchpriority=\"high\" decoding=\"async\" width=\"800\" height=\"440\" src=\"https:\/\/probarranquilla.org\/wp-content\/uploads\/2022\/11\/portada-destino2022.jpg\" class=\"attachment-full\" alt=\"\" title=\"portada-destino2022\" srcset=\"https:\/\/probarranquilla.org\/wp-content\/uploads\/2022\/11\/portada-destino2022.jpg 800w, https:\/\/probarranquilla.org\/wp-content\/uploads\/2022\/11\/portada-destino2022-300x165.jpg 300w, https:\/\/probarranquilla.org\/wp-content\/uploads\/2022\/11\/portada-destino2022-768x422.jpg 768w, https:\/\/probarranquilla.org\/wp-content\/uploads\/2022\/11\/portada-destino2022-18x10.jpg 18w\" sizes=\"(max-width: 800px) 100vw, 800px\" \/><\/div><\/div><div class=\"ib-wrapper\" style=\"padding-top:40px;padding-bottom:40px;padding-left:60px;padding-right:60px;background-color:#f7f7f7;\"><h4 class=\"service-heading\" >Revista Destino 2022<\/h4><div class=\"ib-button-wrapper\"><a class=\"tt_button tt_primary_button btn_secondary_color hover_solid_primary\" href=\"https:\/\/probarranquilla.org\/wp-content\/uploads\/2022\/12\/Revista-nueva-2022-destino.pdf\" target=\"_self\">Descargar<\/a><\/div><\/div><\/div><\/div><\/div><\/div><div class=\"wpb_column vc_column_container vc_col-sm-4\"><div class=\"vc_column-inner   vc_custom_1617894477724 vc_custom_1617894477724\"><div class=\"wpb_wrapper\"><div class=\"key-icon-box icon-default icon-top cont-left ib-hover-1    with-border   kd-animated fadeInUp\" style=\"background-color: #f7f7f7;border: 1px solid #e7e7e7;margin-bottom:30px;\" data-animation-delay=\"200\"><div class=\"fullwidth-image\"><div class=\"tt-iconbox-customimg\"><img decoding=\"async\" width=\"800\" height=\"440\" src=\"https:\/\/probarranquilla.org\/wp-content\/uploads\/2022\/01\/portada-2021-revista-destino.jpg\" class=\"attachment-full\" alt=\"\" title=\"portada-2021-revista-destino\" srcset=\"https:\/\/probarranquilla.org\/wp-content\/uploads\/2022\/01\/portada-2021-revista-destino.jpg 800w, https:\/\/probarranquilla.org\/wp-content\/uploads\/2022\/01\/portada-2021-revista-destino-300x165.jpg 300w, https:\/\/probarranquilla.org\/wp-content\/uploads\/2022\/01\/portada-2021-revista-destino-768x422.jpg 768w\" sizes=\"(max-width: 800px) 100vw, 800px\" \/><\/div><\/div><div class=\"ib-wrapper\" style=\"padding-top:40px;padding-bottom:40px;padding-left:60px;padding-right:60px;background-color:#f7f7f7;\"><h4 class=\"service-heading\" >Revista Destino 2021<\/h4><div class=\"ib-button-wrapper\"><a class=\"tt_button tt_primary_button btn_secondary_color hover_solid_primary\" href=\"https:\/\/probarranquilla.org\/wp-content\/uploads\/2022\/01\/Revista-destino-2021_compressed-1.pdf\" target=\"_self\">Descargar<\/a><\/div><\/div><\/div><\/div><\/div><\/div><div class=\"wpb_column vc_column_container vc_col-sm-4\"><div class=\"vc_column-inner   vc_custom_1617894482379 vc_custom_1617894482380\"><div class=\"wpb_wrapper\"><div class=\"key-icon-box icon-default icon-top cont-left ib-hover-1    with-border   kd-animated fadeInUp\" style=\"background-color: #f7f7f7;border: 1px solid #e7e7e7;margin-bottom:30px;\" data-animation-delay=\"200\"><div class=\"fullwidth-image\"><div class=\"tt-iconbox-customimg\"><img decoding=\"async\" width=\"800\" height=\"440\" src=\"https:\/\/probarranquilla.org\/wp-content\/uploads\/2021\/11\/portada-4.jpg\" class=\"attachment-full\" alt=\"\" title=\"portada-4\" srcset=\"https:\/\/probarranquilla.org\/wp-content\/uploads\/2021\/11\/portada-4.jpg 800w, https:\/\/probarranquilla.org\/wp-content\/uploads\/2021\/11\/portada-4-300x165.jpg 300w, https:\/\/probarranquilla.org\/wp-content\/uploads\/2021\/11\/portada-4-768x422.jpg 768w\" sizes=\"(max-width: 800px) 100vw, 800px\" \/><\/div><\/div><div class=\"ib-wrapper\" style=\"padding-top:40px;padding-bottom:40px;padding-left:60px;padding-right:60px;background-color:#f7f7f7;\"><h4 class=\"service-heading\" >Revista Destino 2020<\/h4><div class=\"ib-button-wrapper\"><a class=\"tt_button tt_primary_button btn_secondary_color hover_solid_primary\" href=\"https:\/\/probarranquilla.org\/wp-content\/uploads\/2021\/11\/revista-destino-2020-_compressed.pdf\" target=\"_self\">Descargar<\/a><\/div><\/div><\/div><\/div><\/div><\/div><\/div><\/div><\/div><\/div><\/div><div class=\"vc_row-full-width vc_clearfix\"><\/div><div data-vc-full-width=\"true\" data-vc-full-width-init=\"false\" class=\"vc_row wpb_row vc_row-fluid vc_custom_1637969110675 vc_row-has-padding-top vc_row-bg-position-top\"><div class=\"wpb_column vc_column_container vc_col-sm-12\"><div class=\"vc_column-inner vc_custom_1516008233239\"><div class=\"wpb_wrapper\"><div class=\"vc_row wpb_row vc_inner vc_row-fluid vc_custom_1619538371141 vc_custom_1619538371142 vc_row-has-padding-bottom vc_row-bg-position-top\"><div class=\"wpb_column vc_column_container vc_col-sm-4\"><div class=\"vc_column-inner   vc_custom_1617894474157 vc_custom_1617894474157\"><div class=\"wpb_wrapper\"><div class=\"key-icon-box icon-default icon-top cont-left ib-hover-1    with-border   kd-animated fadeInUp\" style=\"background-color: #f7f7f7;border: 1px solid #e7e7e7;margin-bottom:30px;\" data-animation-delay=\"200\"><div class=\"fullwidth-image\"><div class=\"tt-iconbox-customimg\"><img loading=\"lazy\" decoding=\"async\" width=\"800\" height=\"440\" src=\"https:\/\/probarranquilla.org\/wp-content\/uploads\/2021\/11\/portada-3.jpg\" class=\"attachment-full\" alt=\"\" title=\"portada-3\" srcset=\"https:\/\/probarranquilla.org\/wp-content\/uploads\/2021\/11\/portada-3.jpg 800w, https:\/\/probarranquilla.org\/wp-content\/uploads\/2021\/11\/portada-3-300x165.jpg 300w, https:\/\/probarranquilla.org\/wp-content\/uploads\/2021\/11\/portada-3-768x422.jpg 768w\" sizes=\"(max-width: 800px) 100vw, 800px\" \/><\/div><\/div><div class=\"ib-wrapper\" style=\"padding-top:40px;padding-bottom:40px;padding-left:60px;padding-right:60px;background-color:#f7f7f7;\"><h4 class=\"service-heading\" >Revista destino 2018<\/h4><div class=\"ib-button-wrapper\"><a class=\"tt_button tt_primary_button btn_secondary_color hover_solid_primary\" href=\"https:\/\/probarranquilla.org\/wp-content\/uploads\/2021\/11\/Revista-Destino-2018-1-1.pdf\" target=\"_self\">Descargar<\/a><\/div><\/div><\/div><\/div><\/div><\/div><div class=\"wpb_column vc_column_container vc_col-sm-4\"><div class=\"vc_column-inner\"><div class=\"wpb_wrapper\"><div class=\"key-icon-box icon-default icon-top cont-left ib-hover-1    with-border   kd-animated fadeInUp\" style=\"background-color: #f7f7f7;border: 1px solid #e7e7e7;margin-bottom:30px;\" data-animation-delay=\"200\"><div class=\"fullwidth-image\"><div class=\"tt-iconbox-customimg\"><img loading=\"lazy\" decoding=\"async\" width=\"800\" height=\"440\" src=\"https:\/\/probarranquilla.org\/wp-content\/uploads\/2021\/11\/portada-2.jpg\" class=\"attachment-full\" alt=\"\" title=\"portada-2\" srcset=\"https:\/\/probarranquilla.org\/wp-content\/uploads\/2021\/11\/portada-2.jpg 800w, https:\/\/probarranquilla.org\/wp-content\/uploads\/2021\/11\/portada-2-300x165.jpg 300w, https:\/\/probarranquilla.org\/wp-content\/uploads\/2021\/11\/portada-2-768x422.jpg 768w\" sizes=\"(max-width: 800px) 100vw, 800px\" \/><\/div><\/div><div class=\"ib-wrapper\" style=\"padding-top:40px;padding-bottom:40px;padding-left:60px;padding-right:60px;background-color:#f7f7f7;\"><h4 class=\"service-heading\" >Revista Destino 2017<\/h4><div class=\"ib-button-wrapper\"><a class=\"tt_button tt_primary_button btn_secondary_color hover_solid_primary\" href=\"https:\/\/probarranquilla.org\/wp-content\/uploads\/2021\/11\/Revista-Destino-2017-ES.pdf\" target=\"_self\">Descargar<\/a><\/div><\/div><\/div><\/div><\/div><\/div><div class=\"wpb_column vc_column_container vc_col-sm-4\"><div class=\"vc_column-inner\"><div class=\"wpb_wrapper\"><div class=\"key-icon-box icon-default icon-top cont-left ib-hover-1    with-border   kd-animated fadeInUp\" style=\"background-color: #f7f7f7;border: 1px solid #e7e7e7;margin-bottom:30px;\" data-animation-delay=\"200\"><div class=\"fullwidth-image\"><div class=\"tt-iconbox-customimg\"><img loading=\"lazy\" decoding=\"async\" width=\"800\" height=\"440\" src=\"https:\/\/probarranquilla.org\/wp-content\/uploads\/2021\/11\/portada-1.jpg\" class=\"attachment-full\" alt=\"\" title=\"portada-1\" srcset=\"https:\/\/probarranquilla.org\/wp-content\/uploads\/2021\/11\/portada-1.jpg 800w, https:\/\/probarranquilla.org\/wp-content\/uploads\/2021\/11\/portada-1-300x165.jpg 300w, https:\/\/probarranquilla.org\/wp-content\/uploads\/2021\/11\/portada-1-768x422.jpg 768w\" sizes=\"(max-width: 800px) 100vw, 800px\" \/><\/div><\/div><div class=\"ib-wrapper\" style=\"padding-top:40px;padding-bottom:40px;padding-left:60px;padding-right:60px;background-color:#f7f7f7;\"><h4 class=\"service-heading\" >Revista Destino 2016<\/h4><div class=\"ib-button-wrapper\"><a class=\"tt_button tt_primary_button btn_secondary_color hover_solid_primary\" href=\"https:\/\/probarranquilla.org\/wp-content\/uploads\/2021\/11\/Revista-Destino-2016.pdf\" target=\"_self\">Descargar<\/a><\/div><\/div><\/div><\/div><\/div><\/div><\/div><\/div><\/div><\/div><\/div><div class=\"vc_row-full-width vc_clearfix\"><\/div>\n<\/section>","protected":false},"excerpt":{"rendered":"Una ventana informativa que resalta lo mejor de nuestro DESTINO, nuestros atributos, ventajas competitivas, la gesti\u00f3n p\u00fablica y la inversi\u00f3n.Revista Destino 2022DescargarRevista Destino 2021DescargarRevista Destino 2020DescargarRevista destino 2018DescargarRevista Destino 2017DescargarRevista Destino 2016Descargar","protected":false},"author":1,"featured_media":0,"parent":0,"menu_order":0,"comment_status":"closed","ping_status":"closed","template":"","meta":{"_tec_requires_first_save":true,"_EventAllDay":false,"_EventTimezone":"","_EventStartDate":"","_EventEndDate":"","_EventStartDateUTC":"","_EventEndDateUTC":"","_EventShowMap":false,"_EventShowMapLink":false,"_EventURL":"","_EventCost":"","_EventCostDescription":"","_EventCurrencySymbol":"","_EventCurrencyCode":"","_EventCurrencyPosition":"","_EventDateTimeSeparator":"","_EventTimeRangeSeparator":"","_EventOrganizerID":[],"_EventVenueID":[],"_OrganizerEmail":"","_OrganizerPhone":"","_OrganizerWebsite":"","_VenueAddress":"","_VenueCity":"","_VenueCountry":"","_VenueProvince":"","_VenueState":"","_VenueZip":"","_VenuePhone":"","_VenueURL":"","_VenueStateProvince":"","_VenueLat":"","_VenueLng":"","_VenueShowMap":false,"_VenueShowMapLink":false,"_tribe_blocks_recurrence_rules":"","_tribe_blocks_recurrence_description":"","_tribe_blocks_recurrence_exclusions":"","footnotes":""},"class_list":["post-11525","page","type-page","status-publish","hentry"],"acf":[],"yoast_head":"<!-- This site is optimized with the Yoast SEO plugin v27.3 - https:\/\/yoast.com\/product\/yoast-seo-wordpress\/ -->\n<title>Revista destino | ProBarranquilla<\/title>\n<meta name=\"robots\" content=\"index, follow, max-snippet:-1, max-image-preview:large, max-video-preview:-1\" \/>\n<link rel=\"canonical\" href=\"https:\/\/probarranquilla.org\/en\/revista-destino\/\" \/>\n<meta property=\"og:locale\" content=\"en_US\" \/>\n<meta property=\"og:type\" content=\"article\" \/>\n<meta property=\"og:title\" content=\"Revista destino | ProBarranquilla\" \/>\n<meta property=\"og:url\" content=\"https:\/\/probarranquilla.org\/en\/revista-destino\/\" \/>\n<meta property=\"og:site_name\" content=\"ProBarranquilla\" \/>\n<meta property=\"article:publisher\" content=\"https:\/\/www.facebook.com\/ProBarranquilla\/\" \/>\n<meta property=\"article:modified_time\" content=\"2022-12-13T21:53:15+00:00\" \/>\n<meta property=\"og:image\" content=\"https:\/\/probarranquilla.org\/wp-content\/uploads\/2022\/08\/redes-sociales-probaq-1.png\" \/>\n\t<meta property=\"og:image:width\" content=\"500\" \/>\n\t<meta property=\"og:image:height\" content=\"250\" \/>\n\t<meta property=\"og:image:type\" content=\"image\/png\" \/>\n<meta name=\"twitter:card\" content=\"summary_large_image\" \/>\n<meta name=\"twitter:site\" content=\"@ProBaq\" \/>\n<meta name=\"twitter:label1\" content=\"Est. reading time\" \/>\n\t<meta name=\"twitter:data1\" content=\"2 minutes\" \/>\n<script type=\"application\/ld+json\" class=\"yoast-schema-graph\">{\"@context\":\"https:\\\/\\\/schema.org\",\"@graph\":[{\"@type\":\"WebPage\",\"@id\":\"https:\\\/\\\/probarranquilla.org\\\/revista-destino\\\/\",\"url\":\"https:\\\/\\\/probarranquilla.org\\\/revista-destino\\\/\",\"name\":\"Revista destino | ProBarranquilla\",\"isPartOf\":{\"@id\":\"https:\\\/\\\/probarranquilla.org\\\/#website\"},\"datePublished\":\"2021-11-26T23:08:04+00:00\",\"dateModified\":\"2022-12-13T21:53:15+00:00\",\"breadcrumb\":{\"@id\":\"https:\\\/\\\/probarranquilla.org\\\/revista-destino\\\/#breadcrumb\"},\"inLanguage\":\"en-US\",\"potentialAction\":[{\"@type\":\"ReadAction\",\"target\":[\"https:\\\/\\\/probarranquilla.org\\\/revista-destino\\\/\"]}]},{\"@type\":\"BreadcrumbList\",\"@id\":\"https:\\\/\\\/probarranquilla.org\\\/revista-destino\\\/#breadcrumb\",\"itemListElement\":[{\"@type\":\"ListItem\",\"position\":1,\"name\":\"Inicio\",\"item\":\"https:\\\/\\\/probarranquilla.org\\\/\"},{\"@type\":\"ListItem\",\"position\":2,\"name\":\"Revista destino\"}]},{\"@type\":\"WebSite\",\"@id\":\"https:\\\/\\\/probarranquilla.org\\\/#website\",\"url\":\"https:\\\/\\\/probarranquilla.org\\\/\",\"name\":\"ProBarranquilla\",\"description\":\"ProBarranquilla\",\"publisher\":{\"@id\":\"https:\\\/\\\/probarranquilla.org\\\/#organization\"},\"potentialAction\":[{\"@type\":\"SearchAction\",\"target\":{\"@type\":\"EntryPoint\",\"urlTemplate\":\"https:\\\/\\\/probarranquilla.org\\\/?s={search_term_string}\"},\"query-input\":{\"@type\":\"PropertyValueSpecification\",\"valueRequired\":true,\"valueName\":\"search_term_string\"}}],\"inLanguage\":\"en-US\"},{\"@type\":\"Organization\",\"@id\":\"https:\\\/\\\/probarranquilla.org\\\/#organization\",\"name\":\"ProBarranquilla\",\"url\":\"https:\\\/\\\/probarranquilla.org\\\/\",\"logo\":{\"@type\":\"ImageObject\",\"inLanguage\":\"en-US\",\"@id\":\"https:\\\/\\\/probarranquilla.org\\\/#\\\/schema\\\/logo\\\/image\\\/\",\"url\":\"https:\\\/\\\/9pcc8a.p3cdn1.secureserver.net\\\/wp-content\\\/uploads\\\/2022\\\/08\\\/redes-sociales-probaq-1.png?time=1669419395\",\"contentUrl\":\"https:\\\/\\\/9pcc8a.p3cdn1.secureserver.net\\\/wp-content\\\/uploads\\\/2022\\\/08\\\/redes-sociales-probaq-1.png?time=1669419395\",\"width\":500,\"height\":250,\"caption\":\"ProBarranquilla\"},\"image\":{\"@id\":\"https:\\\/\\\/probarranquilla.org\\\/#\\\/schema\\\/logo\\\/image\\\/\"},\"sameAs\":[\"https:\\\/\\\/www.facebook.com\\\/ProBarranquilla\\\/\",\"https:\\\/\\\/x.com\\\/ProBaq\"]}]}<\/script>\n<!-- \/ Yoast SEO plugin. -->","yoast_head_json":{"title":"Revista destino | ProBarranquilla","robots":{"index":"index","follow":"follow","max-snippet":"max-snippet:-1","max-image-preview":"max-image-preview:large","max-video-preview":"max-video-preview:-1"},"canonical":"https:\/\/probarranquilla.org\/en\/revista-destino\/","og_locale":"en_US","og_type":"article","og_title":"Revista destino | ProBarranquilla","og_url":"https:\/\/probarranquilla.org\/en\/revista-destino\/","og_site_name":"ProBarranquilla","article_publisher":"https:\/\/www.facebook.com\/ProBarranquilla\/","article_modified_time":"2022-12-13T21:53:15+00:00","og_image":[{"width":500,"height":250,"url":"https:\/\/probarranquilla.org\/wp-content\/uploads\/2022\/08\/redes-sociales-probaq-1.png","type":"image\/png"}],"twitter_card":"summary_large_image","twitter_site":"@ProBaq","twitter_misc":{"Est. reading time":"2 minutes"},"schema":{"@context":"https:\/\/schema.org","@graph":[{"@type":"WebPage","@id":"https:\/\/probarranquilla.org\/revista-destino\/","url":"https:\/\/probarranquilla.org\/revista-destino\/","name":"Revista destino | ProBarranquilla","isPartOf":{"@id":"https:\/\/probarranquilla.org\/#website"},"datePublished":"2021-11-26T23:08:04+00:00","dateModified":"2022-12-13T21:53:15+00:00","breadcrumb":{"@id":"https:\/\/probarranquilla.org\/revista-destino\/#breadcrumb"},"inLanguage":"en-US","potentialAction":[{"@type":"ReadAction","target":["https:\/\/probarranquilla.org\/revista-destino\/"]}]},{"@type":"BreadcrumbList","@id":"https:\/\/probarranquilla.org\/revista-destino\/#breadcrumb","itemListElement":[{"@type":"ListItem","position":1,"name":"Inicio","item":"https:\/\/probarranquilla.org\/"},{"@type":"ListItem","position":2,"name":"Revista destino"}]},{"@type":"WebSite","@id":"https:\/\/probarranquilla.org\/#website","url":"https:\/\/probarranquilla.org\/","name":"ProBarranquilla","description":"ProBarranquilla","publisher":{"@id":"https:\/\/probarranquilla.org\/#organization"},"potentialAction":[{"@type":"SearchAction","target":{"@type":"EntryPoint","urlTemplate":"https:\/\/probarranquilla.org\/?s={search_term_string}"},"query-input":{"@type":"PropertyValueSpecification","valueRequired":true,"valueName":"search_term_string"}}],"inLanguage":"en-US"},{"@type":"Organization","@id":"https:\/\/probarranquilla.org\/#organization","name":"ProBarranquilla","url":"https:\/\/probarranquilla.org\/","logo":{"@type":"ImageObject","inLanguage":"en-US","@id":"https:\/\/probarranquilla.org\/#\/schema\/logo\/image\/","url":"https:\/\/9pcc8a.p3cdn1.secureserver.net\/wp-content\/uploads\/2022\/08\/redes-sociales-probaq-1.png?time=1669419395","contentUrl":"https:\/\/9pcc8a.p3cdn1.secureserver.net\/wp-content\/uploads\/2022\/08\/redes-sociales-probaq-1.png?time=1669419395","width":500,"height":250,"caption":"ProBarranquilla"},"image":{"@id":"https:\/\/probarranquilla.org\/#\/schema\/logo\/image\/"},"sameAs":["https:\/\/www.facebook.com\/ProBarranquilla\/","https:\/\/x.com\/ProBaq"]}]}},"_links":{"self":[{"href":"https:\/\/probarranquilla.org\/en\/wp-json\/wp\/v2\/pages\/11525","targetHints":{"allow":["GET"]}}],"collection":[{"href":"https:\/\/probarranquilla.org\/en\/wp-json\/wp\/v2\/pages"}],"about":[{"href":"https:\/\/probarranquilla.org\/en\/wp-json\/wp\/v2\/types\/page"}],"author":[{"embeddable":true,"href":"https:\/\/probarranquilla.org\/en\/wp-json\/wp\/v2\/users\/1"}],"replies":[{"embeddable":true,"href":"https:\/\/probarranquilla.org\/en\/wp-json\/wp\/v2\/comments?post=11525"}],"version-history":[{"count":0,"href":"https:\/\/probarranquilla.org\/en\/wp-json\/wp\/v2\/pages\/11525\/revisions"}],"wp:attachment":[{"href":"https:\/\/probarranquilla.org\/en\/wp-json\/wp\/v2\/media?parent=11525"}],"curies":[{"name":"wp","href":"https:\/\/api.w.org\/{rel}","templated":true}]}}