{"id":11674,"date":"2021-12-06T15:42:39","date_gmt":"2021-12-06T15:42:39","guid":{"rendered":"https:\/\/probarranquilla.org\/?page_id=11674"},"modified":"2022-08-12T10:25:13","modified_gmt":"2022-08-12T15:25:13","slug":"conectividad-2","status":"publish","type":"page","link":"https:\/\/probarranquilla.org\/en\/turismo-de-negocios\/conectividad-2\/","title":{"rendered":"Land"},"content":{"rendered":"<section class=\"wpb-content-wrapper\"><div class=\"vc_row wpb_row vc_row-fluid vc_row-bg-position-top\"><div class=\"wpb_column vc_column_container vc_col-sm-12\"><div class=\"vc_column-inner\"><div class=\"wpb_wrapper\"><\/div><\/div><\/div><\/div><div data-vc-full-width=\"true\" data-vc-full-width-init=\"false\" data-vc-stretch-content=\"true\" class=\"vc_row wpb_row vc_row-fluid vc_custom_1638806351445 vc_custom_1638806351447 vc_custom_1638806351448 vc_custom_1638806351450 vc_row-has-fill vc_row-bg-position-center\"><div class=\"wpb_column vc_column_container vc_col-sm-12\"><div class=\"vc_column-inner vc_custom_1597665991208\"><div class=\"wpb_wrapper\"><div class=\"vc_row wpb_row vc_inner vc_row-fluid vc_custom_1638806377385 vc_custom_1638806377387 vc_custom_1638806377388 vc_custom_1638806377390 vc_row-has-fill vc_row-has-padding-top vc_row-has-padding-bottom vc_row-fixed-bg vc_row-bg-position-top vc_inner_row-contained\"><div class=\"container\"><div class=\"wpb_column vc_column_container vc_col-sm-12 vc_col-lg-6 vc_col-md-8\"><div class=\"vc_column-inner  vc_custom_1606904776572 vc_custom_1606904776573 vc_custom_1606904776573\"><div class=\"wpb_wrapper\"><header class=\"kd-section-title col-lg-12 text-left  subtitle-below-title kd-animated fadeIn   vc_custom_1638805956431\" data-animation-delay=\"200\"><h1 class=\"separator_off\" style=\"color: #27388d;font-size: 72px;line-height: 82px;margin-bottom:30px;\">Barranquilla se conecta con el mundo entero<\/h1><h6 class=\"subtitle\" style=\"color: #636363;\">Debido a su ubicaci\u00f3n estrat\u00e9gica en el norte de Colombia y de Suram\u00e9rica, justamente en el Departamento del Atl\u00e1ntico, localizaci\u00f3n que nos da la posibilidad de observar el encuentro del mar Caribe y el R\u00edo Grande de la Magdalena, el r\u00edo m\u00e1s importante de Colombia.<\/h6><\/header><\/div><\/div><\/div><div class=\"wpb_column vc_column_container vc_col-sm-6\"><div class=\"vc_column-inner vc_custom_1597672141666\"><div class=\"wpb_wrapper\"><\/div><\/div><\/div><\/div><\/div><\/div><\/div><\/div><\/div><div class=\"vc_row-full-width vc_clearfix\"><\/div><div data-vc-full-width=\"true\" data-vc-full-width-init=\"false\" class=\"vc_row wpb_row vc_row-fluid vc_row-bg-position-top\"><div class=\"wpb_column vc_column_container vc_col-sm-12\"><div class=\"vc_column-inner\"><div class=\"wpb_wrapper\"><header class=\"kd-section-title vc_col-lg-6 vc_col-sm-8 text-center solid-line sep-border-width-2  subtitle-below-title kd-animated fadeIn   vc_custom_1638806453954\" data-animation-delay=\"200\"><h1 class=\"separator_on\" style=\"color: #27388d;\">Conectividad a\u00e9rea<\/h1><div class=\"kd-separator below_title\" ><div class=\"kd-separator-line\" ><\/div><\/div><h6 class=\"subtitle\" style=\"color: #3d3d3d;\">Cuenta con el Aeropuerto Internacional Ernesto Cortissoz, a tan solo 1 hora del hub de las Am\u00e9ricas en Panam\u00e1 y 3 horas de Miami.<\/h6><\/header><\/div><\/div><\/div><\/div><div class=\"vc_row-full-width vc_clearfix\"><\/div><div class=\"vc_row wpb_row vc_row-fluid vc_custom_1643311179827 vc_row-has-padding-top vc_row-has-padding-bottom vc_row-bg-position-top\"><div class=\"wpb_column vc_column_container vc_col-sm-6\"><div class=\"vc_column-inner\"><div class=\"wpb_wrapper\">\n\t<div  class=\"wpb_single_image wpb_content_element vc_align_left  wpb_animate_when_almost_visible wpb_bounceIn bounceIn\">\n\t\t\n\t\t<figure class=\"wpb_wrapper vc_figure\">\n\t\t\t<div class=\"vc_single_image-wrapper   vc_box_border_grey\"><img fetchpriority=\"high\" decoding=\"async\" width=\"951\" height=\"942\" src=\"https:\/\/probarranquilla.org\/wp-content\/uploads\/2022\/01\/mapa-internacional2.png\" class=\"vc_single_image-img attachment-large\" alt=\"Rutas internacionales\" title=\"mapa-internacional2\" srcset=\"https:\/\/probarranquilla.org\/wp-content\/uploads\/2022\/01\/mapa-internacional2.png 951w, https:\/\/probarranquilla.org\/wp-content\/uploads\/2022\/01\/mapa-internacional2-300x297.png 300w, https:\/\/probarranquilla.org\/wp-content\/uploads\/2022\/01\/mapa-internacional2-150x150.png 150w, https:\/\/probarranquilla.org\/wp-content\/uploads\/2022\/01\/mapa-internacional2-768x761.png 768w, https:\/\/probarranquilla.org\/wp-content\/uploads\/2022\/01\/mapa-internacional2-800x792.png 800w\" sizes=\"(max-width: 951px) 100vw, 951px\" \/><\/div>\n\t\t<\/figure>\n\t<\/div>\n<\/div><\/div><\/div><div class=\"wpb_column vc_column_container vc_col-sm-6\"><div class=\"vc_column-inner vc_custom_1598451827584  vc_custom_1598451827585 vc_custom_1598451827586\"><div class=\"wpb_wrapper\"><div class=\"key-icon-box icon-default  cont-left ib-no-effect       kd-animated fadeIn\" style=\"background-color: transparent;margin-bottom:40px;\" ><h2 class=\"service-heading\" >Rutas internacionales<\/h2><p >(Miami, Panam\u00e1, Fort Lauderdale, Curazao).<\/p><\/div><div class=\"key-icon-box icon-default icon-left cont-left ib-no-effect       kd-animated fadeIn\" style=\"background-color: transparent;margin-bottom:40px;\" data-animation-delay=\"200\"><i class=\"fas fa-plane-departure\" style=\"font-size: 22px;\"><\/i> <h3 class=\"service-heading\" >Aerol\u00edneas<\/h3><p >(American Airlines, Copa Airlines, Spirit, EZ Air).<\/p><\/div><div class=\"vc_row wpb_row vc_inner vc_row-fluid vc_row-bg-position-top\"><div class=\"wpb_column vc_column_container vc_col-sm-12\"><div class=\"vc_column-inner\"><div class=\"wpb_wrapper\">\n\t<div  class=\"wpb_single_image wpb_content_element vc_align_left\">\n\t\t\n\t\t<figure class=\"wpb_wrapper vc_figure\">\n\t\t\t<div class=\"vc_single_image-wrapper   vc_box_border_grey\"><img decoding=\"async\" width=\"943\" height=\"66\" src=\"https:\/\/probarranquilla.org\/wp-content\/uploads\/2022\/01\/logos-aerolinea-internacional.jpg\" class=\"vc_single_image-img attachment-large\" alt=\"\" title=\"logos-aerolinea-internacional\" srcset=\"https:\/\/probarranquilla.org\/wp-content\/uploads\/2022\/01\/logos-aerolinea-internacional.jpg 943w, https:\/\/probarranquilla.org\/wp-content\/uploads\/2022\/01\/logos-aerolinea-internacional-300x21.jpg 300w, https:\/\/probarranquilla.org\/wp-content\/uploads\/2022\/01\/logos-aerolinea-internacional-768x54.jpg 768w, https:\/\/probarranquilla.org\/wp-content\/uploads\/2022\/01\/logos-aerolinea-internacional-800x56.jpg 800w\" sizes=\"(max-width: 943px) 100vw, 943px\" \/><\/div>\n\t\t<\/figure>\n\t<\/div>\n<\/div><\/div><\/div><\/div><\/div><\/div><\/div><\/div><div class=\"vc_row wpb_row vc_row-fluid vc_row-bg-position-top\"><div class=\"wpb_column vc_column_container vc_col-sm-6\"><div class=\"vc_column-inner\"><div class=\"wpb_wrapper\"><div class=\"key-icon-box icon-default  cont-left ib-no-effect       kd-animated fadeIn\" style=\"background-color: transparent;margin-bottom:40px;\" ><h2 class=\"service-heading\" >Rutas Nacionales<\/h2><p >(Bogot\u00e1, Medell\u00edn, Cali, Bucaramanga, San Andr\u00e9s, Monter\u00eda).<\/p><\/div><div class=\"key-icon-box icon-default icon-left cont-left ib-no-effect       kd-animated fadeIn\" style=\"background-color: transparent;margin-bottom:40px;\" data-animation-delay=\"200\"><i class=\"fas fa-plane-departure\" style=\"font-size: 22px;\"><\/i> <h3 class=\"service-heading\" >Aerol\u00edneas<\/h3><p >(Avianca, Latam, Viva Air, Easy Fly, GCA, Wingo).<\/p><\/div>\n\t<div  class=\"wpb_single_image wpb_content_element vc_align_left\">\n\t\t\n\t\t<figure class=\"wpb_wrapper vc_figure\">\n\t\t\t<div class=\"vc_single_image-wrapper   vc_box_border_grey\"><img decoding=\"async\" width=\"792\" height=\"66\" src=\"https:\/\/probarranquilla.org\/wp-content\/uploads\/2021\/12\/aerolineas-nacionales.jpg\" class=\"vc_single_image-img attachment-large\" alt=\"aerol\u00edneas nacionales\" title=\"aerolineas-nacionales\" srcset=\"https:\/\/probarranquilla.org\/wp-content\/uploads\/2021\/12\/aerolineas-nacionales.jpg 792w, https:\/\/probarranquilla.org\/wp-content\/uploads\/2021\/12\/aerolineas-nacionales-300x25.jpg 300w, https:\/\/probarranquilla.org\/wp-content\/uploads\/2021\/12\/aerolineas-nacionales-768x64.jpg 768w\" sizes=\"(max-width: 792px) 100vw, 792px\" \/><\/div>\n\t\t<\/figure>\n\t<\/div>\n<\/div><\/div><\/div><div class=\"wpb_column vc_column_container vc_col-sm-6\"><div class=\"vc_column-inner\"><div class=\"wpb_wrapper\">\n\t<div  class=\"wpb_single_image wpb_content_element vc_align_left  wpb_animate_when_almost_visible wpb_bounceIn bounceIn\">\n\t\t\n\t\t<figure class=\"wpb_wrapper vc_figure\">\n\t\t\t<div class=\"vc_single_image-wrapper   vc_box_border_grey\"><img loading=\"lazy\" decoding=\"async\" width=\"951\" height=\"942\" src=\"https:\/\/probarranquilla.org\/wp-content\/uploads\/2022\/01\/mapa-nacional.png\" class=\"vc_single_image-img attachment-large\" alt=\"Rutas nacionales\" title=\"mapa-nacional\" srcset=\"https:\/\/probarranquilla.org\/wp-content\/uploads\/2022\/01\/mapa-nacional.png 951w, https:\/\/probarranquilla.org\/wp-content\/uploads\/2022\/01\/mapa-nacional-300x297.png 300w, https:\/\/probarranquilla.org\/wp-content\/uploads\/2022\/01\/mapa-nacional-150x150.png 150w, https:\/\/probarranquilla.org\/wp-content\/uploads\/2022\/01\/mapa-nacional-768x761.png 768w, https:\/\/probarranquilla.org\/wp-content\/uploads\/2022\/01\/mapa-nacional-800x792.png 800w\" sizes=\"(max-width: 951px) 100vw, 951px\" \/><\/div>\n\t\t<\/figure>\n\t<\/div>\n<\/div><\/div><\/div><\/div><\/section>","protected":false},"excerpt":{"rendered":"Barranquilla se conecta con el mundo enteroDebido a su ubicaci\u00f3n estrat\u00e9gica en el norte de Colombia y de Suram\u00e9rica, justamente en el Departamento del Atl\u00e1ntico, localizaci\u00f3n que nos da la posibilidad de observar el encuentro del mar Caribe y el [...]","protected":false},"author":1,"featured_media":0,"parent":9731,"menu_order":0,"comment_status":"closed","ping_status":"closed","template":"","meta":{"_tec_requires_first_save":true,"_EventAllDay":false,"_EventTimezone":"","_EventStartDate":"","_EventEndDate":"","_EventStartDateUTC":"","_EventEndDateUTC":"","_EventShowMap":false,"_EventShowMapLink":false,"_EventURL":"","_EventCost":"","_EventCostDescription":"","_EventCurrencySymbol":"","_EventCurrencyCode":"","_EventCurrencyPosition":"","_EventDateTimeSeparator":"","_EventTimeRangeSeparator":"","_EventOrganizerID":[],"_EventVenueID":[],"_OrganizerEmail":"","_OrganizerPhone":"","_OrganizerWebsite":"","_VenueAddress":"","_VenueCity":"","_VenueCountry":"","_VenueProvince":"","_VenueState":"","_VenueZip":"","_VenuePhone":"","_VenueURL":"","_VenueStateProvince":"","_VenueLat":"","_VenueLng":"","_VenueShowMap":false,"_VenueShowMapLink":false,"_tribe_blocks_recurrence_rules":"","_tribe_blocks_recurrence_description":"","_tribe_blocks_recurrence_exclusions":"","footnotes":""},"class_list":["post-11674","page","type-page","status-publish","hentry"],"acf":[],"yoast_head":"<!-- This site is optimized with the Yoast SEO plugin v27.4 - https:\/\/yoast.com\/product\/yoast-seo-wordpress\/ -->\n<title>Conectividad | ProBarranquilla<\/title>\n<meta name=\"robots\" content=\"index, follow, max-snippet:-1, max-image-preview:large, max-video-preview:-1\" \/>\n<link rel=\"canonical\" href=\"https:\/\/probarranquilla.org\/en\/turismo-de-negocios\/conectividad-2\/\" \/>\n<meta property=\"og:locale\" content=\"en_US\" \/>\n<meta property=\"og:type\" content=\"article\" \/>\n<meta property=\"og:title\" content=\"Conectividad | ProBarranquilla\" \/>\n<meta property=\"og:url\" content=\"https:\/\/probarranquilla.org\/en\/turismo-de-negocios\/conectividad-2\/\" \/>\n<meta property=\"og:site_name\" content=\"ProBarranquilla\" \/>\n<meta property=\"article:publisher\" content=\"https:\/\/www.facebook.com\/ProBarranquilla\/\" \/>\n<meta property=\"article:modified_time\" content=\"2022-08-12T15:25:13+00:00\" \/>\n<meta property=\"og:image\" content=\"https:\/\/probarranquilla.org\/wp-content\/uploads\/2022\/08\/redes-sociales-probaq-1.png\" \/>\n\t<meta property=\"og:image:width\" content=\"500\" \/>\n\t<meta property=\"og:image:height\" content=\"250\" \/>\n\t<meta property=\"og:image:type\" content=\"image\/png\" \/>\n<meta name=\"twitter:card\" content=\"summary_large_image\" \/>\n<meta name=\"twitter:site\" content=\"@ProBaq\" \/>\n<meta name=\"twitter:label1\" content=\"Est. reading time\" \/>\n\t<meta name=\"twitter:data1\" content=\"2 minutes\" \/>\n<script type=\"application\/ld+json\" class=\"yoast-schema-graph\">{\"@context\":\"https:\\\/\\\/schema.org\",\"@graph\":[{\"@type\":\"WebPage\",\"@id\":\"https:\\\/\\\/probarranquilla.org\\\/turismo-de-negocios\\\/conectividad-2\\\/\",\"url\":\"https:\\\/\\\/probarranquilla.org\\\/turismo-de-negocios\\\/conectividad-2\\\/\",\"name\":\"Conectividad | ProBarranquilla\",\"isPartOf\":{\"@id\":\"https:\\\/\\\/probarranquilla.org\\\/#website\"},\"datePublished\":\"2021-12-06T15:42:39+00:00\",\"dateModified\":\"2022-08-12T15:25:13+00:00\",\"breadcrumb\":{\"@id\":\"https:\\\/\\\/probarranquilla.org\\\/turismo-de-negocios\\\/conectividad-2\\\/#breadcrumb\"},\"inLanguage\":\"en-US\",\"potentialAction\":[{\"@type\":\"ReadAction\",\"target\":[\"https:\\\/\\\/probarranquilla.org\\\/turismo-de-negocios\\\/conectividad-2\\\/\"]}]},{\"@type\":\"BreadcrumbList\",\"@id\":\"https:\\\/\\\/probarranquilla.org\\\/turismo-de-negocios\\\/conectividad-2\\\/#breadcrumb\",\"itemListElement\":[{\"@type\":\"ListItem\",\"position\":1,\"name\":\"Inicio\",\"item\":\"https:\\\/\\\/probarranquilla.org\\\/\"},{\"@type\":\"ListItem\",\"position\":2,\"name\":\"Turismo de Negocios\",\"item\":\"https:\\\/\\\/probarranquilla.org\\\/turismo-de-negocios\\\/\"},{\"@type\":\"ListItem\",\"position\":3,\"name\":\"Conectividad\"}]},{\"@type\":\"WebSite\",\"@id\":\"https:\\\/\\\/probarranquilla.org\\\/#website\",\"url\":\"https:\\\/\\\/probarranquilla.org\\\/\",\"name\":\"ProBarranquilla\",\"description\":\"ProBarranquilla\",\"publisher\":{\"@id\":\"https:\\\/\\\/probarranquilla.org\\\/#organization\"},\"potentialAction\":[{\"@type\":\"SearchAction\",\"target\":{\"@type\":\"EntryPoint\",\"urlTemplate\":\"https:\\\/\\\/probarranquilla.org\\\/?s={search_term_string}\"},\"query-input\":{\"@type\":\"PropertyValueSpecification\",\"valueRequired\":true,\"valueName\":\"search_term_string\"}}],\"inLanguage\":\"en-US\"},{\"@type\":\"Organization\",\"@id\":\"https:\\\/\\\/probarranquilla.org\\\/#organization\",\"name\":\"ProBarranquilla\",\"url\":\"https:\\\/\\\/probarranquilla.org\\\/\",\"logo\":{\"@type\":\"ImageObject\",\"inLanguage\":\"en-US\",\"@id\":\"https:\\\/\\\/probarranquilla.org\\\/#\\\/schema\\\/logo\\\/image\\\/\",\"url\":\"https:\\\/\\\/9pcc8a.p3cdn1.secureserver.net\\\/wp-content\\\/uploads\\\/2022\\\/08\\\/redes-sociales-probaq-1.png?time=1669419395\",\"contentUrl\":\"https:\\\/\\\/9pcc8a.p3cdn1.secureserver.net\\\/wp-content\\\/uploads\\\/2022\\\/08\\\/redes-sociales-probaq-1.png?time=1669419395\",\"width\":500,\"height\":250,\"caption\":\"ProBarranquilla\"},\"image\":{\"@id\":\"https:\\\/\\\/probarranquilla.org\\\/#\\\/schema\\\/logo\\\/image\\\/\"},\"sameAs\":[\"https:\\\/\\\/www.facebook.com\\\/ProBarranquilla\\\/\",\"https:\\\/\\\/x.com\\\/ProBaq\"]}]}<\/script>\n<!-- \/ Yoast SEO plugin. -->","yoast_head_json":{"title":"Conectividad | ProBarranquilla","robots":{"index":"index","follow":"follow","max-snippet":"max-snippet:-1","max-image-preview":"max-image-preview:large","max-video-preview":"max-video-preview:-1"},"canonical":"https:\/\/probarranquilla.org\/en\/turismo-de-negocios\/conectividad-2\/","og_locale":"en_US","og_type":"article","og_title":"Conectividad | ProBarranquilla","og_url":"https:\/\/probarranquilla.org\/en\/turismo-de-negocios\/conectividad-2\/","og_site_name":"ProBarranquilla","article_publisher":"https:\/\/www.facebook.com\/ProBarranquilla\/","article_modified_time":"2022-08-12T15:25:13+00:00","og_image":[{"width":500,"height":250,"url":"https:\/\/probarranquilla.org\/wp-content\/uploads\/2022\/08\/redes-sociales-probaq-1.png","type":"image\/png"}],"twitter_card":"summary_large_image","twitter_site":"@ProBaq","twitter_misc":{"Est. reading time":"2 minutes"},"schema":{"@context":"https:\/\/schema.org","@graph":[{"@type":"WebPage","@id":"https:\/\/probarranquilla.org\/turismo-de-negocios\/conectividad-2\/","url":"https:\/\/probarranquilla.org\/turismo-de-negocios\/conectividad-2\/","name":"Conectividad | ProBarranquilla","isPartOf":{"@id":"https:\/\/probarranquilla.org\/#website"},"datePublished":"2021-12-06T15:42:39+00:00","dateModified":"2022-08-12T15:25:13+00:00","breadcrumb":{"@id":"https:\/\/probarranquilla.org\/turismo-de-negocios\/conectividad-2\/#breadcrumb"},"inLanguage":"en-US","potentialAction":[{"@type":"ReadAction","target":["https:\/\/probarranquilla.org\/turismo-de-negocios\/conectividad-2\/"]}]},{"@type":"BreadcrumbList","@id":"https:\/\/probarranquilla.org\/turismo-de-negocios\/conectividad-2\/#breadcrumb","itemListElement":[{"@type":"ListItem","position":1,"name":"Inicio","item":"https:\/\/probarranquilla.org\/"},{"@type":"ListItem","position":2,"name":"Turismo de Negocios","item":"https:\/\/probarranquilla.org\/turismo-de-negocios\/"},{"@type":"ListItem","position":3,"name":"Conectividad"}]},{"@type":"WebSite","@id":"https:\/\/probarranquilla.org\/#website","url":"https:\/\/probarranquilla.org\/","name":"ProBarranquilla","description":"ProBarranquilla","publisher":{"@id":"https:\/\/probarranquilla.org\/#organization"},"potentialAction":[{"@type":"SearchAction","target":{"@type":"EntryPoint","urlTemplate":"https:\/\/probarranquilla.org\/?s={search_term_string}"},"query-input":{"@type":"PropertyValueSpecification","valueRequired":true,"valueName":"search_term_string"}}],"inLanguage":"en-US"},{"@type":"Organization","@id":"https:\/\/probarranquilla.org\/#organization","name":"ProBarranquilla","url":"https:\/\/probarranquilla.org\/","logo":{"@type":"ImageObject","inLanguage":"en-US","@id":"https:\/\/probarranquilla.org\/#\/schema\/logo\/image\/","url":"https:\/\/9pcc8a.p3cdn1.secureserver.net\/wp-content\/uploads\/2022\/08\/redes-sociales-probaq-1.png?time=1669419395","contentUrl":"https:\/\/9pcc8a.p3cdn1.secureserver.net\/wp-content\/uploads\/2022\/08\/redes-sociales-probaq-1.png?time=1669419395","width":500,"height":250,"caption":"ProBarranquilla"},"image":{"@id":"https:\/\/probarranquilla.org\/#\/schema\/logo\/image\/"},"sameAs":["https:\/\/www.facebook.com\/ProBarranquilla\/","https:\/\/x.com\/ProBaq"]}]}},"_links":{"self":[{"href":"https:\/\/probarranquilla.org\/en\/wp-json\/wp\/v2\/pages\/11674","targetHints":{"allow":["GET"]}}],"collection":[{"href":"https:\/\/probarranquilla.org\/en\/wp-json\/wp\/v2\/pages"}],"about":[{"href":"https:\/\/probarranquilla.org\/en\/wp-json\/wp\/v2\/types\/page"}],"author":[{"embeddable":true,"href":"https:\/\/probarranquilla.org\/en\/wp-json\/wp\/v2\/users\/1"}],"replies":[{"embeddable":true,"href":"https:\/\/probarranquilla.org\/en\/wp-json\/wp\/v2\/comments?post=11674"}],"version-history":[{"count":0,"href":"https:\/\/probarranquilla.org\/en\/wp-json\/wp\/v2\/pages\/11674\/revisions"}],"up":[{"embeddable":true,"href":"https:\/\/probarranquilla.org\/en\/wp-json\/wp\/v2\/pages\/9731"}],"wp:attachment":[{"href":"https:\/\/probarranquilla.org\/en\/wp-json\/wp\/v2\/media?parent=11674"}],"curies":[{"name":"wp","href":"https:\/\/api.w.org\/{rel}","templated":true}]}}