{"id":11922,"date":"2021-12-07T14:24:26","date_gmt":"2021-12-07T14:24:26","guid":{"rendered":"https:\/\/probarranquilla.org\/?page_id=11922"},"modified":"2021-12-07T14:34:10","modified_gmt":"2021-12-07T14:34:10","slug":"hotel-diamond-radisson","status":"publish","type":"page","link":"https:\/\/probarranquilla.org\/en\/hotel-diamond-radisson\/","title":{"rendered":"Hotel Diamond Radisson"},"content":{"rendered":"<section class=\"wpb-content-wrapper\"><div class=\"vc_row wpb_row vc_row-fluid vc_custom_1602594878735 vc_row-has-padding-top vc_row-has-padding-bottom vc_row-bg-position-top\"><div class=\"wpb_column vc_column_container vc_col-sm-12\"><div class=\"vc_column-inner vc_custom_1602594906620\"><div class=\"wpb_wrapper\"><div class=\"vc_row wpb_row vc_inner vc_row-fluid woo-detailed-style vc_custom_1598017399321 vc_row-has-fill vc_row-bg-position-top\"><div class=\"wpb_column vc_column_container vc_col-sm-12\"><div class=\"vc_column-inner vc_custom_1602594910184\"><div class=\"wpb_wrapper\">[recent_products per_page=&#8221;3&#8243; columns=&#8221;3&#8243; orderby=&#8221;&#8221; order=&#8221;&#8221;]<\/div><\/div><\/div><\/div><\/div><\/div><\/div><\/div><div data-vc-full-width=\"true\" data-vc-full-width-init=\"false\" class=\"vc_row wpb_row vc_row-fluid vc_custom_1638887403976 vc_custom_1638887403977 vc_custom_1638887403978 vc_row-has-fill vc_row-has-padding-top vc_row-has-padding-bottom vc_row-o-full-height vc_row-o-columns-middle vc_row-bg-position-top vc_row-flex\"><div class=\"wpb_column vc_column_container vc_col-sm-12\"><div class=\"vc_column-inner vc_custom_1516115464846\"><div class=\"wpb_wrapper\"><div class=\"vc_row wpb_row vc_inner vc_row-fluid vc_row-bg-position-top\"><div class=\"wpb_column vc_column_container vc_col-sm-8\"><div class=\"vc_column-inner\"><div class=\"wpb_wrapper\"><header class=\"kd-section-title col-lg-12 text-left  subtitle-below-title kd-animated fadeIn   vc_custom_1638887280350\" data-animation-delay=200><h1 class=\"separator_off\" style=\"color: #ffffff;font-size: 60px;margin-bottom:30px;\">Hotel Diamond Radisson<\/h1><h6 class=\"subtitle\" style=\"color: #ffffff;\">Ubicado cerca de la vida nocturna y los excelentes restaurantes que se encuentran en la calle 84; es un alojamiento donde encontrar\u00e1  una cama c\u00f3moda y control de temperatura individual en la habitaci\u00f3n.<\/h6><\/header><\/div><\/div><\/div><div class=\"wpb_column vc_column_container vc_col-sm-4\"><div class=\"vc_column-inner vc_custom_1597748338184\"><div class=\"wpb_wrapper\"><\/div><\/div><\/div><\/div><\/div><\/div><\/div><\/div><div class=\"vc_row-full-width vc_clearfix\"><\/div><div class=\"vc_row wpb_row vc_row-fluid vc_custom_1597999860805 vc_row-bg-position-top\"><div class=\"wpb_column vc_column_container vc_col-sm-12\"><div class=\"vc_column-inner vc_custom_1599033169011 vc_custom_1599033169012 vc_custom_1599033169013 vc_custom_1599033169014\"><div class=\"wpb_wrapper\"><\/div><\/div><\/div><\/div><div data-vc-full-width=\"true\" data-vc-full-width-init=\"false\" class=\"vc_row wpb_row vc_row-fluid vc_custom_1598015540821 vc_row-bg-position-top vc_row-main-color-overlay vc_row-o-content-middle vc_row-flex\"><div class=\"wpb_column vc_column_container vc_col-sm-12\"><div class=\"vc_column-inner\"><div class=\"wpb_wrapper\"><div class=\"vc_row wpb_row vc_inner vc_row-fluid vc_custom_1598017445733 vc_row-has-padding-top vc_row-has-padding-bottom vc_row-bg-position-top vc_row-o-content-middle vc_row-flex\"><div class=\"wpb_column vc_column_container vc_col-sm-12 vc_col-lg-offset-0 vc_col-lg-6 vc_col-md-offset-1 vc_col-sm-offset-1\"><div class=\"vc_column-inner vc_custom_1599042293077 vc_custom_1599042293079 vc_custom_1599042293080 vc_custom_1599042293081\"><div class=\"wpb_wrapper\"><header class=\"kd-section-title col-lg-12 text-left  subtitle-below-title kd-animated fadeIn   vc_custom_1638887434069\" data-animation-delay=200><h4 class=\"separator_off\" style=\"margin-bottom:30px;\">Tiene servicio de desayuno, gimnasio, servicio de lavander\u00eda, espacios para reuniones, spa, entre otras comodidades. Cuenta con habitaciones de diferentes componentes incluyendo cama queen, dos camas dobles, business class con cama king, habitaci\u00f3n premium con cama queen, habitaci\u00f3n premium con cama king, habitaci\u00f3n premium con dos camas dobles, suite estudio con cama king, suite con ba\u00f1era de hidromasaje y cama king.  <\/h4><\/header><ul class=\"kd-icon-list kd-animated fadeIn\" data-animation-delay=400><li class=\"kd-icon-list-item\"><div class=\"kd-icon-wrapper icon-circle\" style=\"background-color: #27388d;\"><i class=\"fas fa-phone-volume\" style=\"color: #ffffff;\"><\/i><\/div><span class=\"kd-list-text\" >(+57) (605) 3177070<\/span><\/li><li class=\"kd-icon-list-item\"><div class=\"kd-icon-wrapper icon-circle\" style=\"background-color: #27388d;\"><i class=\"fas fa-tty\" style=\"color: #ffffff;\"><\/i><\/div><span class=\"kd-list-text\" >3504589674<\/span><\/li><li class=\"kd-icon-list-item\"><div class=\"kd-icon-wrapper icon-circle\" style=\"background-color: #27388d;\"><i class=\"far fa-envelope\" style=\"color: #ffffff;\"><\/i><\/div><span class=\"kd-list-text\" ><a href=\"mailto:ventas1@radissonbq.com\">ventas1@radissonbq.com<\/a><\/span><\/li><li class=\"kd-icon-list-item\"><div class=\"kd-icon-wrapper icon-circle\" style=\"background-color: #27388d;\"><i class=\"fas fa-paper-plane\" style=\"color: #ffffff;\"><\/i><\/div><span class=\"kd-list-text\" ><a href=\"https:\/\/www.radissonhotelsamericas.com\/en-us\/hotels\/radisson-barranquilla?cid=a:se+b:gmb+c:amer+i:local+e:rad+d:latam+h:COLBLCO\">Visitar p\u00e1gina web<\/a><\/span><\/li><li class=\"kd-icon-list-item\"><div class=\"kd-icon-wrapper icon-circle\" style=\"background-color: #27388d;\"><i class=\"fas fa-map-marked-alt\" style=\"color: #ffffff;\"><\/i><\/div><span class=\"kd-list-text\" ><a href=\"https:\/\/g.page\/radisson-diamond-barranquilla?share\">Cl. 85 # 47 &#8211; 11, Barranquilla, Atl\u00e1ntico<\/a><\/span><\/li><\/ul><\/div><\/div><\/div><div class=\"wpb_column vc_column_container vc_col-sm-12 vc_col-lg-6\"><div class=\"vc_column-inner vc_custom_1598015086398\"><div class=\"wpb_wrapper\"><div class=\"photo-gallery-wrapper  slider-layout kd-photo-gallery-69e153361d319 nav-arrows-dots\">\r\n              <div class=\"gallery-items\"><div class=\"pg-child-image\" ><a href=https:\/\/probarranquilla.org\/wp-content\/uploads\/2021\/12\/Radisson-1.jpeg data-size=\"720x480\"  ><img fetchpriority=\"high\" decoding=\"async\" width=\"720\" height=\"480\" src=\"https:\/\/probarranquilla.org\/wp-content\/uploads\/2021\/12\/Radisson-1.jpeg\" class=\"attachment-full\" alt=\"\" title=\"Radisson 1\" srcset=\"https:\/\/probarranquilla.org\/wp-content\/uploads\/2021\/12\/Radisson-1.jpeg 720w, https:\/\/probarranquilla.org\/wp-content\/uploads\/2021\/12\/Radisson-1-300x200.jpeg 300w\" sizes=\"(max-width: 720px) 100vw, 720px\" \/><\/a><\/div><div class=\"pg-child-image\" ><a href=https:\/\/probarranquilla.org\/wp-content\/uploads\/2021\/12\/RADISSON-5.jpeg data-size=\"720x480\"  ><img decoding=\"async\" width=\"720\" height=\"480\" src=\"https:\/\/probarranquilla.org\/wp-content\/uploads\/2021\/12\/RADISSON-5.jpeg\" class=\"attachment-full\" alt=\"\" title=\"RADISSON 5\" srcset=\"https:\/\/probarranquilla.org\/wp-content\/uploads\/2021\/12\/RADISSON-5.jpeg 720w, https:\/\/probarranquilla.org\/wp-content\/uploads\/2021\/12\/RADISSON-5-300x200.jpeg 300w\" sizes=\"(max-width: 720px) 100vw, 720px\" \/><\/a><\/div><div class=\"pg-child-image\" ><a href=https:\/\/probarranquilla.org\/wp-content\/uploads\/2021\/12\/RADISSON-2.jpeg data-size=\"720x480\"  ><img decoding=\"async\" width=\"720\" height=\"480\" src=\"https:\/\/probarranquilla.org\/wp-content\/uploads\/2021\/12\/RADISSON-2.jpeg\" class=\"attachment-full\" alt=\"\" title=\"RADISSON 2\" srcset=\"https:\/\/probarranquilla.org\/wp-content\/uploads\/2021\/12\/RADISSON-2.jpeg 720w, https:\/\/probarranquilla.org\/wp-content\/uploads\/2021\/12\/RADISSON-2-300x200.jpeg 300w\" sizes=\"(max-width: 720px) 100vw, 720px\" \/><\/a><\/div><\/div>\r\n            <\/div><script>\r\n              jQuery(document).ready(function($){\r\n                if ($(\".kd-photo-gallery-69e153361d319 .gallery-items\").length) {\r\n                  $(\".kd-photo-gallery-69e153361d319 .gallery-items\").owlCarousel({\r\n                    stageClass: \"owl-wrapper\",\r\n                    stageOuterClass: \"owl-wrapper-outer\",\r\n                    loadedClass: \"owl-carousel\",\r\n                    items: 1,\r\n                    rewind: true,\r\n                    responsive:{\r\n                        0:{\r\n                            dots: false,\r\n                            nav: true,\r\n                            navSpeed: 500,\r\n                        },\r\n                        1366:{\nnav: true,\r\n                                navSpeed: 500,\r\n                                dots: true,\r\n                                dotsSpeed: 500,\r\n                                dotsEach: true,}\r\n                    },\nloop: true,\nautoplay: true,\nautoplayTimeout: 8000,\nautoplayHoverPause: false,\r\n                    addClassActive: true,\r\n                  });\r\n                }\r\n              });\r\n            <\/script><\/div><\/div><\/div><\/div><\/div><\/div><\/div><\/div><div class=\"vc_row-full-width vc_clearfix\"><\/div><div class=\"vc_row wpb_row vc_row-fluid vc_custom_1598015672323 vc_row-has-fill vc_row-shadow vc_row-bg-position-top\"><div class=\"wpb_column vc_column_container vc_col-sm-12\"><div class=\"vc_column-inner\"><div class=\"wpb_wrapper\"><div class=\"vc_row wpb_row vc_inner vc_row-fluid vc_custom_1598015665926 vc_row-has-padding-top vc_row-has-padding-bottom vc_row-bg-position-top\"><div class=\"wpb_column vc_column_container vc_col-sm-4\"><div class=\"vc_column-inner vc_custom_1535972931048\"><div class=\"wpb_wrapper\"><div class=\"kd_counter icon-top kd-animated zoomIn\" ><div class=\"kd_counter_content\"><h4 class=\"kd_counter_number\"><span class=\"kd_number_string\" style=\"font-weight:400;\" data-from=\"0\" data-to=\"132\" data-number-format=\"1\" data-refresh-interval=\"50\">0<\/span><\/h4><div class=\"kd_counter_text\" >Habitaciones<\/div><\/div><\/div><\/div><\/div><\/div><div class=\"wpb_column vc_column_container vc_col-sm-4\"><div class=\"vc_column-inner vc_custom_1535972934416\"><div class=\"wpb_wrapper\"><div class=\"kd_counter icon-top kd-animated zoomIn\" data-animation-delay=200><div class=\"kd_counter_content\"><h4 class=\"kd_counter_number\"><span class=\"kd_number_string\" style=\"font-weight:400;\" data-from=\"0\" data-to=\"16\" data-number-format=\"1\" data-refresh-interval=\"50\">0<\/span><\/h4><div class=\"kd_counter_text\" >Salones<\/div><\/div><\/div><\/div><\/div><\/div><div class=\"wpb_column vc_column_container vc_col-sm-4\"><div class=\"vc_column-inner\"><div class=\"wpb_wrapper\"><div class=\"kd_counter icon-top\" ><div class=\"kd_counter_content\"><h4 class=\"kd_counter_number\"><span class=\"kd_number_string\" style=\"font-weight:400;\" data-from=\"0\" data-to=\"350\" data-number-format=\"1\" data-refresh-interval=\"50\">0<\/span><span class=\"kd_counter_units\" style=\"font-weight:400;\">pax<\/span><\/h4><div class=\"kd_counter_text\" >Sal\u00f3n con mayor capacidad<\/div><\/div><\/div><\/div><\/div><\/div><\/div><\/div><\/div><\/div><\/div>\n<\/section>","protected":false},"excerpt":{"rendered":"[recent_products per_page=\"3\" columns=\"3\" orderby=\"\" order=\"\"]Hotel Diamond RadissonUbicado cerca de la vida nocturna y los excelentes restaurantes que se encuentran en la calle 84; es un alojamiento donde encontrar\u00e1 una cama c\u00f3moda y control de temperatura individual en la habitaci\u00f3n.Tiene servicio [...]","protected":false},"author":1,"featured_media":0,"parent":0,"menu_order":0,"comment_status":"closed","ping_status":"closed","template":"","meta":{"_tec_requires_first_save":true,"_EventAllDay":false,"_EventTimezone":"","_EventStartDate":"","_EventEndDate":"","_EventStartDateUTC":"","_EventEndDateUTC":"","_EventShowMap":false,"_EventShowMapLink":false,"_EventURL":"","_EventCost":"","_EventCostDescription":"","_EventCurrencySymbol":"","_EventCurrencyCode":"","_EventCurrencyPosition":"","_EventDateTimeSeparator":"","_EventTimeRangeSeparator":"","_EventOrganizerID":[],"_EventVenueID":[],"_OrganizerEmail":"","_OrganizerPhone":"","_OrganizerWebsite":"","_VenueAddress":"","_VenueCity":"","_VenueCountry":"","_VenueProvince":"","_VenueState":"","_VenueZip":"","_VenuePhone":"","_VenueURL":"","_VenueStateProvince":"","_VenueLat":"","_VenueLng":"","_VenueShowMap":false,"_VenueShowMapLink":false,"_tribe_blocks_recurrence_rules":"","_tribe_blocks_recurrence_description":"","_tribe_blocks_recurrence_exclusions":"","footnotes":""},"class_list":["post-11922","page","type-page","status-publish","hentry"],"acf":[],"yoast_head":"<!-- This site is optimized with the Yoast SEO plugin v27.4 - https:\/\/yoast.com\/product\/yoast-seo-wordpress\/ -->\n<title>Hotel Diamond Radisson | ProBarranquilla<\/title>\n<meta name=\"robots\" content=\"index, follow, max-snippet:-1, max-image-preview:large, max-video-preview:-1\" \/>\n<link rel=\"canonical\" href=\"https:\/\/probarranquilla.org\/en\/hotel-diamond-radisson\/\" \/>\n<meta property=\"og:locale\" content=\"en_US\" \/>\n<meta property=\"og:type\" content=\"article\" \/>\n<meta property=\"og:title\" content=\"Hotel Diamond Radisson | ProBarranquilla\" \/>\n<meta property=\"og:url\" content=\"https:\/\/probarranquilla.org\/en\/hotel-diamond-radisson\/\" \/>\n<meta property=\"og:site_name\" content=\"ProBarranquilla\" \/>\n<meta property=\"article:publisher\" content=\"https:\/\/www.facebook.com\/ProBarranquilla\/\" \/>\n<meta property=\"article:modified_time\" content=\"2021-12-07T14:34:10+00:00\" \/>\n<meta property=\"og:image\" content=\"https:\/\/probarranquilla.org\/wp-content\/uploads\/2022\/08\/redes-sociales-probaq-1.png\" \/>\n\t<meta property=\"og:image:width\" content=\"500\" \/>\n\t<meta property=\"og:image:height\" content=\"250\" \/>\n\t<meta property=\"og:image:type\" content=\"image\/png\" \/>\n<meta name=\"twitter:card\" content=\"summary_large_image\" \/>\n<meta name=\"twitter:site\" content=\"@ProBaq\" \/>\n<meta name=\"twitter:label1\" content=\"Est. reading time\" \/>\n\t<meta name=\"twitter:data1\" content=\"5 minutes\" \/>\n<script type=\"application\/ld+json\" class=\"yoast-schema-graph\">{\"@context\":\"https:\\\/\\\/schema.org\",\"@graph\":[{\"@type\":\"WebPage\",\"@id\":\"https:\\\/\\\/probarranquilla.org\\\/hotel-diamond-radisson\\\/\",\"url\":\"https:\\\/\\\/probarranquilla.org\\\/hotel-diamond-radisson\\\/\",\"name\":\"Hotel Diamond Radisson | ProBarranquilla\",\"isPartOf\":{\"@id\":\"https:\\\/\\\/probarranquilla.org\\\/#website\"},\"datePublished\":\"2021-12-07T14:24:26+00:00\",\"dateModified\":\"2021-12-07T14:34:10+00:00\",\"breadcrumb\":{\"@id\":\"https:\\\/\\\/probarranquilla.org\\\/hotel-diamond-radisson\\\/#breadcrumb\"},\"inLanguage\":\"en-US\",\"potentialAction\":[{\"@type\":\"ReadAction\",\"target\":[\"https:\\\/\\\/probarranquilla.org\\\/hotel-diamond-radisson\\\/\"]}]},{\"@type\":\"BreadcrumbList\",\"@id\":\"https:\\\/\\\/probarranquilla.org\\\/hotel-diamond-radisson\\\/#breadcrumb\",\"itemListElement\":[{\"@type\":\"ListItem\",\"position\":1,\"name\":\"Inicio\",\"item\":\"https:\\\/\\\/probarranquilla.org\\\/\"},{\"@type\":\"ListItem\",\"position\":2,\"name\":\"Hotel Diamond Radisson\"}]},{\"@type\":\"WebSite\",\"@id\":\"https:\\\/\\\/probarranquilla.org\\\/#website\",\"url\":\"https:\\\/\\\/probarranquilla.org\\\/\",\"name\":\"ProBarranquilla\",\"description\":\"ProBarranquilla\",\"publisher\":{\"@id\":\"https:\\\/\\\/probarranquilla.org\\\/#organization\"},\"potentialAction\":[{\"@type\":\"SearchAction\",\"target\":{\"@type\":\"EntryPoint\",\"urlTemplate\":\"https:\\\/\\\/probarranquilla.org\\\/?s={search_term_string}\"},\"query-input\":{\"@type\":\"PropertyValueSpecification\",\"valueRequired\":true,\"valueName\":\"search_term_string\"}}],\"inLanguage\":\"en-US\"},{\"@type\":\"Organization\",\"@id\":\"https:\\\/\\\/probarranquilla.org\\\/#organization\",\"name\":\"ProBarranquilla\",\"url\":\"https:\\\/\\\/probarranquilla.org\\\/\",\"logo\":{\"@type\":\"ImageObject\",\"inLanguage\":\"en-US\",\"@id\":\"https:\\\/\\\/probarranquilla.org\\\/#\\\/schema\\\/logo\\\/image\\\/\",\"url\":\"https:\\\/\\\/9pcc8a.p3cdn1.secureserver.net\\\/wp-content\\\/uploads\\\/2022\\\/08\\\/redes-sociales-probaq-1.png?time=1669419395\",\"contentUrl\":\"https:\\\/\\\/9pcc8a.p3cdn1.secureserver.net\\\/wp-content\\\/uploads\\\/2022\\\/08\\\/redes-sociales-probaq-1.png?time=1669419395\",\"width\":500,\"height\":250,\"caption\":\"ProBarranquilla\"},\"image\":{\"@id\":\"https:\\\/\\\/probarranquilla.org\\\/#\\\/schema\\\/logo\\\/image\\\/\"},\"sameAs\":[\"https:\\\/\\\/www.facebook.com\\\/ProBarranquilla\\\/\",\"https:\\\/\\\/x.com\\\/ProBaq\"]}]}<\/script>\n<!-- \/ Yoast SEO plugin. -->","yoast_head_json":{"title":"Hotel Diamond Radisson | ProBarranquilla","robots":{"index":"index","follow":"follow","max-snippet":"max-snippet:-1","max-image-preview":"max-image-preview:large","max-video-preview":"max-video-preview:-1"},"canonical":"https:\/\/probarranquilla.org\/en\/hotel-diamond-radisson\/","og_locale":"en_US","og_type":"article","og_title":"Hotel Diamond Radisson | ProBarranquilla","og_url":"https:\/\/probarranquilla.org\/en\/hotel-diamond-radisson\/","og_site_name":"ProBarranquilla","article_publisher":"https:\/\/www.facebook.com\/ProBarranquilla\/","article_modified_time":"2021-12-07T14:34:10+00:00","og_image":[{"width":500,"height":250,"url":"https:\/\/probarranquilla.org\/wp-content\/uploads\/2022\/08\/redes-sociales-probaq-1.png","type":"image\/png"}],"twitter_card":"summary_large_image","twitter_site":"@ProBaq","twitter_misc":{"Est. reading time":"5 minutes"},"schema":{"@context":"https:\/\/schema.org","@graph":[{"@type":"WebPage","@id":"https:\/\/probarranquilla.org\/hotel-diamond-radisson\/","url":"https:\/\/probarranquilla.org\/hotel-diamond-radisson\/","name":"Hotel Diamond Radisson | ProBarranquilla","isPartOf":{"@id":"https:\/\/probarranquilla.org\/#website"},"datePublished":"2021-12-07T14:24:26+00:00","dateModified":"2021-12-07T14:34:10+00:00","breadcrumb":{"@id":"https:\/\/probarranquilla.org\/hotel-diamond-radisson\/#breadcrumb"},"inLanguage":"en-US","potentialAction":[{"@type":"ReadAction","target":["https:\/\/probarranquilla.org\/hotel-diamond-radisson\/"]}]},{"@type":"BreadcrumbList","@id":"https:\/\/probarranquilla.org\/hotel-diamond-radisson\/#breadcrumb","itemListElement":[{"@type":"ListItem","position":1,"name":"Inicio","item":"https:\/\/probarranquilla.org\/"},{"@type":"ListItem","position":2,"name":"Hotel Diamond Radisson"}]},{"@type":"WebSite","@id":"https:\/\/probarranquilla.org\/#website","url":"https:\/\/probarranquilla.org\/","name":"ProBarranquilla","description":"ProBarranquilla","publisher":{"@id":"https:\/\/probarranquilla.org\/#organization"},"potentialAction":[{"@type":"SearchAction","target":{"@type":"EntryPoint","urlTemplate":"https:\/\/probarranquilla.org\/?s={search_term_string}"},"query-input":{"@type":"PropertyValueSpecification","valueRequired":true,"valueName":"search_term_string"}}],"inLanguage":"en-US"},{"@type":"Organization","@id":"https:\/\/probarranquilla.org\/#organization","name":"ProBarranquilla","url":"https:\/\/probarranquilla.org\/","logo":{"@type":"ImageObject","inLanguage":"en-US","@id":"https:\/\/probarranquilla.org\/#\/schema\/logo\/image\/","url":"https:\/\/9pcc8a.p3cdn1.secureserver.net\/wp-content\/uploads\/2022\/08\/redes-sociales-probaq-1.png?time=1669419395","contentUrl":"https:\/\/9pcc8a.p3cdn1.secureserver.net\/wp-content\/uploads\/2022\/08\/redes-sociales-probaq-1.png?time=1669419395","width":500,"height":250,"caption":"ProBarranquilla"},"image":{"@id":"https:\/\/probarranquilla.org\/#\/schema\/logo\/image\/"},"sameAs":["https:\/\/www.facebook.com\/ProBarranquilla\/","https:\/\/x.com\/ProBaq"]}]}},"_links":{"self":[{"href":"https:\/\/probarranquilla.org\/en\/wp-json\/wp\/v2\/pages\/11922","targetHints":{"allow":["GET"]}}],"collection":[{"href":"https:\/\/probarranquilla.org\/en\/wp-json\/wp\/v2\/pages"}],"about":[{"href":"https:\/\/probarranquilla.org\/en\/wp-json\/wp\/v2\/types\/page"}],"author":[{"embeddable":true,"href":"https:\/\/probarranquilla.org\/en\/wp-json\/wp\/v2\/users\/1"}],"replies":[{"embeddable":true,"href":"https:\/\/probarranquilla.org\/en\/wp-json\/wp\/v2\/comments?post=11922"}],"version-history":[{"count":0,"href":"https:\/\/probarranquilla.org\/en\/wp-json\/wp\/v2\/pages\/11922\/revisions"}],"wp:attachment":[{"href":"https:\/\/probarranquilla.org\/en\/wp-json\/wp\/v2\/media?parent=11922"}],"curies":[{"name":"wp","href":"https:\/\/api.w.org\/{rel}","templated":true}]}}