{"id":13283,"date":"2022-08-05T14:40:54","date_gmt":"2022-08-05T19:40:54","guid":{"rendered":"https:\/\/probarranquilla.org\/?page_id=13283"},"modified":"2022-08-08T14:31:52","modified_gmt":"2022-08-08T19:31:52","slug":"ubicacion-estrategica-y-conectividad","status":"publish","type":"page","link":"https:\/\/probarranquilla.org\/en\/invertir\/ubicacion-estrategica-y-conectividad\/","title":{"rendered":"Strategic location and connectivity"},"content":{"rendered":"<section class=\"wpb-content-wrapper\"><div data-vc-full-width=\"true\" data-vc-full-width-init=\"false\" class=\"vc_row wpb_row vc_row-fluid vc_custom_1635406156914 vc_row-has-fill vc_row-o-full-height vc_row-o-columns-middle vc_row-bg-position-top vc_row-flex\"><div class=\"wpb_column vc_column_container vc_col-sm-12\"><div class=\"vc_column-inner\"><div class=\"wpb_wrapper\"><header class=\"kd-section-title col-lg-12 text-center  subtitle-below-title\" ><h1 class=\"separator_off\" style=\"color: #ffffff;\">Strategic location and<br \/>\nconectividad<\/h1><\/header><\/div><\/div><\/div><\/div><div class=\"vc_row-full-width vc_clearfix\"><\/div><div class=\"vc_row wpb_row vc_row-fluid vc_custom_1659976641938 vc_row-has-padding-top vc_row-has-padding-bottom vc_row-o-equal-height vc_row-bg-position-top vc_row-flex\"><div class=\"wpb_column vc_column_container vc_col-sm-12\"><div class=\"vc_column-inner vc_custom_1597665991208\"><div class=\"wpb_wrapper\"><div class=\"vc_row wpb_row vc_inner vc_row-fluid vc_row-bg-position-top vc_row-o-equal-height vc_row-flex\"><div class=\"wpb_column vc_column_container vc_col-sm-4\"><div class=\"vc_column-inner   vc_custom_1598606048566\"><div class=\"wpb_wrapper\"><div class=\"key-icon-box icon-default icon-top cont-center ib-hover-1    with-border icon-with-background icon-no-border kd-animated fadeInUp\" style=\"background-color: transparent;border: 1px solid #e7e7e7;\" ><div class=\"ib-wrapper\" style=\"padding-top:40px;padding-bottom:120px;padding-left:60px;padding-right:60px;\"><div class=\"ib-icon-wrapper\" style=\"background-color: #e0f0fd;width:70px;height:70px;margin-bottom:40px;\"><i class=\"fas fa-map-marker-alt\" style=\"color: #7778f1;font-size: 28px;\"><\/i> <\/div><p >Located at the gateway to Latin America, bordering the Caribbean Sea and the departments of magdalena and bolivar.<\/p><\/div><\/div><\/div><\/div><\/div><div class=\"wpb_column vc_column_container vc_col-sm-4\"><div class=\"vc_column-inner   vc_custom_1598606053781\"><div class=\"wpb_wrapper\"><div class=\"key-icon-box icon-default icon-top cont-center ib-hover-1    with-border icon-with-background icon-no-border kd-animated fadeInUp\" style=\"background-color: transparent;border: 1px solid #e7e7e7;\" data-animation-delay=\"200\"><div class=\"ib-wrapper\" style=\"padding-top:40px;padding-bottom:120px;padding-left:60px;padding-right:60px;\"><div class=\"ib-icon-wrapper\" style=\"background-color: #d9f3f6;width:70px;height:70px;margin-bottom:40px;\"><i class=\"fas fa-anchor\" style=\"color: #5abcc8;font-size: 28px;\"><\/i> <\/div><p >Positioned as a multimodal logistics platform with maritime, river, air and land connectivity.<\/p><\/div><\/div><\/div><\/div><\/div><div class=\"wpb_column vc_column_container vc_col-sm-4\"><div class=\"vc_column-inner   vc_custom_1598606059854\"><div class=\"wpb_wrapper\"><div class=\"key-icon-box icon-default icon-top cont-center ib-hover-1    with-border icon-with-background icon-no-border kd-animated fadeInUp\" style=\"background-color: transparent;border: 1px solid #e7e7e7;\" data-animation-delay=\"400\"><div class=\"ib-wrapper\" style=\"padding-top:40px;padding-bottom:48px;padding-left:60px;padding-right:60px;\"><div class=\"ib-icon-wrapper\" style=\"background-color: #f0e4fb;width:70px;height:70px;margin-bottom:40px;\"><i class=\"iconsmind-Flag-2 iconsmind-Flags\" style=\"color: #a974dd;font-size: 28px;font-weight: 700;\"><\/i> <\/div><p >Our location allows you to take advantage of the 15 international treaties signed nationally, and in turn access a potential market of more than 1.5 billion consumers.<\/p><\/div><\/div><\/div><\/div><\/div><\/div><\/div><\/div><\/div><\/div><div data-vc-full-width=\"true\" data-vc-full-width-init=\"false\" class=\"vc_row wpb_row vc_row-fluid vc_custom_1659976823397 vc_row-has-padding-top vc_row-has-padding-bottom vc_row-bg-position-top\"><div class=\"wpb_column vc_column_container vc_col-sm-12\"><div class=\"vc_column-inner\"><div class=\"wpb_wrapper\">\r\n            <div class=\"kd-process-steps process_four_elem process-checkbox-template\">\r\n                <ul>\r\n                <li class=\"pss-item kd-animated fadeIn\" >\r\n                    <div class=\"pss-container\"><div class=\"pss-step-number\"><span >1<\/span><\/div><div class=\"pss-text-area\"><h5 style=\"color: #27388d;\">Maritime and river connectivity<\/h5><p >Barranquilla is located on the western bank of the Magdalena River, the main river artery in Colombia, which crosses 18 departments of the country and accounts for more than 85% of the national GDP.<\/p><\/div>\r\n                    <\/div>\r\n                <\/li>\r\n                <li class=\"pss-item kd-animated fadeIn\" data-animation-delay=\"200\">\r\n                    <div class=\"pss-container\"><div class=\"pss-step-number\"><span >2<\/span><\/div><div class=\"pss-text-area\"><h5 style=\"color: #27388d;\">Land<br \/>\nAir<\/h5><p >It has the Ernesto Cortissoz International Airport, just 1 hour from the hub of the Americas in Panama and 3 hours from Miami. It ranks fifth in passenger mobilization in the country and third in cargo mobilization in the country.<\/p><\/div>\r\n                    <\/div>\r\n                <\/li>\r\n                <li class=\"pss-item kd-animated fadeIn\" data-animation-delay=\"400\">\r\n                    <div class=\"pss-container\"><div class=\"pss-step-number\"><span >3<\/span><\/div><div class=\"pss-text-area\"><h5 style=\"color: #27388d;\">Land<br \/>\nconnectivity<\/h5><p >The Atlantic is located less than 400D km from the main capital cities of the north coast, 700 km from Antioquia and 600 km from the Santanderes, and has 4G roads that connect it to the center of the country.<\/p><\/div>\r\n                    <\/div>\r\n                <\/li>\r\n                <li class=\"pss-item kd-animated fadeIn\" data-animation-delay=\"600\">\r\n                    <div class=\"pss-container\"><div class=\"pss-step-number\"><span >4<\/span><\/div><div class=\"pss-text-area\"><h5 style=\"color: #27388d;\">Telecommunications connectivity<\/h5><p >4 of the 13 submarine cables connecting Colombia to the world enter the Atlantic department, allowing high redundancy and fast internet connectivity.<\/p><\/div>\r\n                    <\/div>\r\n                <\/li><\/ul>\r\n            <\/div><\/div><\/div><\/div><\/div><div class=\"vc_row-full-width vc_clearfix\"><\/div>\n<\/section>","protected":false},"excerpt":{"rendered":"Ubicaci\u00f3n estrat\u00e9gica y conectividad Ubicados en la puerta de entrada a latinoam\u00e9rica, limitando con el mar Caribe y los departamentos de Magdalena y Bol\u00edvar. Posicionados como una plataforma log\u00edstica multimodal al contar con conectividad mar\u00edtima, fluvial, a\u00e9rea y terrestre. Nuestra [...]","protected":false},"author":1,"featured_media":0,"parent":10202,"menu_order":0,"comment_status":"closed","ping_status":"closed","template":"","meta":{"_tec_requires_first_save":true,"_EventAllDay":false,"_EventTimezone":"","_EventStartDate":"","_EventEndDate":"","_EventStartDateUTC":"","_EventEndDateUTC":"","_EventShowMap":false,"_EventShowMapLink":false,"_EventURL":"","_EventCost":"","_EventCostDescription":"","_EventCurrencySymbol":"","_EventCurrencyCode":"","_EventCurrencyPosition":"","_EventDateTimeSeparator":"","_EventTimeRangeSeparator":"","_EventOrganizerID":[],"_EventVenueID":[],"_OrganizerEmail":"","_OrganizerPhone":"","_OrganizerWebsite":"","_VenueAddress":"","_VenueCity":"","_VenueCountry":"","_VenueProvince":"","_VenueState":"","_VenueZip":"","_VenuePhone":"","_VenueURL":"","_VenueStateProvince":"","_VenueLat":"","_VenueLng":"","_VenueShowMap":false,"_VenueShowMapLink":false,"_tribe_blocks_recurrence_rules":"","_tribe_blocks_recurrence_description":"","_tribe_blocks_recurrence_exclusions":"","footnotes":""},"class_list":["post-13283","page","type-page","status-publish","hentry"],"acf":[],"yoast_head":"<!-- This site is optimized with the Yoast SEO plugin v27.4 - https:\/\/yoast.com\/product\/yoast-seo-wordpress\/ -->\n<title>Ubicaci\u00f3n estrat\u00e9gica y conectividad | ProBarranquilla<\/title>\n<meta name=\"robots\" content=\"index, follow, max-snippet:-1, max-image-preview:large, max-video-preview:-1\" \/>\n<link rel=\"canonical\" href=\"https:\/\/probarranquilla.org\/en\/invertir\/ubicacion-estrategica-y-conectividad\/\" \/>\n<meta property=\"og:locale\" content=\"en_US\" \/>\n<meta property=\"og:type\" content=\"article\" \/>\n<meta property=\"og:title\" content=\"Ubicaci\u00f3n estrat\u00e9gica y conectividad | ProBarranquilla\" \/>\n<meta property=\"og:url\" content=\"https:\/\/probarranquilla.org\/en\/invertir\/ubicacion-estrategica-y-conectividad\/\" \/>\n<meta property=\"og:site_name\" content=\"ProBarranquilla\" \/>\n<meta property=\"article:publisher\" content=\"https:\/\/www.facebook.com\/ProBarranquilla\/\" \/>\n<meta property=\"article:modified_time\" content=\"2022-08-08T19:31:52+00:00\" \/>\n<meta property=\"og:image\" content=\"https:\/\/probarranquilla.org\/wp-content\/uploads\/2022\/08\/redes-sociales-probaq-1.png\" \/>\n\t<meta property=\"og:image:width\" content=\"500\" \/>\n\t<meta property=\"og:image:height\" content=\"250\" \/>\n\t<meta property=\"og:image:type\" content=\"image\/png\" \/>\n<meta name=\"twitter:card\" content=\"summary_large_image\" \/>\n<meta name=\"twitter:site\" content=\"@ProBaq\" \/>\n<script type=\"application\/ld+json\" class=\"yoast-schema-graph\">{\"@context\":\"https:\\\/\\\/schema.org\",\"@graph\":[{\"@type\":\"WebPage\",\"@id\":\"https:\\\/\\\/probarranquilla.org\\\/invertir\\\/ubicacion-estrategica-y-conectividad\\\/\",\"url\":\"https:\\\/\\\/probarranquilla.org\\\/invertir\\\/ubicacion-estrategica-y-conectividad\\\/\",\"name\":\"Ubicaci\u00f3n estrat\u00e9gica y conectividad | ProBarranquilla\",\"isPartOf\":{\"@id\":\"https:\\\/\\\/probarranquilla.org\\\/#website\"},\"datePublished\":\"2022-08-05T19:40:54+00:00\",\"dateModified\":\"2022-08-08T19:31:52+00:00\",\"breadcrumb\":{\"@id\":\"https:\\\/\\\/probarranquilla.org\\\/invertir\\\/ubicacion-estrategica-y-conectividad\\\/#breadcrumb\"},\"inLanguage\":\"en-US\",\"potentialAction\":[{\"@type\":\"ReadAction\",\"target\":[\"https:\\\/\\\/probarranquilla.org\\\/invertir\\\/ubicacion-estrategica-y-conectividad\\\/\"]}]},{\"@type\":\"BreadcrumbList\",\"@id\":\"https:\\\/\\\/probarranquilla.org\\\/invertir\\\/ubicacion-estrategica-y-conectividad\\\/#breadcrumb\",\"itemListElement\":[{\"@type\":\"ListItem\",\"position\":1,\"name\":\"Inicio\",\"item\":\"https:\\\/\\\/probarranquilla.org\\\/\"},{\"@type\":\"ListItem\",\"position\":2,\"name\":\"Invertir\",\"item\":\"https:\\\/\\\/probarranquilla.org\\\/invertir\\\/\"},{\"@type\":\"ListItem\",\"position\":3,\"name\":\"Ubicaci\u00f3n estrat\u00e9gica y conectividad\"}]},{\"@type\":\"WebSite\",\"@id\":\"https:\\\/\\\/probarranquilla.org\\\/#website\",\"url\":\"https:\\\/\\\/probarranquilla.org\\\/\",\"name\":\"ProBarranquilla\",\"description\":\"ProBarranquilla\",\"publisher\":{\"@id\":\"https:\\\/\\\/probarranquilla.org\\\/#organization\"},\"potentialAction\":[{\"@type\":\"SearchAction\",\"target\":{\"@type\":\"EntryPoint\",\"urlTemplate\":\"https:\\\/\\\/probarranquilla.org\\\/?s={search_term_string}\"},\"query-input\":{\"@type\":\"PropertyValueSpecification\",\"valueRequired\":true,\"valueName\":\"search_term_string\"}}],\"inLanguage\":\"en-US\"},{\"@type\":\"Organization\",\"@id\":\"https:\\\/\\\/probarranquilla.org\\\/#organization\",\"name\":\"ProBarranquilla\",\"url\":\"https:\\\/\\\/probarranquilla.org\\\/\",\"logo\":{\"@type\":\"ImageObject\",\"inLanguage\":\"en-US\",\"@id\":\"https:\\\/\\\/probarranquilla.org\\\/#\\\/schema\\\/logo\\\/image\\\/\",\"url\":\"https:\\\/\\\/9pcc8a.p3cdn1.secureserver.net\\\/wp-content\\\/uploads\\\/2022\\\/08\\\/redes-sociales-probaq-1.png?time=1669419395\",\"contentUrl\":\"https:\\\/\\\/9pcc8a.p3cdn1.secureserver.net\\\/wp-content\\\/uploads\\\/2022\\\/08\\\/redes-sociales-probaq-1.png?time=1669419395\",\"width\":500,\"height\":250,\"caption\":\"ProBarranquilla\"},\"image\":{\"@id\":\"https:\\\/\\\/probarranquilla.org\\\/#\\\/schema\\\/logo\\\/image\\\/\"},\"sameAs\":[\"https:\\\/\\\/www.facebook.com\\\/ProBarranquilla\\\/\",\"https:\\\/\\\/x.com\\\/ProBaq\"]}]}<\/script>\n<!-- \/ Yoast SEO plugin. -->","yoast_head_json":{"title":"Ubicaci\u00f3n estrat\u00e9gica y conectividad | ProBarranquilla","robots":{"index":"index","follow":"follow","max-snippet":"max-snippet:-1","max-image-preview":"max-image-preview:large","max-video-preview":"max-video-preview:-1"},"canonical":"https:\/\/probarranquilla.org\/en\/invertir\/ubicacion-estrategica-y-conectividad\/","og_locale":"en_US","og_type":"article","og_title":"Ubicaci\u00f3n estrat\u00e9gica y conectividad | ProBarranquilla","og_url":"https:\/\/probarranquilla.org\/en\/invertir\/ubicacion-estrategica-y-conectividad\/","og_site_name":"ProBarranquilla","article_publisher":"https:\/\/www.facebook.com\/ProBarranquilla\/","article_modified_time":"2022-08-08T19:31:52+00:00","og_image":[{"width":500,"height":250,"url":"https:\/\/probarranquilla.org\/wp-content\/uploads\/2022\/08\/redes-sociales-probaq-1.png","type":"image\/png"}],"twitter_card":"summary_large_image","twitter_site":"@ProBaq","schema":{"@context":"https:\/\/schema.org","@graph":[{"@type":"WebPage","@id":"https:\/\/probarranquilla.org\/invertir\/ubicacion-estrategica-y-conectividad\/","url":"https:\/\/probarranquilla.org\/invertir\/ubicacion-estrategica-y-conectividad\/","name":"Ubicaci\u00f3n estrat\u00e9gica y conectividad | ProBarranquilla","isPartOf":{"@id":"https:\/\/probarranquilla.org\/#website"},"datePublished":"2022-08-05T19:40:54+00:00","dateModified":"2022-08-08T19:31:52+00:00","breadcrumb":{"@id":"https:\/\/probarranquilla.org\/invertir\/ubicacion-estrategica-y-conectividad\/#breadcrumb"},"inLanguage":"en-US","potentialAction":[{"@type":"ReadAction","target":["https:\/\/probarranquilla.org\/invertir\/ubicacion-estrategica-y-conectividad\/"]}]},{"@type":"BreadcrumbList","@id":"https:\/\/probarranquilla.org\/invertir\/ubicacion-estrategica-y-conectividad\/#breadcrumb","itemListElement":[{"@type":"ListItem","position":1,"name":"Inicio","item":"https:\/\/probarranquilla.org\/"},{"@type":"ListItem","position":2,"name":"Invertir","item":"https:\/\/probarranquilla.org\/invertir\/"},{"@type":"ListItem","position":3,"name":"Ubicaci\u00f3n estrat\u00e9gica y conectividad"}]},{"@type":"WebSite","@id":"https:\/\/probarranquilla.org\/#website","url":"https:\/\/probarranquilla.org\/","name":"ProBarranquilla","description":"ProBarranquilla","publisher":{"@id":"https:\/\/probarranquilla.org\/#organization"},"potentialAction":[{"@type":"SearchAction","target":{"@type":"EntryPoint","urlTemplate":"https:\/\/probarranquilla.org\/?s={search_term_string}"},"query-input":{"@type":"PropertyValueSpecification","valueRequired":true,"valueName":"search_term_string"}}],"inLanguage":"en-US"},{"@type":"Organization","@id":"https:\/\/probarranquilla.org\/#organization","name":"ProBarranquilla","url":"https:\/\/probarranquilla.org\/","logo":{"@type":"ImageObject","inLanguage":"en-US","@id":"https:\/\/probarranquilla.org\/#\/schema\/logo\/image\/","url":"https:\/\/9pcc8a.p3cdn1.secureserver.net\/wp-content\/uploads\/2022\/08\/redes-sociales-probaq-1.png?time=1669419395","contentUrl":"https:\/\/9pcc8a.p3cdn1.secureserver.net\/wp-content\/uploads\/2022\/08\/redes-sociales-probaq-1.png?time=1669419395","width":500,"height":250,"caption":"ProBarranquilla"},"image":{"@id":"https:\/\/probarranquilla.org\/#\/schema\/logo\/image\/"},"sameAs":["https:\/\/www.facebook.com\/ProBarranquilla\/","https:\/\/x.com\/ProBaq"]}]}},"_links":{"self":[{"href":"https:\/\/probarranquilla.org\/en\/wp-json\/wp\/v2\/pages\/13283","targetHints":{"allow":["GET"]}}],"collection":[{"href":"https:\/\/probarranquilla.org\/en\/wp-json\/wp\/v2\/pages"}],"about":[{"href":"https:\/\/probarranquilla.org\/en\/wp-json\/wp\/v2\/types\/page"}],"author":[{"embeddable":true,"href":"https:\/\/probarranquilla.org\/en\/wp-json\/wp\/v2\/users\/1"}],"replies":[{"embeddable":true,"href":"https:\/\/probarranquilla.org\/en\/wp-json\/wp\/v2\/comments?post=13283"}],"version-history":[{"count":0,"href":"https:\/\/probarranquilla.org\/en\/wp-json\/wp\/v2\/pages\/13283\/revisions"}],"up":[{"embeddable":true,"href":"https:\/\/probarranquilla.org\/en\/wp-json\/wp\/v2\/pages\/10202"}],"wp:attachment":[{"href":"https:\/\/probarranquilla.org\/en\/wp-json\/wp\/v2\/media?parent=13283"}],"curies":[{"name":"wp","href":"https:\/\/api.w.org\/{rel}","templated":true}]}}