{"id":18327,"date":"2025-03-13T15:20:25","date_gmt":"2025-03-13T20:20:25","guid":{"rendered":"https:\/\/probarranquilla.org\/?page_id=18327"},"modified":"2025-03-13T16:09:19","modified_gmt":"2025-03-13T21:09:19","slug":"ubicacion-estrategica-y-conectividad-sin-limites","status":"publish","type":"page","link":"https:\/\/probarranquilla.org\/en\/ubicacion-estrategica-y-conectividad-sin-limites\/","title":{"rendered":"Ubicaci\u00f3n estrat\u00e9gica y conectividad sin l\u00edmites"},"content":{"rendered":"<div data-elementor-type=\"wp-page\" data-elementor-id=\"18327\" class=\"elementor elementor-18327\" data-elementor-post-type=\"page\">\n\t\t\t\t<div data-particle_enable=\"false\" data-particle-mobile-disabled=\"false\" class=\"elementor-element elementor-element-99a54ef e-flex e-con-boxed e-con e-parent\" data-id=\"99a54ef\" data-element_type=\"container\" data-e-type=\"container\">\n\t\t\t\t\t<div class=\"e-con-inner\">\n\t\t<div data-particle_enable=\"false\" data-particle-mobile-disabled=\"false\" class=\"elementor-element elementor-element-029baf2 e-flex e-con-boxed e-con e-child\" data-id=\"029baf2\" data-element_type=\"container\" data-e-type=\"container\">\n\t\t\t\t\t<div class=\"e-con-inner\">\n\t\t<div data-particle_enable=\"false\" data-particle-mobile-disabled=\"false\" class=\"elementor-element elementor-element-17e126e e-flex e-con-boxed e-con e-child\" data-id=\"17e126e\" data-element_type=\"container\" data-e-type=\"container\">\n\t\t\t\t\t<div class=\"e-con-inner\">\n\t\t\t\t<div class=\"elementor-element elementor-element-1c1f5b0 elementor-widget__width-initial elementor-widget elementor-widget-heading\" data-id=\"1c1f5b0\" data-element_type=\"widget\" data-e-type=\"widget\" data-widget_type=\"heading.default\">\n\t\t\t\t<div class=\"elementor-widget-container\">\n\t\t\t\t\t<h2 class=\"elementor-heading-title elementor-size-default\">Ubicaci\u00f3n estrat\u00e9gica y conectividad sin l\u00edmites <\/h2>\t\t\t\t<\/div>\n\t\t\t\t<\/div>\n\t\t\t\t<div class=\"elementor-element elementor-element-02995f9 elementor-widget elementor-widget-text-editor\" data-id=\"02995f9\" data-element_type=\"widget\" data-e-type=\"widget\" data-widget_type=\"text-editor.default\">\n\t\t\t\t<div class=\"elementor-widget-container\">\n\t\t\t\t\t\t\t\t\t<p>En Barranquilla y el Atl\u00e1ntico somos el epicentro log\u00edstico del norte de Am\u00e9rica Latina. Nuestra ubicaci\u00f3n privilegiada y s\u00f3lida infraestructura nos posicionan como un punto clave para el comercio y la inversi\u00f3n, con acceso <strong>a m\u00e1s de 1.500 millones de consumidores en 65 pa\u00edses.<\/strong><\/p><p><strong>Conectividad multimodal<\/strong><\/p><ul><li>Mar\u00edtima y fluvial: 8 terminales portuarias, acceso al R\u00edo Magdalena y conexi\u00f3n con los puertos de Cartagena y Santa Marta. Adem\u00e1s, Barranquilla cuenta con tiempos de tr\u00e1nsito mar\u00edtimo de 5 a 8 d\u00edas hacia la costa este de EE.UU., optimizando la log\u00edstica de exportaci\u00f3n.<ul><li>Conectividad directa con Miami que permite acceso al 70% del mercado de los Estados Unidos v\u00eda tren entre 1 a 4 d\u00edas.<\/li><\/ul><\/li><li>A\u00e9rea: Aeropuerto Internacional Ernesto Cortissoz con m\u00e1s de 189 frecuencias semanales a nivel nacional, y a 1 hora de Panam\u00e1 y 3 horas de Miami.<\/li><li>Terrestre: Infraestructura vial de cuarta generaci\u00f3n y la red de carreteras m\u00e1s eficiente del Caribe colombiano. Ubicados a aproximadamente dos horas de las principales ciudades de la regi\u00f3n Caribe y a 700 km de Antioquia y 600 km de los Santanderes.<\/li><li>Digital: Punto de conexi\u00f3n clave con tres cables submarinos y acceso directo al NAP de las Am\u00e9ricas, garantizando alta conectividad y seguridad de datos.<\/li><\/ul>\t\t\t\t\t\t\t\t<\/div>\n\t\t\t\t<\/div>\n\t\t\t\t\t<\/div>\n\t\t\t\t<\/div>\n\t\t<div data-particle_enable=\"false\" data-particle-mobile-disabled=\"false\" class=\"elementor-element elementor-element-c3fed2d e-flex e-con-boxed e-con e-child\" data-id=\"c3fed2d\" data-element_type=\"container\" data-e-type=\"container\">\n\t\t\t\t\t<div class=\"e-con-inner\">\n\t\t\t\t<div class=\"elementor-element elementor-element-42bf061 elementor-widget elementor-widget-image\" data-id=\"42bf061\" data-element_type=\"widget\" data-e-type=\"widget\" data-widget_type=\"image.default\">\n\t\t\t\t<div class=\"elementor-widget-container\">\n\t\t\t\t\t\t\t\t\t\t\t\t\t\t\t<img fetchpriority=\"high\" decoding=\"async\" width=\"699\" height=\"889\" src=\"https:\/\/probarranquilla.org\/wp-content\/uploads\/2025\/03\/Mapa-Atlantico.png\" class=\"attachment-large size-large wp-image-18335\" alt=\"\" srcset=\"https:\/\/probarranquilla.org\/wp-content\/uploads\/2025\/03\/Mapa-Atlantico.png 699w, https:\/\/probarranquilla.org\/wp-content\/uploads\/2025\/03\/Mapa-Atlantico-236x300.png 236w, https:\/\/probarranquilla.org\/wp-content\/uploads\/2025\/03\/Mapa-Atlantico-9x12.png 9w\" sizes=\"(max-width: 699px) 100vw, 699px\" \/>\t\t\t\t\t\t\t\t\t\t\t\t\t\t\t<\/div>\n\t\t\t\t<\/div>\n\t\t\t\t\t<\/div>\n\t\t\t\t<\/div>\n\t\t\t\t\t<\/div>\n\t\t\t\t<\/div>\n\t\t\t\t\t<\/div>\n\t\t\t\t<\/div>\n\t\t\t\t<\/div>","protected":false},"excerpt":{"rendered":"<p>Ubicaci\u00f3n estrat\u00e9gica y conectividad sin l\u00edmites En Barranquilla y el Atl\u00e1ntico somos el epicentro log\u00edstico del norte de Am\u00e9rica Latina. Nuestra ubicaci\u00f3n privilegiada y s\u00f3lida infraestructura nos posicionan como un punto clave para el comercio y la inversi\u00f3n, con acceso [&hellip;]<\/p>\n","protected":false},"author":5,"featured_media":0,"parent":0,"menu_order":0,"comment_status":"closed","ping_status":"closed","template":"","meta":{"_tec_requires_first_save":true,"_EventAllDay":false,"_EventTimezone":"","_EventStartDate":"","_EventEndDate":"","_EventStartDateUTC":"","_EventEndDateUTC":"","_EventShowMap":false,"_EventShowMapLink":false,"_EventURL":"","_EventCost":"","_EventCostDescription":"","_EventCurrencySymbol":"","_EventCurrencyCode":"","_EventCurrencyPosition":"","_EventDateTimeSeparator":"","_EventTimeRangeSeparator":"","_EventOrganizerID":[],"_EventVenueID":[],"_OrganizerEmail":"","_OrganizerPhone":"","_OrganizerWebsite":"","_VenueAddress":"","_VenueCity":"","_VenueCountry":"","_VenueProvince":"","_VenueState":"","_VenueZip":"","_VenuePhone":"","_VenueURL":"","_VenueStateProvince":"","_VenueLat":"","_VenueLng":"","_VenueShowMap":false,"_VenueShowMapLink":false,"_tribe_blocks_recurrence_rules":"","_tribe_blocks_recurrence_description":"","_tribe_blocks_recurrence_exclusions":"","footnotes":""},"class_list":["post-18327","page","type-page","status-publish","hentry"],"acf":[],"yoast_head":"<!-- This site is optimized with the Yoast SEO plugin v27.4 - https:\/\/yoast.com\/product\/yoast-seo-wordpress\/ -->\n<title>Ubicaci\u00f3n estrat\u00e9gica y conectividad sin l\u00edmites | ProBarranquilla<\/title>\n<meta name=\"robots\" content=\"index, follow, max-snippet:-1, max-image-preview:large, max-video-preview:-1\" \/>\n<link rel=\"canonical\" href=\"https:\/\/probarranquilla.org\/en\/ubicacion-estrategica-y-conectividad-sin-limites\/\" \/>\n<meta property=\"og:locale\" content=\"en_US\" \/>\n<meta property=\"og:type\" content=\"article\" \/>\n<meta property=\"og:title\" content=\"Ubicaci\u00f3n estrat\u00e9gica y conectividad sin l\u00edmites | ProBarranquilla\" \/>\n<meta property=\"og:description\" content=\"Ubicaci\u00f3n estrat\u00e9gica y conectividad sin l\u00edmites En Barranquilla y el Atl\u00e1ntico somos el epicentro log\u00edstico del norte de Am\u00e9rica Latina. Nuestra ubicaci\u00f3n privilegiada y s\u00f3lida infraestructura nos posicionan como un punto clave para el comercio y la inversi\u00f3n, con acceso [&hellip;]\" \/>\n<meta property=\"og:url\" content=\"https:\/\/probarranquilla.org\/en\/ubicacion-estrategica-y-conectividad-sin-limites\/\" \/>\n<meta property=\"og:site_name\" content=\"ProBarranquilla\" \/>\n<meta property=\"article:publisher\" content=\"https:\/\/www.facebook.com\/ProBarranquilla\/\" \/>\n<meta property=\"article:modified_time\" content=\"2025-03-13T21:09:19+00:00\" \/>\n<meta property=\"og:image\" content=\"https:\/\/probarranquilla.org\/wp-content\/uploads\/2025\/03\/Mapa-Atlantico.png\" \/>\n<meta name=\"twitter:card\" content=\"summary_large_image\" \/>\n<meta name=\"twitter:site\" content=\"@ProBaq\" \/>\n<meta name=\"twitter:label1\" content=\"Est. reading time\" \/>\n\t<meta name=\"twitter:data1\" content=\"1 minute\" \/>\n<script type=\"application\/ld+json\" class=\"yoast-schema-graph\">{\"@context\":\"https:\\\/\\\/schema.org\",\"@graph\":[{\"@type\":\"WebPage\",\"@id\":\"https:\\\/\\\/probarranquilla.org\\\/ubicacion-estrategica-y-conectividad-sin-limites\\\/\",\"url\":\"https:\\\/\\\/probarranquilla.org\\\/ubicacion-estrategica-y-conectividad-sin-limites\\\/\",\"name\":\"Ubicaci\u00f3n estrat\u00e9gica y conectividad sin l\u00edmites | ProBarranquilla\",\"isPartOf\":{\"@id\":\"https:\\\/\\\/probarranquilla.org\\\/#website\"},\"primaryImageOfPage\":{\"@id\":\"https:\\\/\\\/probarranquilla.org\\\/ubicacion-estrategica-y-conectividad-sin-limites\\\/#primaryimage\"},\"image\":{\"@id\":\"https:\\\/\\\/probarranquilla.org\\\/ubicacion-estrategica-y-conectividad-sin-limites\\\/#primaryimage\"},\"thumbnailUrl\":\"https:\\\/\\\/probarranquilla.org\\\/wp-content\\\/uploads\\\/2025\\\/03\\\/Mapa-Atlantico.png\",\"datePublished\":\"2025-03-13T20:20:25+00:00\",\"dateModified\":\"2025-03-13T21:09:19+00:00\",\"breadcrumb\":{\"@id\":\"https:\\\/\\\/probarranquilla.org\\\/ubicacion-estrategica-y-conectividad-sin-limites\\\/#breadcrumb\"},\"inLanguage\":\"en-US\",\"potentialAction\":[{\"@type\":\"ReadAction\",\"target\":[\"https:\\\/\\\/probarranquilla.org\\\/ubicacion-estrategica-y-conectividad-sin-limites\\\/\"]}]},{\"@type\":\"ImageObject\",\"inLanguage\":\"en-US\",\"@id\":\"https:\\\/\\\/probarranquilla.org\\\/ubicacion-estrategica-y-conectividad-sin-limites\\\/#primaryimage\",\"url\":\"https:\\\/\\\/probarranquilla.org\\\/wp-content\\\/uploads\\\/2025\\\/03\\\/Mapa-Atlantico.png\",\"contentUrl\":\"https:\\\/\\\/probarranquilla.org\\\/wp-content\\\/uploads\\\/2025\\\/03\\\/Mapa-Atlantico.png\"},{\"@type\":\"BreadcrumbList\",\"@id\":\"https:\\\/\\\/probarranquilla.org\\\/ubicacion-estrategica-y-conectividad-sin-limites\\\/#breadcrumb\",\"itemListElement\":[{\"@type\":\"ListItem\",\"position\":1,\"name\":\"Inicio\",\"item\":\"https:\\\/\\\/probarranquilla.org\\\/\"},{\"@type\":\"ListItem\",\"position\":2,\"name\":\"Ubicaci\u00f3n estrat\u00e9gica y conectividad sin l\u00edmites\"}]},{\"@type\":\"WebSite\",\"@id\":\"https:\\\/\\\/probarranquilla.org\\\/#website\",\"url\":\"https:\\\/\\\/probarranquilla.org\\\/\",\"name\":\"ProBarranquilla\",\"description\":\"ProBarranquilla\",\"publisher\":{\"@id\":\"https:\\\/\\\/probarranquilla.org\\\/#organization\"},\"potentialAction\":[{\"@type\":\"SearchAction\",\"target\":{\"@type\":\"EntryPoint\",\"urlTemplate\":\"https:\\\/\\\/probarranquilla.org\\\/?s={search_term_string}\"},\"query-input\":{\"@type\":\"PropertyValueSpecification\",\"valueRequired\":true,\"valueName\":\"search_term_string\"}}],\"inLanguage\":\"en-US\"},{\"@type\":\"Organization\",\"@id\":\"https:\\\/\\\/probarranquilla.org\\\/#organization\",\"name\":\"ProBarranquilla\",\"url\":\"https:\\\/\\\/probarranquilla.org\\\/\",\"logo\":{\"@type\":\"ImageObject\",\"inLanguage\":\"en-US\",\"@id\":\"https:\\\/\\\/probarranquilla.org\\\/#\\\/schema\\\/logo\\\/image\\\/\",\"url\":\"https:\\\/\\\/9pcc8a.p3cdn1.secureserver.net\\\/wp-content\\\/uploads\\\/2022\\\/08\\\/redes-sociales-probaq-1.png?time=1669419395\",\"contentUrl\":\"https:\\\/\\\/9pcc8a.p3cdn1.secureserver.net\\\/wp-content\\\/uploads\\\/2022\\\/08\\\/redes-sociales-probaq-1.png?time=1669419395\",\"width\":500,\"height\":250,\"caption\":\"ProBarranquilla\"},\"image\":{\"@id\":\"https:\\\/\\\/probarranquilla.org\\\/#\\\/schema\\\/logo\\\/image\\\/\"},\"sameAs\":[\"https:\\\/\\\/www.facebook.com\\\/ProBarranquilla\\\/\",\"https:\\\/\\\/x.com\\\/ProBaq\"]}]}<\/script>\n<!-- \/ Yoast SEO plugin. -->","yoast_head_json":{"title":"Ubicaci\u00f3n estrat\u00e9gica y conectividad sin l\u00edmites | ProBarranquilla","robots":{"index":"index","follow":"follow","max-snippet":"max-snippet:-1","max-image-preview":"max-image-preview:large","max-video-preview":"max-video-preview:-1"},"canonical":"https:\/\/probarranquilla.org\/en\/ubicacion-estrategica-y-conectividad-sin-limites\/","og_locale":"en_US","og_type":"article","og_title":"Ubicaci\u00f3n estrat\u00e9gica y conectividad sin l\u00edmites | ProBarranquilla","og_description":"Ubicaci\u00f3n estrat\u00e9gica y conectividad sin l\u00edmites En Barranquilla y el Atl\u00e1ntico somos el epicentro log\u00edstico del norte de Am\u00e9rica Latina. Nuestra ubicaci\u00f3n privilegiada y s\u00f3lida infraestructura nos posicionan como un punto clave para el comercio y la inversi\u00f3n, con acceso [&hellip;]","og_url":"https:\/\/probarranquilla.org\/en\/ubicacion-estrategica-y-conectividad-sin-limites\/","og_site_name":"ProBarranquilla","article_publisher":"https:\/\/www.facebook.com\/ProBarranquilla\/","article_modified_time":"2025-03-13T21:09:19+00:00","og_image":[{"url":"https:\/\/probarranquilla.org\/wp-content\/uploads\/2025\/03\/Mapa-Atlantico.png","type":"","width":"","height":""}],"twitter_card":"summary_large_image","twitter_site":"@ProBaq","twitter_misc":{"Est. reading time":"1 minute"},"schema":{"@context":"https:\/\/schema.org","@graph":[{"@type":"WebPage","@id":"https:\/\/probarranquilla.org\/ubicacion-estrategica-y-conectividad-sin-limites\/","url":"https:\/\/probarranquilla.org\/ubicacion-estrategica-y-conectividad-sin-limites\/","name":"Ubicaci\u00f3n estrat\u00e9gica y conectividad sin l\u00edmites | ProBarranquilla","isPartOf":{"@id":"https:\/\/probarranquilla.org\/#website"},"primaryImageOfPage":{"@id":"https:\/\/probarranquilla.org\/ubicacion-estrategica-y-conectividad-sin-limites\/#primaryimage"},"image":{"@id":"https:\/\/probarranquilla.org\/ubicacion-estrategica-y-conectividad-sin-limites\/#primaryimage"},"thumbnailUrl":"https:\/\/probarranquilla.org\/wp-content\/uploads\/2025\/03\/Mapa-Atlantico.png","datePublished":"2025-03-13T20:20:25+00:00","dateModified":"2025-03-13T21:09:19+00:00","breadcrumb":{"@id":"https:\/\/probarranquilla.org\/ubicacion-estrategica-y-conectividad-sin-limites\/#breadcrumb"},"inLanguage":"en-US","potentialAction":[{"@type":"ReadAction","target":["https:\/\/probarranquilla.org\/ubicacion-estrategica-y-conectividad-sin-limites\/"]}]},{"@type":"ImageObject","inLanguage":"en-US","@id":"https:\/\/probarranquilla.org\/ubicacion-estrategica-y-conectividad-sin-limites\/#primaryimage","url":"https:\/\/probarranquilla.org\/wp-content\/uploads\/2025\/03\/Mapa-Atlantico.png","contentUrl":"https:\/\/probarranquilla.org\/wp-content\/uploads\/2025\/03\/Mapa-Atlantico.png"},{"@type":"BreadcrumbList","@id":"https:\/\/probarranquilla.org\/ubicacion-estrategica-y-conectividad-sin-limites\/#breadcrumb","itemListElement":[{"@type":"ListItem","position":1,"name":"Inicio","item":"https:\/\/probarranquilla.org\/"},{"@type":"ListItem","position":2,"name":"Ubicaci\u00f3n estrat\u00e9gica y conectividad sin l\u00edmites"}]},{"@type":"WebSite","@id":"https:\/\/probarranquilla.org\/#website","url":"https:\/\/probarranquilla.org\/","name":"ProBarranquilla","description":"ProBarranquilla","publisher":{"@id":"https:\/\/probarranquilla.org\/#organization"},"potentialAction":[{"@type":"SearchAction","target":{"@type":"EntryPoint","urlTemplate":"https:\/\/probarranquilla.org\/?s={search_term_string}"},"query-input":{"@type":"PropertyValueSpecification","valueRequired":true,"valueName":"search_term_string"}}],"inLanguage":"en-US"},{"@type":"Organization","@id":"https:\/\/probarranquilla.org\/#organization","name":"ProBarranquilla","url":"https:\/\/probarranquilla.org\/","logo":{"@type":"ImageObject","inLanguage":"en-US","@id":"https:\/\/probarranquilla.org\/#\/schema\/logo\/image\/","url":"https:\/\/9pcc8a.p3cdn1.secureserver.net\/wp-content\/uploads\/2022\/08\/redes-sociales-probaq-1.png?time=1669419395","contentUrl":"https:\/\/9pcc8a.p3cdn1.secureserver.net\/wp-content\/uploads\/2022\/08\/redes-sociales-probaq-1.png?time=1669419395","width":500,"height":250,"caption":"ProBarranquilla"},"image":{"@id":"https:\/\/probarranquilla.org\/#\/schema\/logo\/image\/"},"sameAs":["https:\/\/www.facebook.com\/ProBarranquilla\/","https:\/\/x.com\/ProBaq"]}]}},"_links":{"self":[{"href":"https:\/\/probarranquilla.org\/en\/wp-json\/wp\/v2\/pages\/18327","targetHints":{"allow":["GET"]}}],"collection":[{"href":"https:\/\/probarranquilla.org\/en\/wp-json\/wp\/v2\/pages"}],"about":[{"href":"https:\/\/probarranquilla.org\/en\/wp-json\/wp\/v2\/types\/page"}],"author":[{"embeddable":true,"href":"https:\/\/probarranquilla.org\/en\/wp-json\/wp\/v2\/users\/5"}],"replies":[{"embeddable":true,"href":"https:\/\/probarranquilla.org\/en\/wp-json\/wp\/v2\/comments?post=18327"}],"version-history":[{"count":19,"href":"https:\/\/probarranquilla.org\/en\/wp-json\/wp\/v2\/pages\/18327\/revisions"}],"predecessor-version":[{"id":18347,"href":"https:\/\/probarranquilla.org\/en\/wp-json\/wp\/v2\/pages\/18327\/revisions\/18347"}],"wp:attachment":[{"href":"https:\/\/probarranquilla.org\/en\/wp-json\/wp\/v2\/media?parent=18327"}],"curies":[{"name":"wp","href":"https:\/\/api.w.org\/{rel}","templated":true}]}}