{"id":18349,"date":"2025-03-13T15:32:08","date_gmt":"2025-03-13T20:32:08","guid":{"rendered":"https:\/\/probarranquilla.org\/?page_id=18349"},"modified":"2025-03-13T15:37:50","modified_gmt":"2025-03-13T20:37:50","slug":"talento-calificado-y-disponible","status":"publish","type":"page","link":"https:\/\/probarranquilla.org\/en\/talento-calificado-y-disponible\/","title":{"rendered":"Talento calificado y disponible\u00a0"},"content":{"rendered":"\t\t<div data-elementor-type=\"wp-page\" data-elementor-id=\"18349\" class=\"elementor elementor-18349\" data-elementor-post-type=\"page\">\n\t\t\t\t<div data-particle_enable=\"false\" data-particle-mobile-disabled=\"false\" class=\"elementor-element elementor-element-f474555 e-flex e-con-boxed e-con e-parent\" data-id=\"f474555\" data-element_type=\"container\" data-e-type=\"container\">\n\t\t\t\t\t<div class=\"e-con-inner\">\n\t\t<div data-particle_enable=\"false\" data-particle-mobile-disabled=\"false\" class=\"elementor-element elementor-element-d895333 e-flex e-con-boxed e-con e-child\" data-id=\"d895333\" data-element_type=\"container\" data-e-type=\"container\">\n\t\t\t\t\t<div class=\"e-con-inner\">\n\t\t<div data-particle_enable=\"false\" data-particle-mobile-disabled=\"false\" class=\"elementor-element elementor-element-2ba6b40 e-flex e-con-boxed e-con e-child\" data-id=\"2ba6b40\" data-element_type=\"container\" data-e-type=\"container\">\n\t\t\t\t\t<div class=\"e-con-inner\">\n\t\t\t\t<div class=\"elementor-element elementor-element-6954793 elementor-widget__width-initial elementor-widget elementor-widget-heading\" data-id=\"6954793\" data-element_type=\"widget\" data-e-type=\"widget\" data-widget_type=\"heading.default\">\n\t\t\t\t<div class=\"elementor-widget-container\">\n\t\t\t\t\t<h2 class=\"elementor-heading-title elementor-size-default\">Talento calificado y disponible <\/h2>\t\t\t\t<\/div>\n\t\t\t\t<\/div>\n\t\t\t\t<div class=\"elementor-element elementor-element-0b72369 elementor-widget elementor-widget-text-editor\" data-id=\"0b72369\" data-element_type=\"widget\" data-e-type=\"widget\" data-widget_type=\"text-editor.default\">\n\t\t\t\t<div class=\"elementor-widget-container\">\n\t\t\t\t\t\t\t\t\t<p><span class=\"TextRun SCXW194883112 BCX0\" lang=\"ES-CO\" xml:lang=\"ES-CO\" data-contrast=\"auto\"><span class=\"NormalTextRun SCXW194883112 BCX0\">En Barranquilla y el Atl\u00e1ntico somos el centro de formaci\u00f3n de la regi\u00f3n Caribe colombiana, con una oferta educativa enfocada en la empleabilidad y el desarrollo empresarial.<\/span><\/span><span class=\"EOP SCXW194883112 BCX0\" data-ccp-props=\"{&quot;201341983&quot;:0,&quot;335559740&quot;:279}\">\u00a0<\/span><\/p><p><strong><span class=\"TextRun SCXW218842231 BCX0\" lang=\"ES-CO\" xml:lang=\"ES-CO\" data-contrast=\"auto\"><span class=\"NormalTextRun SCXW218842231 BCX0\">Formaci\u00f3n para el futuro<\/span><\/span><span class=\"EOP SCXW218842231 BCX0\" data-ccp-props=\"{&quot;201341983&quot;:0,&quot;335559740&quot;:279}\">\u00a0<\/span><\/strong><\/p><ul><li data-leveltext=\"\uf0b7\" data-font=\"Symbol\" data-listid=\"4\" data-list-defn-props=\"{&quot;335552541&quot;:1,&quot;335559685&quot;:720,&quot;335559991&quot;:360,&quot;469769226&quot;:&quot;Symbol&quot;,&quot;469769242&quot;:[8226],&quot;469777803&quot;:&quot;left&quot;,&quot;469777804&quot;:&quot;\uf0b7&quot;,&quot;469777815&quot;:&quot;multilevel&quot;}\" aria-setsize=\"-1\" data-aria-posinset=\"1\" data-aria-level=\"1\"><b><span data-contrast=\"auto\">Educaci\u00f3n media con enfoque t\u00e9cnico<\/span><\/b><span data-contrast=\"auto\">: Todos los colegios distritales cuentan con doble titulaci\u00f3n, permitiendo que los estudiantes se grad\u00faen del bachillerato con un t\u00edtulo t\u00e9cnico.\u00a0<\/span><span data-ccp-props=\"{&quot;201341983&quot;:0,&quot;335559740&quot;:279}\">\u00a0<\/span><\/li><\/ul><ul><li data-leveltext=\"\uf0b7\" data-font=\"Symbol\" data-listid=\"4\" data-list-defn-props=\"{&quot;335552541&quot;:1,&quot;335559685&quot;:720,&quot;335559991&quot;:360,&quot;469769226&quot;:&quot;Symbol&quot;,&quot;469769242&quot;:[8226],&quot;469777803&quot;:&quot;left&quot;,&quot;469777804&quot;:&quot;\uf0b7&quot;,&quot;469777815&quot;:&quot;multilevel&quot;}\" aria-setsize=\"-1\" data-aria-posinset=\"2\" data-aria-level=\"1\"><b><span data-contrast=\"auto\">Educaci\u00f3n superior de calidad<\/span><\/b><span data-contrast=\"auto\">: 19 instituciones de educaci\u00f3n superior. Algunas de las cinco mejores universidades del pa\u00eds est\u00e1n en el Atl\u00e1ntico, incluyendo a la <\/span><b><span data-contrast=\"auto\">Universidad del Norte<\/span><\/b><span data-contrast=\"auto\">, reconocida en rankings nacionales e internacionales, y a la <\/span><b><span data-contrast=\"auto\">Universidad de la Costa (CUC)<\/span><\/b><span data-contrast=\"auto\">, destacada por su impacto en investigaci\u00f3n.<\/span><span data-ccp-props=\"{&quot;201341983&quot;:0,&quot;335559740&quot;:279}\">\u00a0<\/span><\/li><\/ul><ul><li data-leveltext=\"\uf0b7\" data-font=\"Symbol\" data-listid=\"4\" data-list-defn-props=\"{&quot;335552541&quot;:1,&quot;335559685&quot;:720,&quot;335559991&quot;:360,&quot;469769226&quot;:&quot;Symbol&quot;,&quot;469769242&quot;:[8226],&quot;469777803&quot;:&quot;left&quot;,&quot;469777804&quot;:&quot;\uf0b7&quot;,&quot;469777815&quot;:&quot;multilevel&quot;}\" aria-setsize=\"-1\" data-aria-posinset=\"3\" data-aria-level=\"1\"><b><span data-contrast=\"auto\">Alta producci\u00f3n de talento<\/span><\/b><span data-contrast=\"auto\">: En la \u00faltima d\u00e9cada, <\/span><b><span data-contrast=\"auto\">m\u00e1s de 256.000 profesionales<\/span><\/b><span data-contrast=\"auto\"> egresaron en el Atl\u00e1ntico, representando el <\/span><b><span data-contrast=\"auto\">36% de los graduados de pregrado y el 47% de posgrado en el Caribe colombiano<\/span><\/b><span data-contrast=\"auto\">.<\/span><span data-ccp-props=\"{&quot;201341983&quot;:0,&quot;335559740&quot;:279}\">\u00a0<\/span><\/li><\/ul><p><strong><span class=\"TextRun SCXW67896758 BCX0\" lang=\"ES-CO\" xml:lang=\"ES-CO\" data-contrast=\"auto\"><span class=\"NormalTextRun SCXW67896758 BCX0\">Innovaci\u00f3n y formaci\u00f3n especializada<\/span><\/span><span class=\"EOP SCXW67896758 BCX0\" data-ccp-props=\"{&quot;201341983&quot;:0,&quot;335559740&quot;:279}\">\u00a0<\/span><\/strong><\/p><ul><li data-leveltext=\"\uf0b7\" data-font=\"Symbol\" data-listid=\"5\" data-list-defn-props=\"{&quot;335552541&quot;:1,&quot;335559685&quot;:720,&quot;335559991&quot;:360,&quot;469769226&quot;:&quot;Symbol&quot;,&quot;469769242&quot;:[8226],&quot;469777803&quot;:&quot;left&quot;,&quot;469777804&quot;:&quot;\uf0b7&quot;,&quot;469777815&quot;:&quot;multilevel&quot;}\" aria-setsize=\"-1\" data-aria-posinset=\"1\" data-aria-level=\"1\"><b><span data-contrast=\"auto\">Investigaci\u00f3n de alto nivel<\/span><\/b><span data-contrast=\"auto\">: El Atl\u00e1ntico cuenta con <\/span><b><span data-contrast=\"auto\">316 grupos de investigaci\u00f3n<\/span><\/b><span data-contrast=\"auto\">, 67 en la m\u00e1xima categor\u00eda de Colciencias.<\/span><span data-ccp-props=\"{&quot;201341983&quot;:0,&quot;335559740&quot;:279}\">\u00a0<\/span><\/li><\/ul><ul><li data-leveltext=\"\uf0b7\" data-font=\"Symbol\" data-listid=\"5\" data-list-defn-props=\"{&quot;335552541&quot;:1,&quot;335559685&quot;:720,&quot;335559991&quot;:360,&quot;469769226&quot;:&quot;Symbol&quot;,&quot;469769242&quot;:[8226],&quot;469777803&quot;:&quot;left&quot;,&quot;469777804&quot;:&quot;\uf0b7&quot;,&quot;469777815&quot;:&quot;multilevel&quot;}\" aria-setsize=\"-1\" data-aria-posinset=\"2\" data-aria-level=\"1\"><b><span data-contrast=\"auto\">Enfoque en sectores estrat\u00e9gicos<\/span><\/b><span data-contrast=\"auto\">: Programas especializados en \u00e1reas como <\/span><b><span data-contrast=\"auto\">energ\u00edas renovables, exploraci\u00f3n de gas costa afuera, ciencia de datos y programaci\u00f3n, entre otros,<\/span><\/b><span data-contrast=\"auto\"> fortalecen la oferta de talento para industrias emergentes.<\/span><span data-ccp-props=\"{&quot;201341983&quot;:0,&quot;335559740&quot;:279}\">\u00a0<\/span><\/li><\/ul><ul><li data-leveltext=\"\uf0b7\" data-font=\"Symbol\" data-listid=\"5\" data-list-defn-props=\"{&quot;335552541&quot;:1,&quot;335559685&quot;:720,&quot;335559991&quot;:360,&quot;469769226&quot;:&quot;Symbol&quot;,&quot;469769242&quot;:[8226],&quot;469777803&quot;:&quot;left&quot;,&quot;469777804&quot;:&quot;\uf0b7&quot;,&quot;469777815&quot;:&quot;multilevel&quot;}\" aria-setsize=\"-1\" data-aria-posinset=\"3\" data-aria-level=\"1\"><b><span data-contrast=\"auto\">Educaci\u00f3n en tecnolog\u00eda<\/span><\/b><span data-contrast=\"auto\">: A trav\u00e9s del programa <\/span><b><span data-contrast=\"auto\">&#8220;Crack the Code&#8221;<\/span><\/b><span data-contrast=\"auto\">, una alianza entre la Alcald\u00eda, empresa privada y fundaciones se capacita a ni\u00f1os y j\u00f3venes en <\/span><b><span data-contrast=\"auto\">programaci\u00f3n, desarrollo web y aplicaci\u00f3n de inteligencia artificial en colegios p\u00fablicos<\/span><\/b><span data-contrast=\"auto\">.<\/span><span data-ccp-props=\"{&quot;201341983&quot;:0,&quot;335559740&quot;:279}\">\u00a0<\/span><\/li><\/ul><p><strong><span class=\"TextRun SCXW187362013 BCX0\" lang=\"ES-CO\" xml:lang=\"ES-CO\" data-contrast=\"auto\"><span class=\"NormalTextRun SCXW187362013 BCX0\">Formaci\u00f3n t\u00e9cnica y tecnol\u00f3gica con impacto<\/span><\/span><span class=\"EOP SCXW187362013 BCX0\" data-ccp-props=\"{&quot;201341983&quot;:0,&quot;335559740&quot;:279}\">\u00a0<\/span><\/strong><\/p><ul><li><strong><span class=\"TextRun SCXW122464553 BCX0\" lang=\"ES-CO\" xml:lang=\"ES-CO\" data-contrast=\"auto\"><span class=\"NormalTextRun SCXW122464553 BCX0\">SENA<\/span><\/span><\/strong><span class=\"TextRun SCXW122464553 BCX0\" lang=\"ES-CO\" xml:lang=\"ES-CO\" data-contrast=\"auto\"><span class=\"NormalTextRun SCXW122464553 BCX0\"><strong>:<\/strong> Con <\/span><\/span><strong><span class=\"TextRun SCXW122464553 BCX0\" lang=\"ES-CO\" xml:lang=\"ES-CO\" data-contrast=\"auto\"><span class=\"NormalTextRun SCXW122464553 BCX0\">19 nodos de formaci\u00f3n<\/span><\/span><\/strong><span class=\"TextRun SCXW122464553 BCX0\" lang=\"ES-CO\" xml:lang=\"ES-CO\" data-contrast=\"auto\"><span class=\"NormalTextRun SCXW122464553 BCX0\"> en el Atl\u00e1ntico, el departamento ha formado <strong>a <\/strong><\/span><\/span><strong><span class=\"TextRun SCXW122464553 BCX0\" lang=\"ES-CO\" xml:lang=\"ES-CO\" data-contrast=\"auto\"><span class=\"NormalTextRun SCXW122464553 BCX0\">m\u00e1s de 46.000 t\u00e9cnicos y tecn\u00f3logos en los \u00faltimos 10 a\u00f1os<\/span><\/span><\/strong><span class=\"TextRun SCXW122464553 BCX0\" lang=\"ES-CO\" xml:lang=\"ES-CO\" data-contrast=\"auto\"><span class=\"NormalTextRun SCXW122464553 BCX0\"><strong>,<\/strong> en sectores clave como <\/span><\/span><strong><span class=\"TextRun SCXW122464553 BCX0\" lang=\"ES-CO\" xml:lang=\"ES-CO\" data-contrast=\"auto\"><span class=\"NormalTextRun SCXW122464553 BCX0\">energ\u00eda, log\u00edstica, metalmec\u00e1nica y turismo<\/span><\/span><span class=\"TextRun SCXW122464553 BCX0\" lang=\"ES-CO\" xml:lang=\"ES-CO\" data-contrast=\"auto\"><span class=\"NormalTextRun SCXW122464553 BCX0\">.<\/span><\/span><span class=\"EOP SCXW122464553 BCX0\" data-ccp-props=\"{&quot;201341983&quot;:0,&quot;335559740&quot;:279}\">\u00a0<\/span><\/strong><\/li><\/ul><p><strong><span class=\"TextRun SCXW177009133 BCX0\" lang=\"ES-CO\" xml:lang=\"ES-CO\" data-contrast=\"auto\"><span class=\"NormalTextRun SCXW177009133 BCX0\">Biling\u00fcismo para la competitividad<\/span><\/span><\/strong><\/p><ul><li><strong><span class=\"TextRun SCXW23329445 BCX0\" lang=\"ES-CO\" xml:lang=\"ES-CO\" data-contrast=\"auto\"><span class=\"NormalTextRun SCXW23329445 BCX0\">Compromiso con el ingl\u00e9s<\/span><\/span><\/strong><span class=\"TextRun SCXW23329445 BCX0\" lang=\"ES-CO\" xml:lang=\"ES-CO\" data-contrast=\"auto\"><span class=\"NormalTextRun SCXW23329445 BCX0\"><strong>:<\/strong> Barranquilla lidera una pol\u00edtica p\u00fablica de biling\u00fcismo con programas en <\/span><\/span><strong><span class=\"TextRun SCXW23329445 BCX0\" lang=\"ES-CO\" xml:lang=\"ES-CO\" data-contrast=\"auto\"><span class=\"NormalTextRun SCXW23329445 BCX0\">154 colegios p\u00fablicos<\/span><\/span><\/strong><span class=\"TextRun SCXW23329445 BCX0\" lang=\"ES-CO\" xml:lang=\"ES-CO\" data-contrast=\"auto\"><span class=\"NormalTextRun SCXW23329445 BCX0\"><strong>,<\/strong> beneficiando a <\/span><\/span><strong><span class=\"TextRun SCXW23329445 BCX0\" lang=\"ES-CO\" xml:lang=\"ES-CO\" data-contrast=\"auto\"><span class=\"NormalTextRun SCXW23329445 BCX0\">90.000 estudiantes y 2.000 docentes<\/span><\/span><\/strong><span class=\"TextRun SCXW23329445 BCX0\" lang=\"ES-CO\" xml:lang=\"ES-CO\" data-contrast=\"auto\"><span class=\"NormalTextRun SCXW23329445 BCX0\"> en alianza con el Consejo Brit\u00e1nico.<\/span><\/span><span class=\"EOP SCXW23329445 BCX0\" data-ccp-props=\"{&quot;201341983&quot;:0,&quot;335559740&quot;:279}\">\u00a0<\/span><\/li><li><strong><span class=\"TextRun SCXW85735471 BCX0\" lang=\"ES-CO\" xml:lang=\"ES-CO\" data-contrast=\"auto\"><span class=\"NormalTextRun SCXW85735471 BCX0\">Liderazgo en ingl\u00e9s<\/span><\/span><\/strong><span class=\"TextRun SCXW85735471 BCX0\" lang=\"ES-CO\" xml:lang=\"ES-CO\" data-contrast=\"auto\"><span class=\"NormalTextRun SCXW85735471 BCX0\"><strong>:<\/strong> Seg\u00fan <\/span><span class=\"NormalTextRun SCXW85735471 BCX0\">las pruebas de estado Saber Pro y Saber <\/span><span class=\"NormalTextRun SpellingErrorV2Themed SCXW85735471 BCX0\">TyT<\/span><span class=\"NormalTextRun SCXW85735471 BCX0\">, el Atl\u00e1ntico se ubica como el primer departamento a nivel nacional con mayor proporci\u00f3n de graduados con nivel de ingl\u00e9s B2 sobre su total de graduados en educaci\u00f3n superior para el periodo 2019-2023.<\/span><\/span><span class=\"EOP SCXW85735471 BCX0\" data-ccp-props=\"{&quot;201341983&quot;:0,&quot;335551550&quot;:6,&quot;335551620&quot;:6,&quot;335559740&quot;:279}\">\u00a0<\/span><\/li><\/ul>\t\t\t\t\t\t\t\t<\/div>\n\t\t\t\t<\/div>\n\t\t\t\t\t<\/div>\n\t\t\t\t<\/div>\n\t\t<div data-particle_enable=\"false\" data-particle-mobile-disabled=\"false\" class=\"elementor-element elementor-element-3b8148b e-flex e-con-boxed e-con e-child\" data-id=\"3b8148b\" data-element_type=\"container\" data-e-type=\"container\">\n\t\t\t\t\t<div class=\"e-con-inner\">\n\t\t\t\t\t<\/div>\n\t\t\t\t<\/div>\n\t\t\t\t\t<\/div>\n\t\t\t\t<\/div>\n\t\t\t\t\t<\/div>\n\t\t\t\t<\/div>\n\t\t\t\t<\/div>\n\t\t","protected":false},"excerpt":{"rendered":"<p>Talento calificado y disponible En Barranquilla y el Atl\u00e1ntico somos el centro de formaci\u00f3n de la regi\u00f3n Caribe colombiana, con una oferta educativa enfocada en la empleabilidad y el desarrollo empresarial.\u00a0Formaci\u00f3n para el futuro\u00a0Educaci\u00f3n media con enfoque t\u00e9cnico: Todos los [&hellip;]<\/p>\n","protected":false},"author":5,"featured_media":0,"parent":0,"menu_order":0,"comment_status":"closed","ping_status":"closed","template":"","meta":{"_tec_requires_first_save":true,"_EventAllDay":false,"_EventTimezone":"","_EventStartDate":"","_EventEndDate":"","_EventStartDateUTC":"","_EventEndDateUTC":"","_EventShowMap":false,"_EventShowMapLink":false,"_EventURL":"","_EventCost":"","_EventCostDescription":"","_EventCurrencySymbol":"","_EventCurrencyCode":"","_EventCurrencyPosition":"","_EventDateTimeSeparator":"","_EventTimeRangeSeparator":"","_EventOrganizerID":[],"_EventVenueID":[],"_OrganizerEmail":"","_OrganizerPhone":"","_OrganizerWebsite":"","_VenueAddress":"","_VenueCity":"","_VenueCountry":"","_VenueProvince":"","_VenueState":"","_VenueZip":"","_VenuePhone":"","_VenueURL":"","_VenueStateProvince":"","_VenueLat":"","_VenueLng":"","_VenueShowMap":false,"_VenueShowMapLink":false,"_tribe_blocks_recurrence_rules":"","_tribe_blocks_recurrence_description":"","_tribe_blocks_recurrence_exclusions":"","footnotes":""},"class_list":["post-18349","page","type-page","status-publish","hentry"],"acf":[],"yoast_head":"<!-- This site is optimized with the Yoast SEO plugin v27.6 - https:\/\/yoast.com\/product\/yoast-seo-wordpress\/ -->\n<title>Talento calificado y disponible\u00a0 | ProBarranquilla<\/title>\n<meta name=\"robots\" content=\"index, follow, max-snippet:-1, max-image-preview:large, max-video-preview:-1\" \/>\n<link rel=\"canonical\" href=\"https:\/\/probarranquilla.org\/en\/talento-calificado-y-disponible\/\" \/>\n<meta property=\"og:locale\" content=\"en_US\" \/>\n<meta property=\"og:type\" content=\"article\" \/>\n<meta property=\"og:title\" content=\"Talento calificado y disponible\u00a0 | ProBarranquilla\" \/>\n<meta property=\"og:description\" content=\"Talento calificado y disponible En Barranquilla y el Atl\u00e1ntico somos el centro de formaci\u00f3n de la regi\u00f3n Caribe colombiana, con una oferta educativa enfocada en la empleabilidad y el desarrollo empresarial.\u00a0Formaci\u00f3n para el futuro\u00a0Educaci\u00f3n media con enfoque t\u00e9cnico: Todos los [&hellip;]\" \/>\n<meta property=\"og:url\" content=\"https:\/\/probarranquilla.org\/en\/talento-calificado-y-disponible\/\" \/>\n<meta property=\"og:site_name\" content=\"ProBarranquilla\" \/>\n<meta property=\"article:publisher\" content=\"https:\/\/www.facebook.com\/ProBarranquilla\/\" \/>\n<meta property=\"article:modified_time\" content=\"2025-03-13T20:37:50+00:00\" \/>\n<meta property=\"og:image\" content=\"https:\/\/probarranquilla.org\/wp-content\/uploads\/2022\/08\/redes-sociales-probaq-1.png\" \/>\n\t<meta property=\"og:image:width\" content=\"500\" \/>\n\t<meta property=\"og:image:height\" content=\"250\" \/>\n\t<meta property=\"og:image:type\" content=\"image\/png\" \/>\n<meta name=\"twitter:card\" content=\"summary_large_image\" \/>\n<meta name=\"twitter:site\" content=\"@ProBaq\" \/>\n<script type=\"application\/ld+json\" class=\"yoast-schema-graph\">{\"@context\":\"https:\\\/\\\/schema.org\",\"@graph\":[{\"@type\":\"WebPage\",\"@id\":\"https:\\\/\\\/probarranquilla.org\\\/talento-calificado-y-disponible\\\/\",\"url\":\"https:\\\/\\\/probarranquilla.org\\\/talento-calificado-y-disponible\\\/\",\"name\":\"Talento calificado y disponible\u00a0 | ProBarranquilla\",\"isPartOf\":{\"@id\":\"https:\\\/\\\/probarranquilla.org\\\/#website\"},\"datePublished\":\"2025-03-13T20:32:08+00:00\",\"dateModified\":\"2025-03-13T20:37:50+00:00\",\"breadcrumb\":{\"@id\":\"https:\\\/\\\/probarranquilla.org\\\/talento-calificado-y-disponible\\\/#breadcrumb\"},\"inLanguage\":\"en-US\",\"potentialAction\":[{\"@type\":\"ReadAction\",\"target\":[\"https:\\\/\\\/probarranquilla.org\\\/talento-calificado-y-disponible\\\/\"]}]},{\"@type\":\"BreadcrumbList\",\"@id\":\"https:\\\/\\\/probarranquilla.org\\\/talento-calificado-y-disponible\\\/#breadcrumb\",\"itemListElement\":[{\"@type\":\"ListItem\",\"position\":1,\"name\":\"Inicio\",\"item\":\"https:\\\/\\\/probarranquilla.org\\\/\"},{\"@type\":\"ListItem\",\"position\":2,\"name\":\"Talento calificado y disponible\u00a0\"}]},{\"@type\":\"WebSite\",\"@id\":\"https:\\\/\\\/probarranquilla.org\\\/#website\",\"url\":\"https:\\\/\\\/probarranquilla.org\\\/\",\"name\":\"ProBarranquilla\",\"description\":\"ProBarranquilla\",\"publisher\":{\"@id\":\"https:\\\/\\\/probarranquilla.org\\\/#organization\"},\"potentialAction\":[{\"@type\":\"SearchAction\",\"target\":{\"@type\":\"EntryPoint\",\"urlTemplate\":\"https:\\\/\\\/probarranquilla.org\\\/?s={search_term_string}\"},\"query-input\":{\"@type\":\"PropertyValueSpecification\",\"valueRequired\":true,\"valueName\":\"search_term_string\"}}],\"inLanguage\":\"en-US\"},{\"@type\":\"Organization\",\"@id\":\"https:\\\/\\\/probarranquilla.org\\\/#organization\",\"name\":\"ProBarranquilla\",\"url\":\"https:\\\/\\\/probarranquilla.org\\\/\",\"logo\":{\"@type\":\"ImageObject\",\"inLanguage\":\"en-US\",\"@id\":\"https:\\\/\\\/probarranquilla.org\\\/#\\\/schema\\\/logo\\\/image\\\/\",\"url\":\"https:\\\/\\\/9pcc8a.p3cdn1.secureserver.net\\\/wp-content\\\/uploads\\\/2022\\\/08\\\/redes-sociales-probaq-1.png?time=1669419395\",\"contentUrl\":\"https:\\\/\\\/9pcc8a.p3cdn1.secureserver.net\\\/wp-content\\\/uploads\\\/2022\\\/08\\\/redes-sociales-probaq-1.png?time=1669419395\",\"width\":500,\"height\":250,\"caption\":\"ProBarranquilla\"},\"image\":{\"@id\":\"https:\\\/\\\/probarranquilla.org\\\/#\\\/schema\\\/logo\\\/image\\\/\"},\"sameAs\":[\"https:\\\/\\\/www.facebook.com\\\/ProBarranquilla\\\/\",\"https:\\\/\\\/x.com\\\/ProBaq\"]}]}<\/script>\n<!-- \/ Yoast SEO plugin. -->","yoast_head_json":{"title":"Talento calificado y disponible\u00a0 | ProBarranquilla","robots":{"index":"index","follow":"follow","max-snippet":"max-snippet:-1","max-image-preview":"max-image-preview:large","max-video-preview":"max-video-preview:-1"},"canonical":"https:\/\/probarranquilla.org\/en\/talento-calificado-y-disponible\/","og_locale":"en_US","og_type":"article","og_title":"Talento calificado y disponible\u00a0 | ProBarranquilla","og_description":"Talento calificado y disponible En Barranquilla y el Atl\u00e1ntico somos el centro de formaci\u00f3n de la regi\u00f3n Caribe colombiana, con una oferta educativa enfocada en la empleabilidad y el desarrollo empresarial.\u00a0Formaci\u00f3n para el futuro\u00a0Educaci\u00f3n media con enfoque t\u00e9cnico: Todos los [&hellip;]","og_url":"https:\/\/probarranquilla.org\/en\/talento-calificado-y-disponible\/","og_site_name":"ProBarranquilla","article_publisher":"https:\/\/www.facebook.com\/ProBarranquilla\/","article_modified_time":"2025-03-13T20:37:50+00:00","og_image":[{"width":500,"height":250,"url":"https:\/\/probarranquilla.org\/wp-content\/uploads\/2022\/08\/redes-sociales-probaq-1.png","type":"image\/png"}],"twitter_card":"summary_large_image","twitter_site":"@ProBaq","schema":{"@context":"https:\/\/schema.org","@graph":[{"@type":"WebPage","@id":"https:\/\/probarranquilla.org\/talento-calificado-y-disponible\/","url":"https:\/\/probarranquilla.org\/talento-calificado-y-disponible\/","name":"Talento calificado y disponible\u00a0 | ProBarranquilla","isPartOf":{"@id":"https:\/\/probarranquilla.org\/#website"},"datePublished":"2025-03-13T20:32:08+00:00","dateModified":"2025-03-13T20:37:50+00:00","breadcrumb":{"@id":"https:\/\/probarranquilla.org\/talento-calificado-y-disponible\/#breadcrumb"},"inLanguage":"en-US","potentialAction":[{"@type":"ReadAction","target":["https:\/\/probarranquilla.org\/talento-calificado-y-disponible\/"]}]},{"@type":"BreadcrumbList","@id":"https:\/\/probarranquilla.org\/talento-calificado-y-disponible\/#breadcrumb","itemListElement":[{"@type":"ListItem","position":1,"name":"Inicio","item":"https:\/\/probarranquilla.org\/"},{"@type":"ListItem","position":2,"name":"Talento calificado y disponible\u00a0"}]},{"@type":"WebSite","@id":"https:\/\/probarranquilla.org\/#website","url":"https:\/\/probarranquilla.org\/","name":"ProBarranquilla","description":"ProBarranquilla","publisher":{"@id":"https:\/\/probarranquilla.org\/#organization"},"potentialAction":[{"@type":"SearchAction","target":{"@type":"EntryPoint","urlTemplate":"https:\/\/probarranquilla.org\/?s={search_term_string}"},"query-input":{"@type":"PropertyValueSpecification","valueRequired":true,"valueName":"search_term_string"}}],"inLanguage":"en-US"},{"@type":"Organization","@id":"https:\/\/probarranquilla.org\/#organization","name":"ProBarranquilla","url":"https:\/\/probarranquilla.org\/","logo":{"@type":"ImageObject","inLanguage":"en-US","@id":"https:\/\/probarranquilla.org\/#\/schema\/logo\/image\/","url":"https:\/\/9pcc8a.p3cdn1.secureserver.net\/wp-content\/uploads\/2022\/08\/redes-sociales-probaq-1.png?time=1669419395","contentUrl":"https:\/\/9pcc8a.p3cdn1.secureserver.net\/wp-content\/uploads\/2022\/08\/redes-sociales-probaq-1.png?time=1669419395","width":500,"height":250,"caption":"ProBarranquilla"},"image":{"@id":"https:\/\/probarranquilla.org\/#\/schema\/logo\/image\/"},"sameAs":["https:\/\/www.facebook.com\/ProBarranquilla\/","https:\/\/x.com\/ProBaq"]}]}},"_links":{"self":[{"href":"https:\/\/probarranquilla.org\/en\/wp-json\/wp\/v2\/pages\/18349","targetHints":{"allow":["GET"]}}],"collection":[{"href":"https:\/\/probarranquilla.org\/en\/wp-json\/wp\/v2\/pages"}],"about":[{"href":"https:\/\/probarranquilla.org\/en\/wp-json\/wp\/v2\/types\/page"}],"author":[{"embeddable":true,"href":"https:\/\/probarranquilla.org\/en\/wp-json\/wp\/v2\/users\/5"}],"replies":[{"embeddable":true,"href":"https:\/\/probarranquilla.org\/en\/wp-json\/wp\/v2\/comments?post=18349"}],"version-history":[{"count":10,"href":"https:\/\/probarranquilla.org\/en\/wp-json\/wp\/v2\/pages\/18349\/revisions"}],"predecessor-version":[{"id":18359,"href":"https:\/\/probarranquilla.org\/en\/wp-json\/wp\/v2\/pages\/18349\/revisions\/18359"}],"wp:attachment":[{"href":"https:\/\/probarranquilla.org\/en\/wp-json\/wp\/v2\/media?parent=18349"}],"curies":[{"name":"wp","href":"https:\/\/api.w.org\/{rel}","templated":true}]}}