{"id":18360,"date":"2025-03-13T15:39:51","date_gmt":"2025-03-13T20:39:51","guid":{"rendered":"https:\/\/probarranquilla.org\/?page_id=18360"},"modified":"2025-03-13T15:44:14","modified_gmt":"2025-03-13T20:44:14","slug":"infraestructura-de-clase-mundial-para-los-negocios","status":"publish","type":"page","link":"https:\/\/probarranquilla.org\/en\/infraestructura-de-clase-mundial-para-los-negocios\/","title":{"rendered":"Infraestructura de clase mundial para los negocios"},"content":{"rendered":"\t\t<div data-elementor-type=\"wp-page\" data-elementor-id=\"18360\" class=\"elementor elementor-18360\" data-elementor-post-type=\"page\">\n\t\t\t\t<div data-particle_enable=\"false\" data-particle-mobile-disabled=\"false\" class=\"elementor-element elementor-element-dbe8638 e-flex e-con-boxed e-con e-parent\" data-id=\"dbe8638\" data-element_type=\"container\" data-e-type=\"container\">\n\t\t\t\t\t<div class=\"e-con-inner\">\n\t\t<div data-particle_enable=\"false\" data-particle-mobile-disabled=\"false\" class=\"elementor-element elementor-element-d60367d e-flex e-con-boxed e-con e-child\" data-id=\"d60367d\" data-element_type=\"container\" data-e-type=\"container\">\n\t\t\t\t\t<div class=\"e-con-inner\">\n\t\t<div data-particle_enable=\"false\" data-particle-mobile-disabled=\"false\" class=\"elementor-element elementor-element-fd96bbe e-flex e-con-boxed e-con e-child\" data-id=\"fd96bbe\" data-element_type=\"container\" data-e-type=\"container\">\n\t\t\t\t\t<div class=\"e-con-inner\">\n\t\t\t\t<div class=\"elementor-element elementor-element-9c2bd96 elementor-widget__width-initial elementor-widget elementor-widget-heading\" data-id=\"9c2bd96\" data-element_type=\"widget\" data-e-type=\"widget\" data-widget_type=\"heading.default\">\n\t\t\t\t<div class=\"elementor-widget-container\">\n\t\t\t\t\t<h2 class=\"elementor-heading-title elementor-size-default\">Infraestructura de clase mundial para los negocios <\/h2>\t\t\t\t<\/div>\n\t\t\t\t<\/div>\n\t\t\t\t<div class=\"elementor-element elementor-element-e3e41d0 elementor-widget elementor-widget-text-editor\" data-id=\"e3e41d0\" data-element_type=\"widget\" data-e-type=\"widget\" data-widget_type=\"text-editor.default\">\n\t\t\t\t<div class=\"elementor-widget-container\">\n\t\t\t\t\t\t\t\t\t<p><span class=\"TextRun SCXW249391412 BCX0\" lang=\"ES-CO\" xml:lang=\"ES-CO\" data-contrast=\"auto\"><span class=\"NormalTextRun SCXW249391412 BCX0\">En Barranquilla y el Atl\u00e1ntico ofrecemos una infraestructura robusta para el desarrollo de actividades industriales, comerciales y de servicios, facilitando el crecimiento de empresas de todos los sectores.<\/span><\/span><span class=\"EOP SCXW249391412 BCX0\" data-ccp-props=\"{&quot;201341983&quot;:0,&quot;335559740&quot;:279}\">\u00a0<\/span><\/p><p><b><span data-contrast=\"auto\">Zonas francas y parques industriales<\/span><\/b><span data-ccp-props=\"{&quot;201341983&quot;:0,&quot;335559740&quot;:279}\">\u00a0<\/span><\/p><ul><li data-leveltext=\"o\" data-font=\"Courier New\" data-listid=\"10\" data-list-defn-props=\"{&quot;335552541&quot;:1,&quot;335559685&quot;:1440,&quot;335559991&quot;:360,&quot;469769226&quot;:&quot;Courier New&quot;,&quot;469769242&quot;:[9675],&quot;469777803&quot;:&quot;left&quot;,&quot;469777804&quot;:&quot;o&quot;,&quot;469777815&quot;:&quot;multilevel&quot;}\" aria-setsize=\"-1\" data-aria-posinset=\"1\" data-aria-level=\"2\"><b><span data-contrast=\"auto\">4 zonas francas permanentes<\/span><\/b><span data-contrast=\"auto\">, con m\u00e1s de <\/span><b><span data-contrast=\"auto\">180 empresas operando<\/span><\/b><span data-contrast=\"auto\"> bajo un r\u00e9gimen que ofrece beneficios tributarios, aduaneros y operacionales.<\/span><span data-ccp-props=\"{&quot;201341983&quot;:0,&quot;335559740&quot;:279}\">\u00a0<\/span><\/li><li data-leveltext=\"o\" data-font=\"Courier New\" data-listid=\"10\" data-list-defn-props=\"{&quot;335552541&quot;:1,&quot;335559685&quot;:1440,&quot;335559991&quot;:360,&quot;469769226&quot;:&quot;Courier New&quot;,&quot;469769242&quot;:[9675],&quot;469777803&quot;:&quot;left&quot;,&quot;469777804&quot;:&quot;o&quot;,&quot;469777815&quot;:&quot;multilevel&quot;}\" aria-setsize=\"-1\" data-aria-posinset=\"2\" data-aria-level=\"2\"><b><span data-contrast=\"auto\">28 parques industriales<\/span><\/b><span data-contrast=\"auto\">, incluyendo <\/span><b><span data-contrast=\"auto\">PIMSA Malambo<\/span><\/b><span data-contrast=\"auto\">, en proceso de certificaci\u00f3n como parque <\/span><b><span data-contrast=\"auto\">Eco-Industrial<\/span><\/b><span data-contrast=\"auto\"> con el apoyo de la ONUDI, el \u00fanico de su tipo en el Caribe colombiano.<\/span><span data-ccp-props=\"{&quot;201341983&quot;:0,&quot;335559740&quot;:279}\">\u00a0<\/span><\/li><\/ul><p><b><span data-contrast=\"auto\">Centros empresariales y espacios de trabajo flexible<\/span><\/b><span data-ccp-props=\"{&quot;201341983&quot;:0,&quot;335559740&quot;:279}\">\u00a0<\/span><\/p><ul><li data-leveltext=\"o\" data-font=\"Courier New\" data-listid=\"10\" data-list-defn-props=\"{&quot;335552541&quot;:1,&quot;335559685&quot;:1440,&quot;335559991&quot;:360,&quot;469769226&quot;:&quot;Courier New&quot;,&quot;469769242&quot;:[9675],&quot;469777803&quot;:&quot;left&quot;,&quot;469777804&quot;:&quot;o&quot;,&quot;469777815&quot;:&quot;multilevel&quot;}\" aria-setsize=\"-1\" data-aria-posinset=\"1\" data-aria-level=\"2\"><b><span data-contrast=\"auto\">22 centros empresariales<\/span><\/b><span data-contrast=\"auto\"> con oficinas de clase <\/span><b><span data-contrast=\"auto\">A<\/span><\/b><span data-contrast=\"auto\">+ en su mayor\u00eda, ubicados estrat\u00e9gicamente y con est\u00e1ndares modernos de dise\u00f1o y sostenibilidad.<\/span><span data-ccp-props=\"{&quot;201341983&quot;:0,&quot;335559740&quot;:279}\">\u00a0<\/span><\/li><li data-leveltext=\"o\" data-font=\"Courier New\" data-listid=\"10\" data-list-defn-props=\"{&quot;335552541&quot;:1,&quot;335559685&quot;:1440,&quot;335559991&quot;:360,&quot;469769226&quot;:&quot;Courier New&quot;,&quot;469769242&quot;:[9675],&quot;469777803&quot;:&quot;left&quot;,&quot;469777804&quot;:&quot;o&quot;,&quot;469777815&quot;:&quot;multilevel&quot;}\" aria-setsize=\"-1\" data-aria-posinset=\"2\" data-aria-level=\"2\"><b><span data-contrast=\"auto\">M\u00e1s de 10 espacios de coworking<\/span><\/b><span data-contrast=\"auto\">, ideales para startups, empresas en expansi\u00f3n y compa\u00f1\u00edas que buscan flexibilidad operativa.<\/span><\/li><\/ul><p><b><span data-contrast=\"auto\">Infraestructura portuaria de clase mundial<\/span><\/b><\/p><ul><li data-leveltext=\"o\" data-font=\"Courier New\" data-listid=\"10\" data-list-defn-props=\"{&quot;335552541&quot;:1,&quot;335559685&quot;:1440,&quot;335559991&quot;:360,&quot;469769226&quot;:&quot;Courier New&quot;,&quot;469769242&quot;:[9675],&quot;469777803&quot;:&quot;left&quot;,&quot;469777804&quot;:&quot;o&quot;,&quot;469777815&quot;:&quot;multilevel&quot;}\" aria-setsize=\"-1\" data-aria-posinset=\"1\" data-aria-level=\"2\"><b><span data-contrast=\"auto\">Vocaci\u00f3n log\u00edstica multimodal<\/span><\/b><span data-contrast=\"auto\"> respaldada por una zona portuaria que cuenta con 8 terminales p\u00fablicos en operaci\u00f3n.<\/span><span data-ccp-props=\"{&quot;201341983&quot;:0,&quot;335559740&quot;:279}\">\u00a0<\/span><\/li><\/ul><ul><li data-leveltext=\"o\" data-font=\"Courier New\" data-listid=\"10\" data-list-defn-props=\"{&quot;335552541&quot;:1,&quot;335559685&quot;:1440,&quot;335559991&quot;:360,&quot;469769226&quot;:&quot;Courier New&quot;,&quot;469769242&quot;:[9675],&quot;469777803&quot;:&quot;left&quot;,&quot;469777804&quot;:&quot;o&quot;,&quot;469777815&quot;:&quot;multilevel&quot;}\" aria-setsize=\"-1\" data-aria-posinset=\"2\" data-aria-level=\"2\"><span data-contrast=\"auto\">El departamento se encuentra ubicado en el <\/span><b><span data-contrast=\"auto\">centro de la regi\u00f3n portuaria del Caribe Colombiano,<\/span><\/b><span data-contrast=\"auto\"> a menos de 100 kil\u00f3metros de los puertos de Cartagena y Santa Marta, dos de los principales del pa\u00eds, lo cual permite complementar la oferta portuaria de la ciudad permitiendo movilizar carga a m\u00e1s de 120 pa\u00edses alrededor del mundo.<\/span><span data-ccp-props=\"{&quot;201341983&quot;:0,&quot;335559740&quot;:279}\">\u00a0<\/span><\/li><\/ul><ul><li data-leveltext=\"o\" data-font=\"Courier New\" data-listid=\"10\" data-list-defn-props=\"{&quot;335552541&quot;:1,&quot;335559685&quot;:1440,&quot;335559991&quot;:360,&quot;469769226&quot;:&quot;Courier New&quot;,&quot;469769242&quot;:[9675],&quot;469777803&quot;:&quot;left&quot;,&quot;469777804&quot;:&quot;o&quot;,&quot;469777815&quot;:&quot;multilevel&quot;}\" aria-setsize=\"-1\" data-aria-posinset=\"3\" data-aria-level=\"2\"><span data-contrast=\"auto\">\u00danica bodega y centro de distribuci\u00f3n de carga refrigerada y congelada dentro de un terminal portuario en Colombia, lo cual facilita el comercio exterior de alimentos sin romper la cadena de fr\u00edo.\u00a0<\/span><span data-ccp-props=\"{&quot;201341983&quot;:0,&quot;335559740&quot;:279}\">\u00a0<\/span><\/li><\/ul><p><b><span data-contrast=\"auto\">Infraestructura vial estrat\u00e9gica<\/span><\/b><span data-ccp-props=\"{&quot;201341983&quot;:0,&quot;335559740&quot;:279}\">\u00a0<\/span><\/p><ul><li data-leveltext=\"o\" data-font=\"Courier New\" data-listid=\"10\" data-list-defn-props=\"{&quot;335552541&quot;:1,&quot;335559685&quot;:1440,&quot;335559991&quot;:360,&quot;469769226&quot;:&quot;Courier New&quot;,&quot;469769242&quot;:[9675],&quot;469777803&quot;:&quot;left&quot;,&quot;469777804&quot;:&quot;o&quot;,&quot;469777815&quot;:&quot;multilevel&quot;}\" aria-setsize=\"-1\" data-aria-posinset=\"1\" data-aria-level=\"2\"><b><span data-contrast=\"auto\">V\u00eda al Mar Cartagena-Barranquilla<\/span><\/b><span data-contrast=\"auto\">: conecta a ambas ciudades en un trayecto de dos horas, agilizando el comercio y la movilidad empresarial.<\/span><span data-ccp-props=\"{&quot;201341983&quot;:0,&quot;335559740&quot;:279}\">\u00a0<\/span><\/li><\/ul><ul><li data-leveltext=\"o\" data-font=\"Courier New\" data-listid=\"10\" data-list-defn-props=\"{&quot;335552541&quot;:1,&quot;335559685&quot;:1440,&quot;335559991&quot;:360,&quot;469769226&quot;:&quot;Courier New&quot;,&quot;469769242&quot;:[9675],&quot;469777803&quot;:&quot;left&quot;,&quot;469777804&quot;:&quot;o&quot;,&quot;469777815&quot;:&quot;multilevel&quot;}\" aria-setsize=\"-1\" data-aria-posinset=\"2\" data-aria-level=\"2\"><b><span data-contrast=\"auto\">Circunvalar de la Prosperidad y Circunvalar<\/span><\/b><span data-contrast=\"auto\">: Barranquilla es la \u00fanica ciudad en Colombia con <\/span><b><span data-contrast=\"auto\">dos circunvalares<\/span><\/b><span data-contrast=\"auto\"> que conectan al departamento internamente y con sus departamentos vecinos, optimizando la log\u00edstica y reduciendo los tiempos de desplazamiento. Esta v\u00eda clave mejora la conectividad del \u00c1rea Metropolitana con los municipios del sur del <span class=\"TextRun SCXW138267927 BCX0\" lang=\"ES-CO\" xml:lang=\"ES-CO\" data-contrast=\"auto\"><span class=\"NormalTextRun SCXW138267927 BCX0\">Atl\u00e1ntico y zonas estrat\u00e9gicas como <\/span><\/span><strong><span class=\"TextRun SCXW138267927 BCX0\" lang=\"ES-CO\" xml:lang=\"ES-CO\" data-contrast=\"auto\"><span class=\"NormalTextRun SCXW138267927 BCX0\">PIMSA, Zona Franca <\/span><span class=\"NormalTextRun SpellingErrorV2Themed SCXW138267927 BCX0\">Zofia<\/span><span class=\"NormalTextRun SCXW138267927 BCX0\">, Zona Franca La Cayena y la V\u00eda 40<\/span><\/span><span class=\"TextRun SCXW138267927 BCX0\" lang=\"ES-CO\" xml:lang=\"ES-CO\" data-contrast=\"auto\"><span class=\"NormalTextRun SCXW138267927 BCX0\">.<\/span><\/span><\/strong><\/span><\/li><\/ul>\t\t\t\t\t\t\t\t<\/div>\n\t\t\t\t<\/div>\n\t\t\t\t\t<\/div>\n\t\t\t\t<\/div>\n\t\t<div data-particle_enable=\"false\" data-particle-mobile-disabled=\"false\" class=\"elementor-element elementor-element-04408af e-flex e-con-boxed e-con e-child\" data-id=\"04408af\" data-element_type=\"container\" data-e-type=\"container\">\n\t\t\t\t\t<div class=\"e-con-inner\">\n\t\t\t\t\t<\/div>\n\t\t\t\t<\/div>\n\t\t\t\t\t<\/div>\n\t\t\t\t<\/div>\n\t\t\t\t\t<\/div>\n\t\t\t\t<\/div>\n\t\t\t\t<\/div>\n\t\t","protected":false},"excerpt":{"rendered":"<p>Infraestructura de clase mundial para los negocios En Barranquilla y el Atl\u00e1ntico ofrecemos una infraestructura robusta para el desarrollo de actividades industriales, comerciales y de servicios, facilitando el crecimiento de empresas de todos los sectores.\u00a0Zonas francas y parques industriales\u00a04 zonas [&hellip;]<\/p>\n","protected":false},"author":5,"featured_media":0,"parent":0,"menu_order":0,"comment_status":"closed","ping_status":"closed","template":"","meta":{"_tec_requires_first_save":true,"_EventAllDay":false,"_EventTimezone":"","_EventStartDate":"","_EventEndDate":"","_EventStartDateUTC":"","_EventEndDateUTC":"","_EventShowMap":false,"_EventShowMapLink":false,"_EventURL":"","_EventCost":"","_EventCostDescription":"","_EventCurrencySymbol":"","_EventCurrencyCode":"","_EventCurrencyPosition":"","_EventDateTimeSeparator":"","_EventTimeRangeSeparator":"","_EventOrganizerID":[],"_EventVenueID":[],"_OrganizerEmail":"","_OrganizerPhone":"","_OrganizerWebsite":"","_VenueAddress":"","_VenueCity":"","_VenueCountry":"","_VenueProvince":"","_VenueState":"","_VenueZip":"","_VenuePhone":"","_VenueURL":"","_VenueStateProvince":"","_VenueLat":"","_VenueLng":"","_VenueShowMap":false,"_VenueShowMapLink":false,"_tribe_blocks_recurrence_rules":"","_tribe_blocks_recurrence_description":"","_tribe_blocks_recurrence_exclusions":"","footnotes":""},"class_list":["post-18360","page","type-page","status-publish","hentry"],"acf":[],"yoast_head":"<!-- This site is optimized with the Yoast SEO plugin v27.3 - https:\/\/yoast.com\/product\/yoast-seo-wordpress\/ -->\n<title>Infraestructura de clase mundial para los negocios | ProBarranquilla<\/title>\n<meta name=\"robots\" content=\"index, follow, max-snippet:-1, max-image-preview:large, max-video-preview:-1\" \/>\n<link rel=\"canonical\" href=\"https:\/\/probarranquilla.org\/en\/infraestructura-de-clase-mundial-para-los-negocios\/\" \/>\n<meta property=\"og:locale\" content=\"en_US\" \/>\n<meta property=\"og:type\" content=\"article\" \/>\n<meta property=\"og:title\" content=\"Infraestructura de clase mundial para los negocios | ProBarranquilla\" \/>\n<meta property=\"og:description\" content=\"Infraestructura de clase mundial para los negocios En Barranquilla y el Atl\u00e1ntico ofrecemos una infraestructura robusta para el desarrollo de actividades industriales, comerciales y de servicios, facilitando el crecimiento de empresas de todos los sectores.\u00a0Zonas francas y parques industriales\u00a04 zonas [&hellip;]\" \/>\n<meta property=\"og:url\" content=\"https:\/\/probarranquilla.org\/en\/infraestructura-de-clase-mundial-para-los-negocios\/\" \/>\n<meta property=\"og:site_name\" content=\"ProBarranquilla\" \/>\n<meta property=\"article:publisher\" content=\"https:\/\/www.facebook.com\/ProBarranquilla\/\" \/>\n<meta property=\"article:modified_time\" content=\"2025-03-13T20:44:14+00:00\" \/>\n<meta property=\"og:image\" content=\"https:\/\/probarranquilla.org\/wp-content\/uploads\/2022\/08\/redes-sociales-probaq-1.png\" \/>\n\t<meta property=\"og:image:width\" content=\"500\" \/>\n\t<meta property=\"og:image:height\" content=\"250\" \/>\n\t<meta property=\"og:image:type\" content=\"image\/png\" \/>\n<meta name=\"twitter:card\" content=\"summary_large_image\" \/>\n<meta name=\"twitter:site\" content=\"@ProBaq\" \/>\n<script type=\"application\/ld+json\" class=\"yoast-schema-graph\">{\"@context\":\"https:\\\/\\\/schema.org\",\"@graph\":[{\"@type\":\"WebPage\",\"@id\":\"https:\\\/\\\/probarranquilla.org\\\/infraestructura-de-clase-mundial-para-los-negocios\\\/\",\"url\":\"https:\\\/\\\/probarranquilla.org\\\/infraestructura-de-clase-mundial-para-los-negocios\\\/\",\"name\":\"Infraestructura de clase mundial para los negocios | ProBarranquilla\",\"isPartOf\":{\"@id\":\"https:\\\/\\\/probarranquilla.org\\\/#website\"},\"datePublished\":\"2025-03-13T20:39:51+00:00\",\"dateModified\":\"2025-03-13T20:44:14+00:00\",\"breadcrumb\":{\"@id\":\"https:\\\/\\\/probarranquilla.org\\\/infraestructura-de-clase-mundial-para-los-negocios\\\/#breadcrumb\"},\"inLanguage\":\"en-US\",\"potentialAction\":[{\"@type\":\"ReadAction\",\"target\":[\"https:\\\/\\\/probarranquilla.org\\\/infraestructura-de-clase-mundial-para-los-negocios\\\/\"]}]},{\"@type\":\"BreadcrumbList\",\"@id\":\"https:\\\/\\\/probarranquilla.org\\\/infraestructura-de-clase-mundial-para-los-negocios\\\/#breadcrumb\",\"itemListElement\":[{\"@type\":\"ListItem\",\"position\":1,\"name\":\"Inicio\",\"item\":\"https:\\\/\\\/probarranquilla.org\\\/\"},{\"@type\":\"ListItem\",\"position\":2,\"name\":\"Infraestructura de clase mundial para los negocios\"}]},{\"@type\":\"WebSite\",\"@id\":\"https:\\\/\\\/probarranquilla.org\\\/#website\",\"url\":\"https:\\\/\\\/probarranquilla.org\\\/\",\"name\":\"ProBarranquilla\",\"description\":\"ProBarranquilla\",\"publisher\":{\"@id\":\"https:\\\/\\\/probarranquilla.org\\\/#organization\"},\"potentialAction\":[{\"@type\":\"SearchAction\",\"target\":{\"@type\":\"EntryPoint\",\"urlTemplate\":\"https:\\\/\\\/probarranquilla.org\\\/?s={search_term_string}\"},\"query-input\":{\"@type\":\"PropertyValueSpecification\",\"valueRequired\":true,\"valueName\":\"search_term_string\"}}],\"inLanguage\":\"en-US\"},{\"@type\":\"Organization\",\"@id\":\"https:\\\/\\\/probarranquilla.org\\\/#organization\",\"name\":\"ProBarranquilla\",\"url\":\"https:\\\/\\\/probarranquilla.org\\\/\",\"logo\":{\"@type\":\"ImageObject\",\"inLanguage\":\"en-US\",\"@id\":\"https:\\\/\\\/probarranquilla.org\\\/#\\\/schema\\\/logo\\\/image\\\/\",\"url\":\"https:\\\/\\\/9pcc8a.p3cdn1.secureserver.net\\\/wp-content\\\/uploads\\\/2022\\\/08\\\/redes-sociales-probaq-1.png?time=1669419395\",\"contentUrl\":\"https:\\\/\\\/9pcc8a.p3cdn1.secureserver.net\\\/wp-content\\\/uploads\\\/2022\\\/08\\\/redes-sociales-probaq-1.png?time=1669419395\",\"width\":500,\"height\":250,\"caption\":\"ProBarranquilla\"},\"image\":{\"@id\":\"https:\\\/\\\/probarranquilla.org\\\/#\\\/schema\\\/logo\\\/image\\\/\"},\"sameAs\":[\"https:\\\/\\\/www.facebook.com\\\/ProBarranquilla\\\/\",\"https:\\\/\\\/x.com\\\/ProBaq\"]}]}<\/script>\n<!-- \/ Yoast SEO plugin. -->","yoast_head_json":{"title":"Infraestructura de clase mundial para los negocios | ProBarranquilla","robots":{"index":"index","follow":"follow","max-snippet":"max-snippet:-1","max-image-preview":"max-image-preview:large","max-video-preview":"max-video-preview:-1"},"canonical":"https:\/\/probarranquilla.org\/en\/infraestructura-de-clase-mundial-para-los-negocios\/","og_locale":"en_US","og_type":"article","og_title":"Infraestructura de clase mundial para los negocios | ProBarranquilla","og_description":"Infraestructura de clase mundial para los negocios En Barranquilla y el Atl\u00e1ntico ofrecemos una infraestructura robusta para el desarrollo de actividades industriales, comerciales y de servicios, facilitando el crecimiento de empresas de todos los sectores.\u00a0Zonas francas y parques industriales\u00a04 zonas [&hellip;]","og_url":"https:\/\/probarranquilla.org\/en\/infraestructura-de-clase-mundial-para-los-negocios\/","og_site_name":"ProBarranquilla","article_publisher":"https:\/\/www.facebook.com\/ProBarranquilla\/","article_modified_time":"2025-03-13T20:44:14+00:00","og_image":[{"width":500,"height":250,"url":"https:\/\/probarranquilla.org\/wp-content\/uploads\/2022\/08\/redes-sociales-probaq-1.png","type":"image\/png"}],"twitter_card":"summary_large_image","twitter_site":"@ProBaq","schema":{"@context":"https:\/\/schema.org","@graph":[{"@type":"WebPage","@id":"https:\/\/probarranquilla.org\/infraestructura-de-clase-mundial-para-los-negocios\/","url":"https:\/\/probarranquilla.org\/infraestructura-de-clase-mundial-para-los-negocios\/","name":"Infraestructura de clase mundial para los negocios | ProBarranquilla","isPartOf":{"@id":"https:\/\/probarranquilla.org\/#website"},"datePublished":"2025-03-13T20:39:51+00:00","dateModified":"2025-03-13T20:44:14+00:00","breadcrumb":{"@id":"https:\/\/probarranquilla.org\/infraestructura-de-clase-mundial-para-los-negocios\/#breadcrumb"},"inLanguage":"en-US","potentialAction":[{"@type":"ReadAction","target":["https:\/\/probarranquilla.org\/infraestructura-de-clase-mundial-para-los-negocios\/"]}]},{"@type":"BreadcrumbList","@id":"https:\/\/probarranquilla.org\/infraestructura-de-clase-mundial-para-los-negocios\/#breadcrumb","itemListElement":[{"@type":"ListItem","position":1,"name":"Inicio","item":"https:\/\/probarranquilla.org\/"},{"@type":"ListItem","position":2,"name":"Infraestructura de clase mundial para los negocios"}]},{"@type":"WebSite","@id":"https:\/\/probarranquilla.org\/#website","url":"https:\/\/probarranquilla.org\/","name":"ProBarranquilla","description":"ProBarranquilla","publisher":{"@id":"https:\/\/probarranquilla.org\/#organization"},"potentialAction":[{"@type":"SearchAction","target":{"@type":"EntryPoint","urlTemplate":"https:\/\/probarranquilla.org\/?s={search_term_string}"},"query-input":{"@type":"PropertyValueSpecification","valueRequired":true,"valueName":"search_term_string"}}],"inLanguage":"en-US"},{"@type":"Organization","@id":"https:\/\/probarranquilla.org\/#organization","name":"ProBarranquilla","url":"https:\/\/probarranquilla.org\/","logo":{"@type":"ImageObject","inLanguage":"en-US","@id":"https:\/\/probarranquilla.org\/#\/schema\/logo\/image\/","url":"https:\/\/9pcc8a.p3cdn1.secureserver.net\/wp-content\/uploads\/2022\/08\/redes-sociales-probaq-1.png?time=1669419395","contentUrl":"https:\/\/9pcc8a.p3cdn1.secureserver.net\/wp-content\/uploads\/2022\/08\/redes-sociales-probaq-1.png?time=1669419395","width":500,"height":250,"caption":"ProBarranquilla"},"image":{"@id":"https:\/\/probarranquilla.org\/#\/schema\/logo\/image\/"},"sameAs":["https:\/\/www.facebook.com\/ProBarranquilla\/","https:\/\/x.com\/ProBaq"]}]}},"_links":{"self":[{"href":"https:\/\/probarranquilla.org\/en\/wp-json\/wp\/v2\/pages\/18360","targetHints":{"allow":["GET"]}}],"collection":[{"href":"https:\/\/probarranquilla.org\/en\/wp-json\/wp\/v2\/pages"}],"about":[{"href":"https:\/\/probarranquilla.org\/en\/wp-json\/wp\/v2\/types\/page"}],"author":[{"embeddable":true,"href":"https:\/\/probarranquilla.org\/en\/wp-json\/wp\/v2\/users\/5"}],"replies":[{"embeddable":true,"href":"https:\/\/probarranquilla.org\/en\/wp-json\/wp\/v2\/comments?post=18360"}],"version-history":[{"count":7,"href":"https:\/\/probarranquilla.org\/en\/wp-json\/wp\/v2\/pages\/18360\/revisions"}],"predecessor-version":[{"id":18367,"href":"https:\/\/probarranquilla.org\/en\/wp-json\/wp\/v2\/pages\/18360\/revisions\/18367"}],"wp:attachment":[{"href":"https:\/\/probarranquilla.org\/en\/wp-json\/wp\/v2\/media?parent=18360"}],"curies":[{"name":"wp","href":"https:\/\/api.w.org\/{rel}","templated":true}]}}