{"id":18369,"date":"2025-03-13T15:46:18","date_gmt":"2025-03-13T20:46:18","guid":{"rendered":"https:\/\/probarranquilla.org\/?page_id=18369"},"modified":"2025-03-13T15:49:03","modified_gmt":"2025-03-13T20:49:03","slug":"entorno-favorable-para-la-inversion","status":"publish","type":"page","link":"https:\/\/probarranquilla.org\/en\/entorno-favorable-para-la-inversion\/","title":{"rendered":"Favorable investment climate\u00a0"},"content":{"rendered":"\t\t<div data-elementor-type=\"wp-page\" data-elementor-id=\"18369\" class=\"elementor elementor-18369\" data-elementor-post-type=\"page\">\n\t\t\t\t<div data-particle_enable=\"false\" data-particle-mobile-disabled=\"false\" class=\"elementor-element elementor-element-aa7d3f1 e-flex e-con-boxed e-con e-parent\" data-id=\"aa7d3f1\" data-element_type=\"container\" data-e-type=\"container\">\n\t\t\t\t\t<div class=\"e-con-inner\">\n\t\t<div data-particle_enable=\"false\" data-particle-mobile-disabled=\"false\" class=\"elementor-element elementor-element-43f5d6d e-flex e-con-boxed e-con e-child\" data-id=\"43f5d6d\" data-element_type=\"container\" data-e-type=\"container\">\n\t\t\t\t\t<div class=\"e-con-inner\">\n\t\t<div data-particle_enable=\"false\" data-particle-mobile-disabled=\"false\" class=\"elementor-element elementor-element-9625e0f e-flex e-con-boxed e-con e-child\" data-id=\"9625e0f\" data-element_type=\"container\" data-e-type=\"container\">\n\t\t\t\t\t<div class=\"e-con-inner\">\n\t\t\t\t<div class=\"elementor-element elementor-element-94a0768 elementor-widget__width-initial elementor-widget elementor-widget-heading\" data-id=\"94a0768\" data-element_type=\"widget\" data-e-type=\"widget\" data-widget_type=\"heading.default\">\n\t\t\t\t<div class=\"elementor-widget-container\">\n\t\t\t\t\t<h2 class=\"elementor-heading-title elementor-size-default\">Entorno favorable para la inversi\u00f3n <\/h2>\t\t\t\t<\/div>\n\t\t\t\t<\/div>\n\t\t\t\t<div class=\"elementor-element elementor-element-6e1288d elementor-widget elementor-widget-text-editor\" data-id=\"6e1288d\" data-element_type=\"widget\" data-e-type=\"widget\" data-widget_type=\"text-editor.default\">\n\t\t\t\t<div class=\"elementor-widget-container\">\n\t\t\t\t\t\t\t\t\t<p><span class=\"TextRun SCXW59256289 BCX0\" lang=\"ES-CO\" xml:lang=\"ES-CO\" data-contrast=\"auto\"><span class=\"NormalTextRun SCXW59256289 BCX0\">Barranquilla y el Atl\u00e1ntico ofrecen un entorno din\u00e1mico y atractivo para inversionistas, respaldado por su crecimiento econ\u00f3mico sostenido, una infraestructura estrat\u00e9gica y un modelo de desarrollo basado en la articulaci\u00f3n p\u00fablico-privada.<\/span><\/span><\/p><p><strong><span class=\"TextRun SCXW72272292 BCX0\" lang=\"ES-CO\" xml:lang=\"ES-CO\" data-contrast=\"auto\"><span class=\"NormalTextRun SCXW72272292 BCX0\">Reconocimiento internacional en atracci\u00f3n de inversi\u00f3n<\/span><\/span><span class=\"EOP SCXW72272292 BCX0\" data-ccp-props=\"{&quot;201341983&quot;:0,&quot;335559740&quot;:279}\">\u00a0<\/span><\/strong><\/p><p><span data-contrast=\"auto\">Barranquilla se consolid\u00f3 como un referente en inversi\u00f3n extranjera directa (IED) en Latinoam\u00e9rica y el Caribe:<\/span><span data-ccp-props=\"{&quot;201341983&quot;:0,&quot;335559740&quot;:279}\">\u00a0<\/span><\/p><ul><li data-leveltext=\"\uf0b7\" data-font=\"Symbol\" data-listid=\"19\" data-list-defn-props=\"{&quot;335552541&quot;:1,&quot;335559685&quot;:720,&quot;335559991&quot;:360,&quot;469769226&quot;:&quot;Symbol&quot;,&quot;469769242&quot;:[8226],&quot;469777803&quot;:&quot;left&quot;,&quot;469777804&quot;:&quot;\uf0b7&quot;,&quot;469777815&quot;:&quot;multilevel&quot;}\" aria-setsize=\"-1\" data-aria-posinset=\"1\" data-aria-level=\"1\"><b><span data-contrast=\"auto\">3\u00aa ciudad con el crecimiento m\u00e1s r\u00e1pido en atracci\u00f3n de IED en Latinoam\u00e9rica y el Caribe<\/span><\/b><span data-contrast=\"auto\">.<\/span><span data-ccp-props=\"{&quot;201341983&quot;:0,&quot;335559740&quot;:279}\">\u00a0<\/span><\/li><\/ul><ul><li data-leveltext=\"\uf0b7\" data-font=\"Symbol\" data-listid=\"19\" data-list-defn-props=\"{&quot;335552541&quot;:1,&quot;335559685&quot;:720,&quot;335559991&quot;:360,&quot;469769226&quot;:&quot;Symbol&quot;,&quot;469769242&quot;:[8226],&quot;469777803&quot;:&quot;left&quot;,&quot;469777804&quot;:&quot;\uf0b7&quot;,&quot;469777815&quot;:&quot;multilevel&quot;}\" aria-setsize=\"-1\" data-aria-posinset=\"2\" data-aria-level=\"1\"><b><span data-contrast=\"auto\">27\u00aa a nivel mundial<\/span><\/b><span data-contrast=\"auto\">, seg\u00fan el ranking FDI Intelligence 2024, del Financial Times.<\/span><span data-ccp-props=\"{&quot;201341983&quot;:0,&quot;335559740&quot;:279}\">\u00a0<\/span><\/li><\/ul><p><span data-contrast=\"auto\">Este reconocimiento refleja el impacto de la gesti\u00f3n de <\/span><b><span data-contrast=\"auto\">ProBarranquilla<\/span><\/b><span data-contrast=\"auto\">, que ha promovido la ciudad como un destino competitivo y confiable para la inversi\u00f3n internacional.<\/span><span data-ccp-props=\"{&quot;201341983&quot;:0,&quot;335559740&quot;:279}\">\u00a0<\/span><\/p><p><span data-contrast=\"auto\">En <\/span><b><span data-contrast=\"auto\">2023<\/span><\/b><span data-contrast=\"auto\">, la atracci\u00f3n de inversi\u00f3n alcanz\u00f3 un <\/span><b><span data-contrast=\"auto\">r\u00e9cord hist\u00f3rico<\/span><\/b><span data-contrast=\"auto\">, con <\/span><b><span data-contrast=\"auto\">USD $602 millones<\/span><\/b><span data-contrast=\"auto\"> en inversi\u00f3n, <\/span><b><span data-contrast=\"auto\">un 130% m\u00e1s<\/span><\/b><span data-contrast=\"auto\"> que en 2022. Esto se tradujo en <\/span><b><span data-contrast=\"auto\">28 proyectos nuevos<\/span><\/b><span data-contrast=\"auto\"> y la generaci\u00f3n de <\/span><b><span data-contrast=\"auto\">2.234 empleos<\/span><\/b><span data-contrast=\"auto\"> en sectores estrat\u00e9gicos.<\/span><span data-ccp-props=\"{&quot;201341983&quot;:0,&quot;335559740&quot;:279}\">\u00a0<\/span><\/p><p><b><span data-contrast=\"auto\">Un entorno de negocios articulado y estrat\u00e9gico<\/span><\/b><span data-ccp-props=\"{&quot;201341983&quot;:0,&quot;335559740&quot;:279}\">\u00a0<\/span><\/p><p><span data-contrast=\"auto\">El \u00e9xito de Barranquilla en la atracci\u00f3n de inversi\u00f3n se debe a su modelo de <\/span><b><span data-contrast=\"auto\">articulaci\u00f3n p\u00fablico-privada<\/span><\/b><span data-contrast=\"auto\">, que impulsa el crecimiento empresarial y la generaci\u00f3n de empleo. La ciudad ofrece:<\/span><span data-ccp-props=\"{&quot;201341983&quot;:0,&quot;335559740&quot;:279}\">\u00a0<\/span><\/p><ul><li data-leveltext=\"\uf0b7\" data-font=\"Symbol\" data-listid=\"20\" data-list-defn-props=\"{&quot;335552541&quot;:1,&quot;335559685&quot;:720,&quot;335559991&quot;:360,&quot;469769226&quot;:&quot;Symbol&quot;,&quot;469769242&quot;:[8226],&quot;469777803&quot;:&quot;left&quot;,&quot;469777804&quot;:&quot;\uf0b7&quot;,&quot;469777815&quot;:&quot;multilevel&quot;}\" aria-setsize=\"-1\" data-aria-posinset=\"1\" data-aria-level=\"1\"><b><span data-contrast=\"auto\">Un ecosistema de negocios colaborativo<\/span><\/b><span data-contrast=\"auto\">, con el respaldo del sector p\u00fablico, privado y acad\u00e9mico.<\/span><span data-ccp-props=\"{&quot;201341983&quot;:0,&quot;335559740&quot;:279}\">\u00a0<\/span><\/li><\/ul><ul><li data-leveltext=\"\uf0b7\" data-font=\"Symbol\" data-listid=\"20\" data-list-defn-props=\"{&quot;335552541&quot;:1,&quot;335559685&quot;:720,&quot;335559991&quot;:360,&quot;469769226&quot;:&quot;Symbol&quot;,&quot;469769242&quot;:[8226],&quot;469777803&quot;:&quot;left&quot;,&quot;469777804&quot;:&quot;\uf0b7&quot;,&quot;469777815&quot;:&quot;multilevel&quot;}\" aria-setsize=\"-1\" data-aria-posinset=\"2\" data-aria-level=\"1\"><b><span data-contrast=\"auto\">Infraestructura estrat\u00e9gica<\/span><\/b><span data-contrast=\"auto\">, con conectividad portuaria, a\u00e9rea y vial de primer nivel.<\/span><span data-ccp-props=\"{&quot;201341983&quot;:0,&quot;335559740&quot;:279}\">\u00a0<\/span><\/li><\/ul><ul><li data-leveltext=\"\uf0b7\" data-font=\"Symbol\" data-listid=\"20\" data-list-defn-props=\"{&quot;335552541&quot;:1,&quot;335559685&quot;:720,&quot;335559991&quot;:360,&quot;469769226&quot;:&quot;Symbol&quot;,&quot;469769242&quot;:[8226],&quot;469777803&quot;:&quot;left&quot;,&quot;469777804&quot;:&quot;\uf0b7&quot;,&quot;469777815&quot;:&quot;multilevel&quot;}\" aria-setsize=\"-1\" data-aria-posinset=\"3\" data-aria-level=\"1\"><b><span data-contrast=\"auto\">Zonas de desarrollo empresarial<\/span><\/b><span data-contrast=\"auto\">, con incentivos y facilidades para la instalaci\u00f3n de compa\u00f1\u00edas.<\/span><span data-ccp-props=\"{&quot;201341983&quot;:0,&quot;335559740&quot;:279}\">\u00a0<\/span><\/li><\/ul><p><b><span data-contrast=\"auto\">Crecimiento econ\u00f3mico s\u00f3lido<\/span><\/b><span data-ccp-props=\"{&quot;201341983&quot;:0,&quot;335559740&quot;:279}\">\u00a0<\/span><\/p><ul><li data-leveltext=\"\uf0b7\" data-font=\"Symbol\" data-listid=\"21\" data-list-defn-props=\"{&quot;335552541&quot;:1,&quot;335559685&quot;:720,&quot;335559991&quot;:360,&quot;469769226&quot;:&quot;Symbol&quot;,&quot;469769242&quot;:[8226],&quot;469777803&quot;:&quot;left&quot;,&quot;469777804&quot;:&quot;\uf0b7&quot;,&quot;469777815&quot;:&quot;multilevel&quot;}\" aria-setsize=\"-1\" data-aria-posinset=\"1\" data-aria-level=\"1\"><span data-contrast=\"auto\">PIB del Atl\u00e1ntico en <\/span><b><span data-contrast=\"auto\">USD $16 mil millones (2023)<\/span><\/b><span data-contrast=\"auto\">, duplicando su tama\u00f1o en la \u00faltima d\u00e9cada.<\/span><span data-ccp-props=\"{&quot;201341983&quot;:0,&quot;335559740&quot;:279}\">\u00a0<\/span><\/li><\/ul><ul><li data-leveltext=\"\uf0b7\" data-font=\"Symbol\" data-listid=\"21\" data-list-defn-props=\"{&quot;335552541&quot;:1,&quot;335559685&quot;:720,&quot;335559991&quot;:360,&quot;469769226&quot;:&quot;Symbol&quot;,&quot;469769242&quot;:[8226],&quot;469777803&quot;:&quot;left&quot;,&quot;469777804&quot;:&quot;\uf0b7&quot;,&quot;469777815&quot;:&quot;multilevel&quot;}\" aria-setsize=\"-1\" data-aria-posinset=\"2\" data-aria-level=\"1\"><span data-contrast=\"auto\">Departamento con mayor crecimiento anual promedio durante los \u00faltimos 10 a\u00f1os del PIB con un <\/span><b><span data-contrast=\"auto\">3,6%.<\/span><\/b><span data-ccp-props=\"{&quot;201341983&quot;:0,&quot;335559740&quot;:279}\">\u00a0<\/span><\/li><\/ul><ul><li data-leveltext=\"\uf0b7\" data-font=\"Symbol\" data-listid=\"21\" data-list-defn-props=\"{&quot;335552541&quot;:1,&quot;335559685&quot;:720,&quot;335559991&quot;:360,&quot;469769226&quot;:&quot;Symbol&quot;,&quot;469769242&quot;:[8226],&quot;469777803&quot;:&quot;left&quot;,&quot;469777804&quot;:&quot;\uf0b7&quot;,&quot;469777815&quot;:&quot;multilevel&quot;}\" aria-setsize=\"-1\" data-aria-posinset=\"3\" data-aria-level=\"1\"><b><span data-contrast=\"auto\">6\u00aa econom\u00eda m\u00e1s grande de Colombia<\/span><\/b><span data-contrast=\"auto\"> y la <\/span><b><span data-contrast=\"auto\">l\u00edder en la regi\u00f3n Caribe<\/span><\/b><span data-contrast=\"auto\">.<\/span><span data-ccp-props=\"{&quot;201341983&quot;:0,&quot;335559740&quot;:279}\">\u00a0<\/span><\/li><\/ul><ul><li data-leveltext=\"\uf0b7\" data-font=\"Symbol\" data-listid=\"21\" data-list-defn-props=\"{&quot;335552541&quot;:1,&quot;335559685&quot;:720,&quot;335559991&quot;:360,&quot;469769226&quot;:&quot;Symbol&quot;,&quot;469769242&quot;:[8226],&quot;469777803&quot;:&quot;left&quot;,&quot;469777804&quot;:&quot;\uf0b7&quot;,&quot;469777815&quot;:&quot;multilevel&quot;}\" aria-setsize=\"-1\" data-aria-posinset=\"4\" data-aria-level=\"1\"><span data-contrast=\"auto\">Industria manufacturera con una participaci\u00f3n <\/span><b><span data-contrast=\"auto\">4 p.p. superior<\/span><\/b><span data-contrast=\"auto\"> al promedio nacional.<\/span><span data-ccp-props=\"{&quot;201341983&quot;:0,&quot;335559740&quot;:279}\">\u00a0<\/span><\/li><\/ul><p><b><span data-contrast=\"auto\">Potencial exportador<\/span><\/b><span data-ccp-props=\"{&quot;201341983&quot;:0,&quot;335559740&quot;:279}\">\u00a0<\/span><\/p><ul><li data-leveltext=\"\uf0b7\" data-font=\"Symbol\" data-listid=\"22\" data-list-defn-props=\"{&quot;335552541&quot;:1,&quot;335559685&quot;:720,&quot;335559991&quot;:360,&quot;469769226&quot;:&quot;Symbol&quot;,&quot;469769242&quot;:[8226],&quot;469777803&quot;:&quot;left&quot;,&quot;469777804&quot;:&quot;\uf0b7&quot;,&quot;469777815&quot;:&quot;multilevel&quot;}\" aria-setsize=\"-1\" data-aria-posinset=\"1\" data-aria-level=\"1\"><span data-contrast=\"auto\">Exportaciones duplicadas en los \u00faltimos 5 a\u00f1os, alcanzando <\/span><b><span data-contrast=\"auto\">USD $2.164 millones en 2024<\/span><\/b><span data-contrast=\"auto\">.<\/span><span data-ccp-props=\"{&quot;201341983&quot;:0,&quot;335559740&quot;:279}\">\u00a0<\/span><\/li><\/ul><ul><li data-leveltext=\"\uf0b7\" data-font=\"Symbol\" data-listid=\"22\" data-list-defn-props=\"{&quot;335552541&quot;:1,&quot;335559685&quot;:720,&quot;335559991&quot;:360,&quot;469769226&quot;:&quot;Symbol&quot;,&quot;469769242&quot;:[8226],&quot;469777803&quot;:&quot;left&quot;,&quot;469777804&quot;:&quot;\uf0b7&quot;,&quot;469777815&quot;:&quot;multilevel&quot;}\" aria-setsize=\"-1\" data-aria-posinset=\"2\" data-aria-level=\"1\"><b><span data-contrast=\"auto\">99% de las exportaciones son No-minero energ\u00e9ticas<\/span><\/b><span data-contrast=\"auto\">, con una fuerte participaci\u00f3n de la industria b\u00e1sica.<\/span><span data-ccp-props=\"{&quot;201341983&quot;:0,&quot;335559740&quot;:279}\">\u00a0<\/span><\/li><\/ul><ul><li data-leveltext=\"\uf0b7\" data-font=\"Symbol\" data-listid=\"22\" data-list-defn-props=\"{&quot;335552541&quot;:1,&quot;335559685&quot;:720,&quot;335559991&quot;:360,&quot;469769226&quot;:&quot;Symbol&quot;,&quot;469769242&quot;:[8226],&quot;469777803&quot;:&quot;left&quot;,&quot;469777804&quot;:&quot;\uf0b7&quot;,&quot;469777815&quot;:&quot;multilevel&quot;}\" aria-setsize=\"-1\" data-aria-posinset=\"3\" data-aria-level=\"1\"><span data-contrast=\"auto\">Importaciones de <\/span><b><span data-contrast=\"auto\">USD $2.921 millones en 2023<\/span><\/b><span data-contrast=\"auto\">, destac\u00e1ndose insumos para la producci\u00f3n.<\/span><span data-ccp-props=\"{&quot;201341983&quot;:0,&quot;335559740&quot;:279}\">\u00a0<\/span><\/li><\/ul><p><b><span data-contrast=\"auto\">Incentivos tributarios para inversionistas<\/span><\/b><span data-ccp-props=\"{&quot;201341983&quot;:0,&quot;335559740&quot;:279}\">\u00a0<\/span><\/p><p><span data-contrast=\"auto\">Barranquilla y otros municipios del Atl\u00e1ntico ofrecen incentivos fiscales para la instalaci\u00f3n y expansi\u00f3n de empresas:<\/span><span data-ccp-props=\"{&quot;201341983&quot;:0,&quot;335559740&quot;:279}\">\u00a0<\/span><\/p><ul><li data-leveltext=\"\uf0b7\" data-font=\"Symbol\" data-listid=\"23\" data-list-defn-props=\"{&quot;335552541&quot;:1,&quot;335559685&quot;:720,&quot;335559991&quot;:360,&quot;469769226&quot;:&quot;Symbol&quot;,&quot;469769242&quot;:[8226],&quot;469777803&quot;:&quot;left&quot;,&quot;469777804&quot;:&quot;\uf0b7&quot;,&quot;469777815&quot;:&quot;multilevel&quot;}\" aria-setsize=\"-1\" data-aria-posinset=\"1\" data-aria-level=\"1\"><b><span data-contrast=\"auto\">Exenciones de hasta el 100%<\/span><\/b><span data-contrast=\"auto\"> en impuestos de Industria y Comercio y Predial por <\/span><b><span data-contrast=\"auto\">hasta 10 a\u00f1os<\/span><\/b><span data-contrast=\"auto\"> en zonas estrat\u00e9gicas.<\/span><span data-ccp-props=\"{&quot;201341983&quot;:0,&quot;335559740&quot;:279}\">\u00a0<\/span><\/li><\/ul><ul><li data-leveltext=\"\uf0b7\" data-font=\"Symbol\" data-listid=\"23\" data-list-defn-props=\"{&quot;335552541&quot;:1,&quot;335559685&quot;:720,&quot;335559991&quot;:360,&quot;469769226&quot;:&quot;Symbol&quot;,&quot;469769242&quot;:[8226],&quot;469777803&quot;:&quot;left&quot;,&quot;469777804&quot;:&quot;\uf0b7&quot;,&quot;469777815&quot;:&quot;multilevel&quot;}\" aria-setsize=\"-1\" data-aria-posinset=\"2\" data-aria-level=\"1\"><span data-contrast=\"auto\">Beneficios en municipios clave como Barranquilla, Soledad, Malambo, Galapa, Palmar de Varela, Sitionuevo, con requisitos espec\u00edficos de empleo local y actividad econ\u00f3mica.<\/span><span data-ccp-props=\"{&quot;201341983&quot;:0,&quot;335559740&quot;:279}\">\u00a0<\/span><\/li><\/ul>\t\t\t\t\t\t\t\t<\/div>\n\t\t\t\t<\/div>\n\t\t\t\t\t<\/div>\n\t\t\t\t<\/div>\n\t\t<div data-particle_enable=\"false\" data-particle-mobile-disabled=\"false\" class=\"elementor-element elementor-element-0a1c21e e-flex e-con-boxed e-con e-child\" data-id=\"0a1c21e\" data-element_type=\"container\" data-e-type=\"container\">\n\t\t\t\t\t<div class=\"e-con-inner\">\n\t\t\t\t\t<\/div>\n\t\t\t\t<\/div>\n\t\t\t\t\t<\/div>\n\t\t\t\t<\/div>\n\t\t\t\t\t<\/div>\n\t\t\t\t<\/div>\n\t\t\t\t<\/div>\n\t\t","protected":false},"excerpt":{"rendered":"<p>Entorno favorable para la inversi\u00f3n Barranquilla y el Atl\u00e1ntico ofrecen un entorno din\u00e1mico y atractivo para inversionistas, respaldado por su crecimiento econ\u00f3mico sostenido, una infraestructura estrat\u00e9gica y un modelo de desarrollo basado en la articulaci\u00f3n p\u00fablico-privada.Reconocimiento internacional en atracci\u00f3n de [&hellip;]<\/p>\n","protected":false},"author":5,"featured_media":0,"parent":0,"menu_order":0,"comment_status":"closed","ping_status":"closed","template":"","meta":{"_tec_requires_first_save":true,"_EventAllDay":false,"_EventTimezone":"","_EventStartDate":"","_EventEndDate":"","_EventStartDateUTC":"","_EventEndDateUTC":"","_EventShowMap":false,"_EventShowMapLink":false,"_EventURL":"","_EventCost":"","_EventCostDescription":"","_EventCurrencySymbol":"","_EventCurrencyCode":"","_EventCurrencyPosition":"","_EventDateTimeSeparator":"","_EventTimeRangeSeparator":"","_EventOrganizerID":[],"_EventVenueID":[],"_OrganizerEmail":"","_OrganizerPhone":"","_OrganizerWebsite":"","_VenueAddress":"","_VenueCity":"","_VenueCountry":"","_VenueProvince":"","_VenueState":"","_VenueZip":"","_VenuePhone":"","_VenueURL":"","_VenueStateProvince":"","_VenueLat":"","_VenueLng":"","_VenueShowMap":false,"_VenueShowMapLink":false,"_tribe_blocks_recurrence_rules":"","_tribe_blocks_recurrence_description":"","_tribe_blocks_recurrence_exclusions":"","footnotes":""},"class_list":["post-18369","page","type-page","status-publish","hentry"],"acf":[],"yoast_head":"<!-- This site is optimized with the Yoast SEO plugin v27.3 - https:\/\/yoast.com\/product\/yoast-seo-wordpress\/ -->\n<title>Entorno favorable para la inversi\u00f3n\u00a0 | ProBarranquilla<\/title>\n<meta name=\"robots\" content=\"index, follow, max-snippet:-1, max-image-preview:large, max-video-preview:-1\" \/>\n<link rel=\"canonical\" href=\"https:\/\/probarranquilla.org\/en\/entorno-favorable-para-la-inversion\/\" \/>\n<meta property=\"og:locale\" content=\"en_US\" \/>\n<meta property=\"og:type\" content=\"article\" \/>\n<meta property=\"og:title\" content=\"Entorno favorable para la inversi\u00f3n\u00a0 | ProBarranquilla\" \/>\n<meta property=\"og:description\" content=\"Entorno favorable para la inversi\u00f3n Barranquilla y el Atl\u00e1ntico ofrecen un entorno din\u00e1mico y atractivo para inversionistas, respaldado por su crecimiento econ\u00f3mico sostenido, una infraestructura estrat\u00e9gica y un modelo de desarrollo basado en la articulaci\u00f3n p\u00fablico-privada.Reconocimiento internacional en atracci\u00f3n de [&hellip;]\" \/>\n<meta property=\"og:url\" content=\"https:\/\/probarranquilla.org\/en\/entorno-favorable-para-la-inversion\/\" \/>\n<meta property=\"og:site_name\" content=\"ProBarranquilla\" \/>\n<meta property=\"article:publisher\" content=\"https:\/\/www.facebook.com\/ProBarranquilla\/\" \/>\n<meta property=\"article:modified_time\" content=\"2025-03-13T20:49:03+00:00\" \/>\n<meta property=\"og:image\" content=\"https:\/\/probarranquilla.org\/wp-content\/uploads\/2022\/08\/redes-sociales-probaq-1.png\" \/>\n\t<meta property=\"og:image:width\" content=\"500\" \/>\n\t<meta property=\"og:image:height\" content=\"250\" \/>\n\t<meta property=\"og:image:type\" content=\"image\/png\" \/>\n<meta name=\"twitter:card\" content=\"summary_large_image\" \/>\n<meta name=\"twitter:site\" content=\"@ProBaq\" \/>\n<script type=\"application\/ld+json\" class=\"yoast-schema-graph\">{\"@context\":\"https:\\\/\\\/schema.org\",\"@graph\":[{\"@type\":\"WebPage\",\"@id\":\"https:\\\/\\\/probarranquilla.org\\\/entorno-favorable-para-la-inversion\\\/\",\"url\":\"https:\\\/\\\/probarranquilla.org\\\/entorno-favorable-para-la-inversion\\\/\",\"name\":\"Entorno favorable para la inversi\u00f3n\u00a0 | ProBarranquilla\",\"isPartOf\":{\"@id\":\"https:\\\/\\\/probarranquilla.org\\\/#website\"},\"datePublished\":\"2025-03-13T20:46:18+00:00\",\"dateModified\":\"2025-03-13T20:49:03+00:00\",\"breadcrumb\":{\"@id\":\"https:\\\/\\\/probarranquilla.org\\\/entorno-favorable-para-la-inversion\\\/#breadcrumb\"},\"inLanguage\":\"en-US\",\"potentialAction\":[{\"@type\":\"ReadAction\",\"target\":[\"https:\\\/\\\/probarranquilla.org\\\/entorno-favorable-para-la-inversion\\\/\"]}]},{\"@type\":\"BreadcrumbList\",\"@id\":\"https:\\\/\\\/probarranquilla.org\\\/entorno-favorable-para-la-inversion\\\/#breadcrumb\",\"itemListElement\":[{\"@type\":\"ListItem\",\"position\":1,\"name\":\"Inicio\",\"item\":\"https:\\\/\\\/probarranquilla.org\\\/\"},{\"@type\":\"ListItem\",\"position\":2,\"name\":\"Entorno favorable para la inversi\u00f3n\u00a0\"}]},{\"@type\":\"WebSite\",\"@id\":\"https:\\\/\\\/probarranquilla.org\\\/#website\",\"url\":\"https:\\\/\\\/probarranquilla.org\\\/\",\"name\":\"ProBarranquilla\",\"description\":\"ProBarranquilla\",\"publisher\":{\"@id\":\"https:\\\/\\\/probarranquilla.org\\\/#organization\"},\"potentialAction\":[{\"@type\":\"SearchAction\",\"target\":{\"@type\":\"EntryPoint\",\"urlTemplate\":\"https:\\\/\\\/probarranquilla.org\\\/?s={search_term_string}\"},\"query-input\":{\"@type\":\"PropertyValueSpecification\",\"valueRequired\":true,\"valueName\":\"search_term_string\"}}],\"inLanguage\":\"en-US\"},{\"@type\":\"Organization\",\"@id\":\"https:\\\/\\\/probarranquilla.org\\\/#organization\",\"name\":\"ProBarranquilla\",\"url\":\"https:\\\/\\\/probarranquilla.org\\\/\",\"logo\":{\"@type\":\"ImageObject\",\"inLanguage\":\"en-US\",\"@id\":\"https:\\\/\\\/probarranquilla.org\\\/#\\\/schema\\\/logo\\\/image\\\/\",\"url\":\"https:\\\/\\\/9pcc8a.p3cdn1.secureserver.net\\\/wp-content\\\/uploads\\\/2022\\\/08\\\/redes-sociales-probaq-1.png?time=1669419395\",\"contentUrl\":\"https:\\\/\\\/9pcc8a.p3cdn1.secureserver.net\\\/wp-content\\\/uploads\\\/2022\\\/08\\\/redes-sociales-probaq-1.png?time=1669419395\",\"width\":500,\"height\":250,\"caption\":\"ProBarranquilla\"},\"image\":{\"@id\":\"https:\\\/\\\/probarranquilla.org\\\/#\\\/schema\\\/logo\\\/image\\\/\"},\"sameAs\":[\"https:\\\/\\\/www.facebook.com\\\/ProBarranquilla\\\/\",\"https:\\\/\\\/x.com\\\/ProBaq\"]}]}<\/script>\n<!-- \/ Yoast SEO plugin. -->","yoast_head_json":{"title":"Entorno favorable para la inversi\u00f3n\u00a0 | ProBarranquilla","robots":{"index":"index","follow":"follow","max-snippet":"max-snippet:-1","max-image-preview":"max-image-preview:large","max-video-preview":"max-video-preview:-1"},"canonical":"https:\/\/probarranquilla.org\/en\/entorno-favorable-para-la-inversion\/","og_locale":"en_US","og_type":"article","og_title":"Entorno favorable para la inversi\u00f3n\u00a0 | ProBarranquilla","og_description":"Entorno favorable para la inversi\u00f3n Barranquilla y el Atl\u00e1ntico ofrecen un entorno din\u00e1mico y atractivo para inversionistas, respaldado por su crecimiento econ\u00f3mico sostenido, una infraestructura estrat\u00e9gica y un modelo de desarrollo basado en la articulaci\u00f3n p\u00fablico-privada.Reconocimiento internacional en atracci\u00f3n de [&hellip;]","og_url":"https:\/\/probarranquilla.org\/en\/entorno-favorable-para-la-inversion\/","og_site_name":"ProBarranquilla","article_publisher":"https:\/\/www.facebook.com\/ProBarranquilla\/","article_modified_time":"2025-03-13T20:49:03+00:00","og_image":[{"width":500,"height":250,"url":"https:\/\/probarranquilla.org\/wp-content\/uploads\/2022\/08\/redes-sociales-probaq-1.png","type":"image\/png"}],"twitter_card":"summary_large_image","twitter_site":"@ProBaq","schema":{"@context":"https:\/\/schema.org","@graph":[{"@type":"WebPage","@id":"https:\/\/probarranquilla.org\/entorno-favorable-para-la-inversion\/","url":"https:\/\/probarranquilla.org\/entorno-favorable-para-la-inversion\/","name":"Entorno favorable para la inversi\u00f3n\u00a0 | ProBarranquilla","isPartOf":{"@id":"https:\/\/probarranquilla.org\/#website"},"datePublished":"2025-03-13T20:46:18+00:00","dateModified":"2025-03-13T20:49:03+00:00","breadcrumb":{"@id":"https:\/\/probarranquilla.org\/entorno-favorable-para-la-inversion\/#breadcrumb"},"inLanguage":"en-US","potentialAction":[{"@type":"ReadAction","target":["https:\/\/probarranquilla.org\/entorno-favorable-para-la-inversion\/"]}]},{"@type":"BreadcrumbList","@id":"https:\/\/probarranquilla.org\/entorno-favorable-para-la-inversion\/#breadcrumb","itemListElement":[{"@type":"ListItem","position":1,"name":"Inicio","item":"https:\/\/probarranquilla.org\/"},{"@type":"ListItem","position":2,"name":"Entorno favorable para la inversi\u00f3n\u00a0"}]},{"@type":"WebSite","@id":"https:\/\/probarranquilla.org\/#website","url":"https:\/\/probarranquilla.org\/","name":"ProBarranquilla","description":"ProBarranquilla","publisher":{"@id":"https:\/\/probarranquilla.org\/#organization"},"potentialAction":[{"@type":"SearchAction","target":{"@type":"EntryPoint","urlTemplate":"https:\/\/probarranquilla.org\/?s={search_term_string}"},"query-input":{"@type":"PropertyValueSpecification","valueRequired":true,"valueName":"search_term_string"}}],"inLanguage":"en-US"},{"@type":"Organization","@id":"https:\/\/probarranquilla.org\/#organization","name":"ProBarranquilla","url":"https:\/\/probarranquilla.org\/","logo":{"@type":"ImageObject","inLanguage":"en-US","@id":"https:\/\/probarranquilla.org\/#\/schema\/logo\/image\/","url":"https:\/\/9pcc8a.p3cdn1.secureserver.net\/wp-content\/uploads\/2022\/08\/redes-sociales-probaq-1.png?time=1669419395","contentUrl":"https:\/\/9pcc8a.p3cdn1.secureserver.net\/wp-content\/uploads\/2022\/08\/redes-sociales-probaq-1.png?time=1669419395","width":500,"height":250,"caption":"ProBarranquilla"},"image":{"@id":"https:\/\/probarranquilla.org\/#\/schema\/logo\/image\/"},"sameAs":["https:\/\/www.facebook.com\/ProBarranquilla\/","https:\/\/x.com\/ProBaq"]}]}},"_links":{"self":[{"href":"https:\/\/probarranquilla.org\/en\/wp-json\/wp\/v2\/pages\/18369","targetHints":{"allow":["GET"]}}],"collection":[{"href":"https:\/\/probarranquilla.org\/en\/wp-json\/wp\/v2\/pages"}],"about":[{"href":"https:\/\/probarranquilla.org\/en\/wp-json\/wp\/v2\/types\/page"}],"author":[{"embeddable":true,"href":"https:\/\/probarranquilla.org\/en\/wp-json\/wp\/v2\/users\/5"}],"replies":[{"embeddable":true,"href":"https:\/\/probarranquilla.org\/en\/wp-json\/wp\/v2\/comments?post=18369"}],"version-history":[{"count":7,"href":"https:\/\/probarranquilla.org\/en\/wp-json\/wp\/v2\/pages\/18369\/revisions"}],"predecessor-version":[{"id":18376,"href":"https:\/\/probarranquilla.org\/en\/wp-json\/wp\/v2\/pages\/18369\/revisions\/18376"}],"wp:attachment":[{"href":"https:\/\/probarranquilla.org\/en\/wp-json\/wp\/v2\/media?parent=18369"}],"curies":[{"name":"wp","href":"https:\/\/api.w.org\/{rel}","templated":true}]}}